{"id":11690,"date":"2018-11-24T13:35:46","date_gmt":"2021-11-19T14:44:23","guid":{"rendered":"https:\/\/www.rehafit.ch\/produkt\/siege-de-bain-pivotant-bes-120\/"},"modified":"2024-10-27T07:48:03","modified_gmt":"2024-10-27T07:48:03","slug":"siege-de-bain-pivotant-bes-120","status":"publish","type":"product","link":"https:\/\/www.rehafit.ch\/fr\/Produit\/siege-de-bain-pivotant-bes-120\/","title":{"rendered":"Si\u00e8ge de bain pivotant BES 120"},"content":{"rendered":"<p>Facilite et s\u00e9curise les entr\u00e9es et les sorties<br \/>\nPour 360 \u00b0 confortable en quatre \u00e9tapes rotatives<br \/>\nVerrouillage automatique sur 90 \u00b0<br \/>\nConvient \u00e0 toutes les baignoires standard<br \/>\nFixation par vis de r\u00e9glage avec embouts<br \/>\nSi\u00e8ge antid\u00e9rapant confortable avec d\u00e9coupe hygi\u00e9nique<br \/>\nSupport avec gaine en plastique antid\u00e9rapante<br \/>\nCadre en aluminium enduit de poudre<br \/>\nFacile \u00e0 nettoyer<\/p>\n<p>Rev\u00eatement amical pour la peau<\/p>\n<p>&nbsp;<\/p>\n<ul>\n<li>Longueur: 38.5cm<\/li>\n<li>Largeur max.: 74cm<\/li>\n<li>Largeur min.: 79cm<\/li>\n<li>Hauteur: 59cm<\/li>\n<li>Profondeur: 47cm<\/li>\n<li>Profondeur d&rsquo;assise: 40cm<\/li>\n<li>Largeur d&rsquo;assise: 41cm<\/li>\n<li>Hauteur du dossier max. 46cm<\/li>\n<li>R\u00e9glage (largeur \u00e0 l&rsquo;int\u00e9rieur) max.: 51cm<\/li>\n<li>R\u00e9glage (largeur \u00e0 l&rsquo;int\u00e9rieur) max.: 65cm<\/li>\n<li>Poids: 4.3kg<\/li>\n<li>Capacit\u00e9 de charge de 120kg<\/li>\n<\/ul>\n","protected":false},"excerpt":{"rendered":"<h2><img loading=\"lazy\" decoding=\"async\" class=\"alignnone wp-image-218\" src=\"https:\/\/www.rehafit.ch\/wp-content\/uploads\/2016\/12\/drive_logo.jpg\" alt=\"drive_logo\" width=\"116\" height=\"40\"><\/h2>\n<p><span class=\"text_allg\">DRIVE MEDICAL, bas\u00e9 \u00e0 Isny \/Allg\u00e4u, est l&rsquo;un des principaux fabricants et fournisseurs d&rsquo;accessoires de haute qualit\u00e9 pour la salle de bain, la douche et les toilettes. <\/span><\/p>\n","protected":false},"featured_media":1153,"comment_status":"open","ping_status":"closed","template":"","meta":{"kt_blocks_editor_width":""},"product_brand":[],"product_cat":[128],"product_tag":[],"class_list":{"0":"post-11690","1":"product","2":"type-product","3":"status-publish","4":"has-post-thumbnail","6":"product_cat-siege-pivotant","8":"first","9":"instock","10":"taxable","11":"shipping-taxable","12":"purchasable","13":"product-type-simple"},"aioseo_notices":[],"_links":{"self":[{"href":"https:\/\/www.rehafit.ch\/fr\/wp-json\/wp\/v2\/product\/11690","targetHints":{"allow":["GET"]}}],"collection":[{"href":"https:\/\/www.rehafit.ch\/fr\/wp-json\/wp\/v2\/product"}],"about":[{"href":"https:\/\/www.rehafit.ch\/fr\/wp-json\/wp\/v2\/types\/product"}],"replies":[{"embeddable":true,"href":"https:\/\/www.rehafit.ch\/fr\/wp-json\/wp\/v2\/comments?post=11690"}],"wp:featuredmedia":[{"embeddable":true,"href":"https:\/\/www.rehafit.ch\/fr\/wp-json\/wp\/v2\/media\/1153"}],"wp:attachment":[{"href":"https:\/\/www.rehafit.ch\/fr\/wp-json\/wp\/v2\/media?parent=11690"}],"wp:term":[{"taxonomy":"product_brand","embeddable":true,"href":"https:\/\/www.rehafit.ch\/fr\/wp-json\/wp\/v2\/product_brand?post=11690"},{"taxonomy":"product_cat","embeddable":true,"href":"https:\/\/www.rehafit.ch\/fr\/wp-json\/wp\/v2\/product_cat?post=11690"},{"taxonomy":"product_tag","embeddable":true,"href":"https:\/\/www.rehafit.ch\/fr\/wp-json\/wp\/v2\/product_tag?post=11690"}],"curies":[{"name":"wp","href":"https:\/\/api.w.org\/{rel}","templated":true}]}}