{"id":11683,"date":"2018-11-24T14:12:27","date_gmt":"2021-11-19T14:37:44","guid":{"rendered":"https:\/\/www.rehafit.ch\/produkt\/pince-classic-max\/"},"modified":"2021-11-19T14:37:44","modified_gmt":"2021-11-19T14:37:44","slug":"pince-classic-max","status":"publish","type":"product","link":"https:\/\/www.rehafit.ch\/fr\/Produit\/pince-classic-max\/","title":{"rendered":"Pince CLASSIC \u00ab\u00a0Max\u00a0\u00bb"},"content":{"rendered":"<p>Vivre avec l&rsquo;arthrite rend la vie quotidienne difficile \u00e0 vivre. Cela affecte votre mobilit\u00e9 et votre ind\u00e9pendance. Les pinces Classic Max vous offrent plus de contr\u00f4le et de libert\u00e9. Cela rend les t\u00e2ches m\u00e9nag\u00e8res simples et quotidiennes un peu plus faciles.<\/p>\n<p>La pince \u00e0 pr\u00e9hension Classic Max a \u00e9t\u00e9 test\u00e9e par notre communaut\u00e9 de personnes souffrant d&rsquo;arthrite, d&rsquo;experts et de professionnels de la sant\u00e9 et ne ressemble donc \u00e0 aucune autre pince \u00e0 pr\u00e9hension :<\/p>\n<ul>\n<li>Il repose merveilleusement confortablement dans la main et poss\u00e8de une poign\u00e9e en gel unique. Une prise confortable pour un enfilage sans frustration.<\/li>\n<li>Il aide \u00e0 r\u00e9duire le tremblement des mains, un sympt\u00f4me courant de la maladie de Parkinson.<\/li>\n<li>Avec les pinces Classic Max, vous pouvez ramasser et tenir un verre d&rsquo;eau en toute confiance.<\/li>\n<li>Utilisez l&rsquo;aimant pratique \u00e0 l&rsquo;extr\u00e9mit\u00e9 pour saisir de petits objets m\u00e9talliques comme des piles pour appareils auditifs, des \u00e9pingles de s\u00fbret\u00e9 ou des pinces \u00e0 cheveux.<\/li>\n<li>N&rsquo;oubliez pas le clip de b\u00e2ton tr\u00e8s utile. Attachez votre bras de pr\u00e9hension Classic Max \u00e0 un endroit pratique tel qu&rsquo;une chaise ou un pied de table sans avoir \u00e0 vous baisser.<\/li>\n<\/ul>\n<p><strong>Sp\u00e9cifications techniques:<\/strong><\/p>\n<ul>\n<li>Longueur du manche : 10 cm<\/li>\n<li>Ouverture de pr\u00e9hension : ~ 7cm (variable)<\/li>\n<li>Poids: 185g<\/li>\n<li>Couleur jaune<\/li>\n<\/ul>\n<p><strong>Clip:<\/strong><\/p>\n<p><img loading=\"lazy\" decoding=\"async\" class=\"alignnone wp-image-10484 size-thumbnail\" src=\"https:\/\/www.rehafit.ch\/wp-content\/uploads\/2021\/08\/Klammern-1-150x150.jpg\" alt=\"\" width=\"150\" height=\"150\" srcset=\"https:\/\/www.rehafit.ch\/wp-content\/uploads\/2021\/08\/Klammern-1-150x150.jpg 150w, https:\/\/www.rehafit.ch\/wp-content\/uploads\/2021\/08\/Klammern-1-300x300.jpg 300w, https:\/\/www.rehafit.ch\/wp-content\/uploads\/2021\/08\/Klammern-1-456x456.jpg 456w, https:\/\/www.rehafit.ch\/wp-content\/uploads\/2021\/08\/Klammern-1-100x100.jpg 100w, https:\/\/www.rehafit.ch\/wp-content\/uploads\/2021\/08\/Klammern-1-407x407.jpg 407w, https:\/\/www.rehafit.ch\/wp-content\/uploads\/2021\/08\/Klammern-1-600x600.jpg 600w, https:\/\/www.rehafit.ch\/wp-content\/uploads\/2021\/08\/Klammern-1-480x480.jpg 480w, https:\/\/www.rehafit.ch\/wp-content\/uploads\/2021\/08\/Klammern-1-240x240.jpg 240w\" sizes=\"auto, (max-width: 150px) 100vw, 150px\" \/><\/p>\n<p>&nbsp;<\/p>\n","protected":false},"excerpt":{"rendered":"<p><img loading=\"lazy\" decoding=\"async\" class=\"alignnone wp-image-168\" src=\"https:\/\/www.rehafit.ch\/wp-content\/uploads\/2016\/12\/hh_logo.jpg\" alt=\"hh_logo\" width=\"61\" height=\"66\"><\/p>\n<p>Sp\u00e9cialis\u00e9 dans les produits de soins \u00e0 domicile qui vous aideront \u00e0 maintenir votre ind\u00e9pendance et votre dignit\u00e9. D&rsquo;excellents produits pour la maison qui vous donnent la confiance n\u00e9cessaire pour rendre chaque jour plus agr\u00e9able. Bref, l&rsquo;aide dont vous avez besoin pour vous faciliter la vie, quand vous en avez le plus besoin.<\/p>\n<p>Helping Hand a d\u00e9velopp\u00e9 une gamme de produits fiables et de haute qualit\u00e9, con\u00e7us pour r\u00e9duire les efforts et la frustration.<\/p>\n<p>Vous vous occupez d&rsquo;un parent, d&rsquo;un ami ou d&rsquo;un voisin ? Pas seulement pour les personnes \u00e2g\u00e9es ou handicap\u00e9es. Se remettre d&rsquo;une chute, d&rsquo;une intervention chirurgicale ou vivre avec une maladie de longue dur\u00e9e. Par exemple, l&rsquo;arthrite, les accidents vasculaires c\u00e9r\u00e9braux ou la maladie de Parkinson.<\/p>\n","protected":false},"featured_media":1158,"comment_status":"open","ping_status":"closed","template":"","meta":{"kt_blocks_editor_width":""},"product_brand":[],"product_cat":[117,122],"product_tag":[],"class_list":{"0":"post-11683","1":"product","2":"type-product","3":"status-publish","4":"has-post-thumbnail","6":"product_cat-aides-quotidiennes","7":"product_cat-pince","9":"first","10":"instock","11":"taxable","12":"shipping-taxable","13":"purchasable","14":"product-type-variable"},"aioseo_notices":[],"_links":{"self":[{"href":"https:\/\/www.rehafit.ch\/fr\/wp-json\/wp\/v2\/product\/11683","targetHints":{"allow":["GET"]}}],"collection":[{"href":"https:\/\/www.rehafit.ch\/fr\/wp-json\/wp\/v2\/product"}],"about":[{"href":"https:\/\/www.rehafit.ch\/fr\/wp-json\/wp\/v2\/types\/product"}],"replies":[{"embeddable":true,"href":"https:\/\/www.rehafit.ch\/fr\/wp-json\/wp\/v2\/comments?post=11683"}],"wp:featuredmedia":[{"embeddable":true,"href":"https:\/\/www.rehafit.ch\/fr\/wp-json\/wp\/v2\/media\/1158"}],"wp:attachment":[{"href":"https:\/\/www.rehafit.ch\/fr\/wp-json\/wp\/v2\/media?parent=11683"}],"wp:term":[{"taxonomy":"product_brand","embeddable":true,"href":"https:\/\/www.rehafit.ch\/fr\/wp-json\/wp\/v2\/product_brand?post=11683"},{"taxonomy":"product_cat","embeddable":true,"href":"https:\/\/www.rehafit.ch\/fr\/wp-json\/wp\/v2\/product_cat?post=11683"},{"taxonomy":"product_tag","embeddable":true,"href":"https:\/\/www.rehafit.ch\/fr\/wp-json\/wp\/v2\/product_tag?post=11683"}],"curies":[{"name":"wp","href":"https:\/\/api.w.org\/{rel}","templated":true}]}}