{"id":11666,"date":"2018-11-25T18:25:32","date_gmt":"2021-11-19T10:45:47","guid":{"rendered":"https:\/\/www.rehafit.ch\/produkt\/enfile-chausette-soxon\/"},"modified":"2021-11-19T10:45:47","modified_gmt":"2021-11-19T10:45:47","slug":"enfile-chausettes-soxon","status":"publish","type":"product","link":"https:\/\/www.rehafit.ch\/fr\/Produit\/enfile-chausettes-soxon\/","title":{"rendered":"Enfile chausette SOXON"},"content":{"rendered":"<p>L&rsquo;enfile chausette Soxon est facile \u00e0 utiliser et ouvre la chaussette, ce qui permet d&rsquo;y glisser facilement le pied. Ensuite, la chaussette peut \u00eatre remont\u00e9e sur la jambe \u00e0 l&rsquo;aide des longues sangles. Le Soxon est ensuite retir\u00e9 et la chaussette reste en place. Facile et sans frustration !<\/p>\n<p>Id\u00e9al si vous avez du mal \u00e0 vous \u00e9tirer, vous pencher et vous pencher en vous habillant et en vous d\u00e9shabillant. Id\u00e9al pour toutes les personnes qui se remettent d&rsquo;une chirurgie de la hanche ou du genou, qui sont enceintes, qui souffrent de maux de dos ou de mouvements restreints.<\/p>\n<p>Si d&rsquo;autres aides \u00e0 l&rsquo;habillage ne fonctionnent tout simplement pas, alors vous adorerez notre tire-bas le plus vendu &#8211; le Soxon !<\/p>\n<p>Qu&rsquo;est-ce que tu devrais savoir d&rsquo;autre?<\/p>\n<ul>\n<li>Doux pour les peaux fines ou sensibles &#8211; un mat\u00e9riau luxueux, doux et hypoallerg\u00e9nique \u00e0 l&rsquo;ext\u00e9rieur, un tissu \u00e9ponge \u00e0 l&rsquo;int\u00e9rieur qui absorbe l&rsquo;exc\u00e8s d&rsquo;humidit\u00e9 que nos pieds ont parfois.<br \/>\nLes dragonnes le rendent id\u00e9al pour un serrage \u00e0 une main.<\/li>\n<li>R\u00eanes extra longues faciles \u00e0 utiliser en position assise ou couch\u00e9e. Cela r\u00e9duira le besoin de se pencher au niveau de la hanche ou du genou.<\/li>\n<li>Le Soxon \u00e9pouse la forme du pied pour qu&rsquo;il soit facile \u00e0 enfiler. Il convient \u00e0 tous les types de chaussettes de tous les jours, mais pas aux bas de contention ou TED.<\/li>\n<li>Si vous ne savez pas comment utiliser le Soxon, vous trouverez une vid\u00e9o avec des instructions \u00e9tape par \u00e9tape sous la rubrique Vid\u00e9o \u00ab\u00a0.<\/li>\n<\/ul>\n<p>&nbsp;<\/p>\n<p>&nbsp;<\/p>\n<p>&nbsp;<\/p>\n","protected":false},"excerpt":{"rendered":"<p><img loading=\"lazy\" decoding=\"async\" class=\"alignnone wp-image-168\" src=\"https:\/\/www.rehafit.ch\/wp-content\/uploads\/2016\/12\/hh_logo.jpg\" alt=\"hh_logo\" width=\"61\" height=\"66\"><\/p>\n<p>Sp\u00e9cialis\u00e9 dans les produits de soins \u00e0 domicile qui vous aideront \u00e0 maintenir votre ind\u00e9pendance et votre dignit\u00e9. D&rsquo;excellents produits pour la maison qui vous donnent la confiance n\u00e9cessaire pour rendre chaque jour plus agr\u00e9able. Bref, l&rsquo;aide dont vous avez besoin pour vous faciliter la vie, quand vous en avez le plus besoin.<\/p>\n<p>Helping Hand a d\u00e9velopp\u00e9 une gamme de produits fiables et de haute qualit\u00e9, con\u00e7us pour r\u00e9duire les efforts et la frustration.<\/p>\n<p>Vous vous occupez d&rsquo;un parent, d&rsquo;un ami ou d&rsquo;un voisin ? Pas seulement pour les personnes \u00e2g\u00e9es ou handicap\u00e9es. Se remettre d&rsquo;une chute, d&rsquo;une intervention chirurgicale ou vivre avec une maladie de longue dur\u00e9e. Par exemple, l&rsquo;arthrite, les accidents vasculaires c\u00e9r\u00e9braux ou la maladie de Parkinson.<\/p>\n","protected":false},"featured_media":1217,"comment_status":"open","ping_status":"closed","template":"","meta":{"kt_blocks_editor_width":""},"product_brand":[],"product_cat":[117,124],"product_tag":[],"class_list":{"0":"post-11666","1":"product","2":"type-product","3":"status-publish","4":"has-post-thumbnail","6":"product_cat-aides-quotidiennes","7":"product_cat-enfile-chausettes","9":"first","10":"instock","11":"taxable","12":"shipping-taxable","13":"purchasable","14":"product-type-simple"},"aioseo_notices":[],"_links":{"self":[{"href":"https:\/\/www.rehafit.ch\/fr\/wp-json\/wp\/v2\/product\/11666","targetHints":{"allow":["GET"]}}],"collection":[{"href":"https:\/\/www.rehafit.ch\/fr\/wp-json\/wp\/v2\/product"}],"about":[{"href":"https:\/\/www.rehafit.ch\/fr\/wp-json\/wp\/v2\/types\/product"}],"replies":[{"embeddable":true,"href":"https:\/\/www.rehafit.ch\/fr\/wp-json\/wp\/v2\/comments?post=11666"}],"wp:featuredmedia":[{"embeddable":true,"href":"https:\/\/www.rehafit.ch\/fr\/wp-json\/wp\/v2\/media\/1217"}],"wp:attachment":[{"href":"https:\/\/www.rehafit.ch\/fr\/wp-json\/wp\/v2\/media?parent=11666"}],"wp:term":[{"taxonomy":"product_brand","embeddable":true,"href":"https:\/\/www.rehafit.ch\/fr\/wp-json\/wp\/v2\/product_brand?post=11666"},{"taxonomy":"product_cat","embeddable":true,"href":"https:\/\/www.rehafit.ch\/fr\/wp-json\/wp\/v2\/product_cat?post=11666"},{"taxonomy":"product_tag","embeddable":true,"href":"https:\/\/www.rehafit.ch\/fr\/wp-json\/wp\/v2\/product_tag?post=11666"}],"curies":[{"name":"wp","href":"https:\/\/api.w.org\/{rel}","templated":true}]}}