{"id":11661,"date":"2018-11-25T18:56:50","date_gmt":"2021-11-19T10:40:13","guid":{"rendered":"https:\/\/www.rehafit.ch\/produkt\/rehausseur-de-toilette-unifix\/"},"modified":"2021-11-19T10:40:13","modified_gmt":"2021-11-19T10:40:13","slug":"rehausseur-unifix","status":"publish","type":"product","link":"https:\/\/www.rehafit.ch\/fr\/Produit\/rehausseur-unifix\/","title":{"rendered":"Rehausseur de toilette UNIFIX"},"content":{"rendered":"<p>Si la descente est troublante et que la remont\u00e9e est difficile, alors un Unifix pourrait \u00eatre la solution.<\/p>\n<p><strong>Sp\u00e9cifications techniques:<\/strong><\/p>\n<ul>\n<li>le rehausseur est serr\u00e9 avec la vis arri\u00e8re<\/li>\n<li>lors du montage sur les toilettes, l&rsquo;augmentation est de 7,5 cm et lors du montage sur<br \/>\nla lunette de toilette 10 cm<\/li>\n<li>capacit\u00e9 de charge 200kg<\/li>\n<\/ul>\n<p>&nbsp;<\/p>\n","protected":false},"excerpt":{"rendered":"<p><img loading=\"lazy\" decoding=\"async\" class=\"alignnone wp-image-168\" src=\"https:\/\/www.rehafit.ch\/wp-content\/uploads\/2016\/12\/hh_logo.jpg\" alt=\"hh_logo\" width=\"61\" height=\"66\"><\/p>\n<p>Sp\u00e9cialis\u00e9 dans les produits de soins \u00e0 domicile qui vous aideront \u00e0 maintenir votre ind\u00e9pendance et votre dignit\u00e9. D&rsquo;excellents produits pour la maison qui vous donnent la confiance n\u00e9cessaire pour rendre chaque jour plus agr\u00e9able. Bref, l&rsquo;aide dont vous avez besoin pour vous faciliter la vie, quand vous en avez le plus besoin.<\/p>\n<p>Helping Hand a d\u00e9velopp\u00e9 une gamme de produits fiables et de haute qualit\u00e9, con\u00e7us pour r\u00e9duire les efforts et la frustration.<\/p>\n<p>Vous vous occupez d&rsquo;un parent, d&rsquo;un ami ou d&rsquo;un voisin ? Pas seulement pour les personnes \u00e2g\u00e9es ou handicap\u00e9es. Se remettre d&rsquo;une chute, d&rsquo;une intervention chirurgicale ou vivre avec une maladie de longue dur\u00e9e. Par exemple, l&rsquo;arthrite, les accidents vasculaires c\u00e9r\u00e9braux ou la maladie de Parkinson.<\/p>\n","protected":false},"featured_media":1223,"comment_status":"open","ping_status":"closed","template":"","meta":{"kt_blocks_editor_width":""},"product_brand":[],"product_cat":[153],"product_tag":[],"class_list":{"0":"post-11661","1":"product","2":"type-product","3":"status-publish","4":"has-post-thumbnail","6":"product_cat-siege-de-toilette-sureleve","8":"first","9":"instock","10":"taxable","11":"shipping-taxable","12":"purchasable","13":"product-type-simple"},"aioseo_notices":[],"_links":{"self":[{"href":"https:\/\/www.rehafit.ch\/fr\/wp-json\/wp\/v2\/product\/11661","targetHints":{"allow":["GET"]}}],"collection":[{"href":"https:\/\/www.rehafit.ch\/fr\/wp-json\/wp\/v2\/product"}],"about":[{"href":"https:\/\/www.rehafit.ch\/fr\/wp-json\/wp\/v2\/types\/product"}],"replies":[{"embeddable":true,"href":"https:\/\/www.rehafit.ch\/fr\/wp-json\/wp\/v2\/comments?post=11661"}],"wp:featuredmedia":[{"embeddable":true,"href":"https:\/\/www.rehafit.ch\/fr\/wp-json\/wp\/v2\/media\/1223"}],"wp:attachment":[{"href":"https:\/\/www.rehafit.ch\/fr\/wp-json\/wp\/v2\/media?parent=11661"}],"wp:term":[{"taxonomy":"product_brand","embeddable":true,"href":"https:\/\/www.rehafit.ch\/fr\/wp-json\/wp\/v2\/product_brand?post=11661"},{"taxonomy":"product_cat","embeddable":true,"href":"https:\/\/www.rehafit.ch\/fr\/wp-json\/wp\/v2\/product_cat?post=11661"},{"taxonomy":"product_tag","embeddable":true,"href":"https:\/\/www.rehafit.ch\/fr\/wp-json\/wp\/v2\/product_tag?post=11661"}],"curies":[{"name":"wp","href":"https:\/\/api.w.org\/{rel}","templated":true}]}}