{"id":11654,"date":"2018-11-25T19:23:40","date_gmt":"2021-11-19T10:33:09","guid":{"rendered":"https:\/\/www.rehafit.ch\/produkt\/enfile-chausette-foxy\/"},"modified":"2021-11-19T10:33:09","modified_gmt":"2021-11-19T10:33:09","slug":"bas-renard","status":"publish","type":"product","link":"https:\/\/www.rehafit.ch\/fr\/Produit\/bas-renard\/","title":{"rendered":"Enfile chausette Foxy"},"content":{"rendered":"<p>S&rsquo;habiller tous les jours peut \u00eatre l&rsquo;un de ces d\u00e9fis, surtout lorsque vous essayez de mettre des chaussettes. Si vous ou un de vos proches avez du mal \u00e0 vous habiller au quotidien ou si vous avez compl\u00e8tement renonc\u00e9 \u00e0 porter des chaussettes, une chaussette flexible et une aide au bas pourraient \u00eatre la solution pour mettre fin \u00e0 cette frustration quotidienne.<\/p>\n<p>L&rsquo;aide \u00e0 l&rsquo;enfilage simple et peu co\u00fbteuse Foxy est un outil utile pour mettre des chaussettes ou des bas, surtout lorsqu&rsquo;il est difficile de plier ou d&rsquo;atteindre le pied. Les longues sangles en coton facilitent l&rsquo;utilisation en position assise, r\u00e9duisant ainsi le besoin de plier les hanches ou les genoux, surtout apr\u00e8s les op\u00e9rations.<\/p>\n<p>L&rsquo;extracteur de chaussettes se compose d&rsquo;un noyau en plastique solide, moul\u00e9 et flexible. Il est suffisamment large pour accueillir des pieds plus gros ou enfl\u00e9s sans \u00e9tirer inutilement les bas. Une encoche de chaque c\u00f4t\u00e9 aidera \u00e0 maintenir les bas en place lorsqu&rsquo;ils sont tir\u00e9s autour du pied et de la jambe.<\/p>\n<p>Autres caract\u00e9ristiques:<\/p>\n<ul>\n<li>Les longues r\u00eanes ont des boucles pour les mains, ce qui les rend id\u00e9ales pour les utilisateurs \u00e0 une main.<\/li>\n<li>L&rsquo;aide \u00e0 la chaussette est sans latex et facile \u00e0 entretenir\/nettoyer.<\/li>\n<li>Facile \u00e0 ranger, que ce soit dans le tiroir \u00e0 linge ou \u00e0 emporter en vacances, se range \u00e0 plat dans la valise.<\/li>\n<li>Couleurs claires pour les personnes ayant une vue faible ou limit\u00e9e.<\/li>\n<li>Convient \u00e0 tous les types de chaussettes, chaussettes et collants de tous les jours, mais pas aux bas de compression.<\/li>\n<\/ul>\n<p>&nbsp;<\/p>\n<p>&nbsp;<\/p>\n","protected":false},"excerpt":{"rendered":"<p><img loading=\"lazy\" decoding=\"async\" class=\"alignnone wp-image-168\" src=\"https:\/\/www.rehafit.ch\/wp-content\/uploads\/2016\/12\/hh_logo.jpg\" alt=\"hh_logo\" width=\"61\" height=\"66\"><\/p>\n<p>Sp\u00e9cialis\u00e9 dans les produits de soins \u00e0 domicile qui vous aideront \u00e0 maintenir votre ind\u00e9pendance et votre dignit\u00e9. D&rsquo;excellents produits pour la maison qui vous donnent la confiance n\u00e9cessaire pour rendre chaque jour plus agr\u00e9able. Bref, l&rsquo;aide dont vous avez besoin pour vous faciliter la vie, quand vous en avez le plus besoin.<\/p>\n<p>Helping Hand a d\u00e9velopp\u00e9 une gamme de produits fiables et de haute qualit\u00e9, con\u00e7us pour r\u00e9duire les efforts et la frustration.<\/p>\n<p>Vous vous occupez d&rsquo;un parent, d&rsquo;un ami ou d&rsquo;un voisin ? Pas seulement pour les personnes \u00e2g\u00e9es ou handicap\u00e9es. Se remettre d&rsquo;une chute, d&rsquo;une intervention chirurgicale ou vivre avec une maladie de longue dur\u00e9e. Par exemple, l&rsquo;arthrite, les accidents vasculaires c\u00e9r\u00e9braux ou la maladie de Parkinson.<\/p>\n","protected":false},"featured_media":1225,"comment_status":"open","ping_status":"closed","template":"","meta":{"kt_blocks_editor_width":""},"product_brand":[],"product_cat":[117,124],"product_tag":[],"class_list":{"0":"post-11654","1":"product","2":"type-product","3":"status-publish","4":"has-post-thumbnail","6":"product_cat-aides-quotidiennes","7":"product_cat-enfile-chausettes","9":"first","10":"outofstock","11":"taxable","12":"shipping-taxable","13":"purchasable","14":"product-type-simple"},"aioseo_notices":[],"_links":{"self":[{"href":"https:\/\/www.rehafit.ch\/fr\/wp-json\/wp\/v2\/product\/11654","targetHints":{"allow":["GET"]}}],"collection":[{"href":"https:\/\/www.rehafit.ch\/fr\/wp-json\/wp\/v2\/product"}],"about":[{"href":"https:\/\/www.rehafit.ch\/fr\/wp-json\/wp\/v2\/types\/product"}],"replies":[{"embeddable":true,"href":"https:\/\/www.rehafit.ch\/fr\/wp-json\/wp\/v2\/comments?post=11654"}],"wp:featuredmedia":[{"embeddable":true,"href":"https:\/\/www.rehafit.ch\/fr\/wp-json\/wp\/v2\/media\/1225"}],"wp:attachment":[{"href":"https:\/\/www.rehafit.ch\/fr\/wp-json\/wp\/v2\/media?parent=11654"}],"wp:term":[{"taxonomy":"product_brand","embeddable":true,"href":"https:\/\/www.rehafit.ch\/fr\/wp-json\/wp\/v2\/product_brand?post=11654"},{"taxonomy":"product_cat","embeddable":true,"href":"https:\/\/www.rehafit.ch\/fr\/wp-json\/wp\/v2\/product_cat?post=11654"},{"taxonomy":"product_tag","embeddable":true,"href":"https:\/\/www.rehafit.ch\/fr\/wp-json\/wp\/v2\/product_tag?post=11654"}],"curies":[{"name":"wp","href":"https:\/\/api.w.org\/{rel}","templated":true}]}}