{"id":11649,"date":"2018-11-25T19:31:20","date_gmt":"2021-11-19T10:31:47","guid":{"rendered":"https:\/\/www.rehafit.ch\/produkt\/enfile-chausette-foxy\/"},"modified":"2021-11-19T10:31:47","modified_gmt":"2021-11-19T10:31:47","slug":"strumpfanzieher-ezy-on-2","status":"publish","type":"product","link":"https:\/\/www.rehafit.ch\/fr\/Produit\/strumpfanzieher-ezy-on-2\/","title":{"rendered":"Enfile chausette Foxy"},"content":{"rendered":"<p>Mettre des bas de contention peut \u00eatre un d\u00e9fi, surtout si vous n&rsquo;\u00eates plus aussi fort ou flexible, m\u00eame avec de l&rsquo;aide.<\/p>\n<p>Confiance de s&rsquo;habiller apr\u00e8s une op\u00e9ration, assis, debout ou couch\u00e9.<\/p>\n<p>Quoi d&rsquo;autre?<\/p>\n<ul>\n<li>Les poign\u00e9es hautes r\u00e9duisent le fait de se pencher et facilitent l&rsquo;aide d&rsquo;un soignant.<\/li>\n<li>\u00c0 utiliser avec des bas de compression au-dessus et au-dessous du genou.<\/li>\n<li>Les poign\u00e9es en mousse \u00e9paisse sont faciles \u00e0 tenir; les pieds sont \u00e9galement antid\u00e9rapants.<\/li>\n<\/ul>\n","protected":false},"excerpt":{"rendered":"<p><img loading=\"lazy\" decoding=\"async\" class=\"alignnone wp-image-168\" src=\"https:\/\/www.rehafit.ch\/wp-content\/uploads\/2016\/12\/hh_logo.jpg\" alt=\"hh_logo\" width=\"61\" height=\"66\"><\/p>\n<p>Sp\u00e9cialis\u00e9 dans les produits de soins \u00e0 domicile qui vous aideront \u00e0 maintenir votre ind\u00e9pendance et votre dignit\u00e9. D&rsquo;excellents produits pour la maison qui vous donnent la confiance n\u00e9cessaire pour rendre chaque jour plus agr\u00e9able. Bref, l&rsquo;aide dont vous avez besoin pour vous faciliter la vie, quand vous en avez le plus besoin.<\/p>\n<p>Helping Hand a d\u00e9velopp\u00e9 une gamme de produits fiables et de haute qualit\u00e9, con\u00e7us pour r\u00e9duire les efforts et la frustration.<\/p>\n<p>Vous vous occupez d&rsquo;un parent, d&rsquo;un ami ou d&rsquo;un voisin ? Pas seulement pour les personnes \u00e2g\u00e9es ou handicap\u00e9es. Se remettre d&rsquo;une chute, d&rsquo;une intervention chirurgicale ou vivre avec une maladie de longue dur\u00e9e. Par exemple, l&rsquo;arthrite, les accidents vasculaires c\u00e9r\u00e9braux ou la maladie de Parkinson.<\/p>\n<p>&nbsp;<\/p>\n","protected":false},"featured_media":1232,"comment_status":"open","ping_status":"closed","template":"","meta":{"kt_blocks_editor_width":""},"product_brand":[],"product_cat":[117,124],"product_tag":[],"class_list":{"0":"post-11649","1":"product","2":"type-product","3":"status-publish","4":"has-post-thumbnail","6":"product_cat-aides-quotidiennes","7":"product_cat-enfile-chausettes","9":"first","10":"instock","11":"taxable","12":"shipping-taxable","13":"purchasable","14":"product-type-simple"},"aioseo_notices":[],"_links":{"self":[{"href":"https:\/\/www.rehafit.ch\/fr\/wp-json\/wp\/v2\/product\/11649","targetHints":{"allow":["GET"]}}],"collection":[{"href":"https:\/\/www.rehafit.ch\/fr\/wp-json\/wp\/v2\/product"}],"about":[{"href":"https:\/\/www.rehafit.ch\/fr\/wp-json\/wp\/v2\/types\/product"}],"replies":[{"embeddable":true,"href":"https:\/\/www.rehafit.ch\/fr\/wp-json\/wp\/v2\/comments?post=11649"}],"wp:featuredmedia":[{"embeddable":true,"href":"https:\/\/www.rehafit.ch\/fr\/wp-json\/wp\/v2\/media\/1232"}],"wp:attachment":[{"href":"https:\/\/www.rehafit.ch\/fr\/wp-json\/wp\/v2\/media?parent=11649"}],"wp:term":[{"taxonomy":"product_brand","embeddable":true,"href":"https:\/\/www.rehafit.ch\/fr\/wp-json\/wp\/v2\/product_brand?post=11649"},{"taxonomy":"product_cat","embeddable":true,"href":"https:\/\/www.rehafit.ch\/fr\/wp-json\/wp\/v2\/product_cat?post=11649"},{"taxonomy":"product_tag","embeddable":true,"href":"https:\/\/www.rehafit.ch\/fr\/wp-json\/wp\/v2\/product_tag?post=11649"}],"curies":[{"name":"wp","href":"https:\/\/api.w.org\/{rel}","templated":true}]}}