{"id":11646,"date":"2018-11-26T16:10:28","date_gmt":"2021-11-19T10:29:44","guid":{"rendered":"https:\/\/www.rehafit.ch\/produkt\/ouvre-bouchon-a-vis-1-piece\/"},"modified":"2022-12-28T10:25:39","modified_gmt":"2022-12-28T10:25:39","slug":"ouvre-bouchon-a-vis-2-pieces","status":"publish","type":"product","link":"https:\/\/www.rehafit.ch\/fr\/Produit\/ouvre-bouchon-a-vis-2-pieces\/","title":{"rendered":"Ouvre-bouchon \u00e0 vis 1 pi\u00e8ce"},"content":{"rendered":"<p>\u2022 Ouvrez le bouchon \u00e0 vis, c&rsquo;est facile<br \/>\n\u2022 Pour bouchons \u00e0 vis avec rainures<\/p>\n","protected":false},"excerpt":{"rendered":"<p><img loading=\"lazy\" decoding=\"async\" class=\"alignnone wp-image-311\" src=\"https:\/\/www.rehafit.ch\/wp-content\/uploads\/2016\/12\/rika_logo.jpg\" alt=\"rika_logo\" width=\"105\" height=\"57\" \/><\/p>\n<p><span class=\"text_allg\">Rika Care produit des aides pour les personnes handicap\u00e9es, les personnes \u00e2g\u00e9es et les enfants ayant des besoins sp\u00e9ciaux. Nous souhaitons faciliter le quotidien des consommateurs et leur offrir une meilleure qualit\u00e9 de vie.<\/span><\/p>\n<p>Rika Care produit des aides depuis 1992, nous avons donc acquis une grande connaissance des bons produits pour nos clients. Les produits sont fabriqu\u00e9s dans notre propre usine, Rika Plast, ils sont fabriqu\u00e9s ici en utilisant le processus de moulage par injection.<\/p>\n","protected":false},"featured_media":1241,"comment_status":"open","ping_status":"closed","template":"","meta":{"kt_blocks_editor_width":""},"product_brand":[],"product_cat":[120,199],"product_tag":[],"class_list":{"0":"post-11646","1":"product","2":"type-product","3":"status-publish","4":"has-post-thumbnail","6":"product_cat-divers-fr","7":"product_cat-top-offres","9":"first","10":"instock","11":"sale","12":"taxable","13":"shipping-taxable","14":"purchasable","15":"product-type-simple"},"aioseo_notices":[],"_links":{"self":[{"href":"https:\/\/www.rehafit.ch\/fr\/wp-json\/wp\/v2\/product\/11646","targetHints":{"allow":["GET"]}}],"collection":[{"href":"https:\/\/www.rehafit.ch\/fr\/wp-json\/wp\/v2\/product"}],"about":[{"href":"https:\/\/www.rehafit.ch\/fr\/wp-json\/wp\/v2\/types\/product"}],"replies":[{"embeddable":true,"href":"https:\/\/www.rehafit.ch\/fr\/wp-json\/wp\/v2\/comments?post=11646"}],"wp:featuredmedia":[{"embeddable":true,"href":"https:\/\/www.rehafit.ch\/fr\/wp-json\/wp\/v2\/media\/1241"}],"wp:attachment":[{"href":"https:\/\/www.rehafit.ch\/fr\/wp-json\/wp\/v2\/media?parent=11646"}],"wp:term":[{"taxonomy":"product_brand","embeddable":true,"href":"https:\/\/www.rehafit.ch\/fr\/wp-json\/wp\/v2\/product_brand?post=11646"},{"taxonomy":"product_cat","embeddable":true,"href":"https:\/\/www.rehafit.ch\/fr\/wp-json\/wp\/v2\/product_cat?post=11646"},{"taxonomy":"product_tag","embeddable":true,"href":"https:\/\/www.rehafit.ch\/fr\/wp-json\/wp\/v2\/product_tag?post=11646"}],"curies":[{"name":"wp","href":"https:\/\/api.w.org\/{rel}","templated":true}]}}