{"id":11575,"date":"2016-12-05T11:49:33","date_gmt":"2021-11-08T18:20:41","guid":{"rendered":"https:\/\/www.rehafit.ch\/produkt\/canne-anglaise-avec-poignee-anatomique-la-paire\/"},"modified":"2021-12-12T15:23:33","modified_gmt":"2021-12-12T15:23:33","slug":"canne-anglaise-avec-poignee-anatomique","status":"publish","type":"product","link":"https:\/\/www.rehafit.ch\/fr\/Produit\/canne-anglaise-avec-poignee-anatomique\/","title":{"rendered":"Canne anglaise avec poign\u00e9e anatomique (la paire)"},"content":{"rendered":"<ul>\n<li>Hauteur de la poign\u00e9e: 76 &#8211; 96 cm<\/li>\n<li>Poids: 0.63 kg \/pi\u00e8ce<\/li>\n<li>Capacit\u00e9 de charge: 150 kg<\/li>\n<\/ul>\n","protected":false},"excerpt":{"rendered":"<p><img loading=\"lazy\" decoding=\"async\" class=\"alignnone size-full wp-image-337\" src=\"https:\/\/www.rehafit.ch\/wp-content\/uploads\/2016\/12\/kowsky_logo-1.jpg\" alt=\"kowsky_logo\" width=\"205\" height=\"48\"><\/p>\n<p>Kowsky est une entreprise moderne et efficace avec plus de 100 ans de tradition, qui est g\u00e9r\u00e9e avec succ\u00e8s par la 4\u00e8me g\u00e9n\u00e9ration. Ils garantissent des processus de travail optimis\u00e9s et garantissent le plus haut niveau de s\u00e9curit\u00e9 et de fiabilit\u00e9 pour leurs produits.<\/p>\n<p>&nbsp;<\/p>\n","protected":false},"featured_media":338,"comment_status":"open","ping_status":"closed","template":"","meta":{"kt_blocks_editor_width":""},"product_brand":[],"product_cat":[139,160],"product_tag":[],"class_list":{"0":"post-11575","1":"product","2":"type-product","3":"status-publish","4":"has-post-thumbnail","6":"product_cat-aides-a-la-marche","7":"product_cat-canne","9":"first","10":"instock","11":"taxable","12":"shipping-taxable","13":"purchasable","14":"product-type-variable"},"aioseo_notices":[],"_links":{"self":[{"href":"https:\/\/www.rehafit.ch\/fr\/wp-json\/wp\/v2\/product\/11575","targetHints":{"allow":["GET"]}}],"collection":[{"href":"https:\/\/www.rehafit.ch\/fr\/wp-json\/wp\/v2\/product"}],"about":[{"href":"https:\/\/www.rehafit.ch\/fr\/wp-json\/wp\/v2\/types\/product"}],"replies":[{"embeddable":true,"href":"https:\/\/www.rehafit.ch\/fr\/wp-json\/wp\/v2\/comments?post=11575"}],"wp:featuredmedia":[{"embeddable":true,"href":"https:\/\/www.rehafit.ch\/fr\/wp-json\/wp\/v2\/media\/338"}],"wp:attachment":[{"href":"https:\/\/www.rehafit.ch\/fr\/wp-json\/wp\/v2\/media?parent=11575"}],"wp:term":[{"taxonomy":"product_brand","embeddable":true,"href":"https:\/\/www.rehafit.ch\/fr\/wp-json\/wp\/v2\/product_brand?post=11575"},{"taxonomy":"product_cat","embeddable":true,"href":"https:\/\/www.rehafit.ch\/fr\/wp-json\/wp\/v2\/product_cat?post=11575"},{"taxonomy":"product_tag","embeddable":true,"href":"https:\/\/www.rehafit.ch\/fr\/wp-json\/wp\/v2\/product_tag?post=11575"}],"curies":[{"name":"wp","href":"https:\/\/api.w.org\/{rel}","templated":true}]}}