{"id":11480,"date":"2016-12-11T09:44:48","date_gmt":"2021-11-08T14:54:52","guid":{"rendered":"https:\/\/www.rehafit.ch\/produkt\/capuchon-flexyfoot-pour-bequille-davant-bras-par-piece\/"},"modified":"2021-11-08T22:01:20","modified_gmt":"2021-11-08T22:01:20","slug":"flexyfoot-cap-par-piece","status":"publish","type":"product","link":"https:\/\/www.rehafit.ch\/fr\/Produit\/flexyfoot-cap-par-piece\/","title":{"rendered":"Embout de canne FlexyFoot pour canne anglaise (par pi\u00e8ce)"},"content":{"rendered":"<p>La casquette FlexyFoot se compose d&rsquo;un brassard et d&rsquo;une capsule en caoutchouc, qui peuvent \u00eatre \u00e9chang\u00e9s. La casquette FlexyFoot convient \u00e0 diverses aides \u00e0 la mobilit\u00e9 telles que les cannes, les cannes, les b\u00e9quilles d&rsquo;avant-bras et est disponible en 4 tailles diff\u00e9rentes :<\/p>\n<p>Pour tuyau : \u00d8 16mm, \u00d8 19mm, \u00d8 22mm, \u00d825mm<\/p>\n<p><img loading=\"lazy\" decoding=\"async\" class=\"alignnone size-full wp-image-11489\" src=\"https:\/\/www.rehafit.ch\/wp-content\/uploads\/2016\/12\/flexyfoot_3.jpg\" alt=\"\" width=\"300\" height=\"255\"><\/p>\n<p><b>Sp\u00e9cifications techniques<\/b><br \/>\n\u2022 Surface de la bande de roulement: 40mm<br \/>\n\u2022 Hauteur: 90mm<br \/>\n\u2022 Poids: 86g<br \/>\n\u2022 Couleur : noir\/orange<br \/>\n\u2022 Max. Charge : 125 kg de poids corporel<\/p>\n","protected":false},"excerpt":{"rendered":"<p><img loading=\"lazy\" decoding=\"async\" class=\"alignnone size-full wp-image-575\" src=\"https:\/\/www.rehafit.ch\/wp-content\/uploads\/2016\/12\/logo_flexyfoot_1.jpg\" alt=\"\" width=\"150\" height=\"43\"><\/p>\n<p><span class=\"text_allg\"><span style=\"font-size: 4;\"><b><span style=\"color: #7faa2e; font-family: Verdana,Arial,Helvetica,sans-serif;\">FlexyFoot est l&rsquo;avenir pour tous ceux qui utilisent une canne, une canne ou une b\u00e9quille d&rsquo;avant-bras pour se d\u00e9placer. <\/span><\/b><\/span><\/span><\/p>\n<p><span class=\"text_allg\"><span style=\"color: #7faa2e; font-family: Verdana,Arial,Helvetica,sans-serif; font-size: 3;\"><b>Bonne prise en main<\/b><\/span><br \/>\n<\/span><br \/>\nFlexyFoot offre une adh\u00e9rence et une stabilit\u00e9 am\u00e9lior\u00e9es sur toutes les surfaces de terrain, en particulier sur les surfaces glissantes \/ lisses et in\u00e9gales. Alors que la capsule en caoutchouc reste toujours en contact total avec le sol, vous pouvez d\u00e9placer l&rsquo;aide \u00e0 la marche \u00e0 n&rsquo;importe quel (n&rsquo;importe quel) angle avec le soufflet flexible.<\/p>\n<p><span class=\"text_allg\"><span style=\"color: #7faa2e; font-family: Verdana,Arial,Helvetica,sans-serif; font-size: 3;\"><b>Doux pour les articulations<\/b><\/span><br \/>\n<\/span><br \/>\nLa conception brevet\u00e9e par FlexyFoot fonctionne de mani\u00e8re similaire \u00e0 la suspension d&rsquo;un v\u00e9hicule \u00e0 quatre roues motrices. Chaque fois que votre b\u00e2ton touche le sol, le soufflet flexible absorbe les chocs afin que votre pas soit compl\u00e8tement amorti. Mieux encore : la bande de roulement de la capsule en caoutchouc peut pivoter ind\u00e9pendamment sur 360 \u00b0, de sorte que le contact total soit toujours maintenu lorsque vous devez tourner ou tourner.<\/p>\n<p><span class=\"text_allg\"><span style=\"color: #7faa2e; font-size: 3;\"><b><span style=\"font-family: Verdana,Arial,Helvetica,sans-serif;\">Facile \u00e0 assembler <\/span><\/b><\/span><span style=\"font-family: Verdana,Arial,Helvetica,sans-serif; font-size: xx-small;\"><br \/>\n<\/span><\/span><\/p>\n<p>FlexyFoot a un look plus \u00e9l\u00e9gant par rapport \u00e0 une capsule en caoutchouc standard et est disponible en 2 superbes couleurs, extr\u00eamement faciles \u00e0 assembler et \u00e0 changer. Il est vraiment silencieux sur les surfaces dures, il n&rsquo;y a pas de cailloux ou de sable coinc\u00e9 dans la bande de roulement et le caoutchouc sp\u00e9cial du FlexyFoot ne laisse pas de taches sombres sur le sol comme le font parfois les auvents normaux.<\/p>\n","protected":false},"featured_media":696,"comment_status":"open","ping_status":"closed","template":"","meta":{"kt_blocks_editor_width":""},"product_brand":[],"product_cat":[139,161],"product_tag":[],"class_list":{"0":"post-11480","1":"product","2":"type-product","3":"status-publish","4":"has-post-thumbnail","6":"product_cat-aides-a-la-marche","7":"product_cat-accessoire","9":"first","10":"instock","11":"taxable","12":"shipping-taxable","13":"purchasable","14":"product-type-variable"},"aioseo_notices":[],"_links":{"self":[{"href":"https:\/\/www.rehafit.ch\/fr\/wp-json\/wp\/v2\/product\/11480","targetHints":{"allow":["GET"]}}],"collection":[{"href":"https:\/\/www.rehafit.ch\/fr\/wp-json\/wp\/v2\/product"}],"about":[{"href":"https:\/\/www.rehafit.ch\/fr\/wp-json\/wp\/v2\/types\/product"}],"replies":[{"embeddable":true,"href":"https:\/\/www.rehafit.ch\/fr\/wp-json\/wp\/v2\/comments?post=11480"}],"wp:featuredmedia":[{"embeddable":true,"href":"https:\/\/www.rehafit.ch\/fr\/wp-json\/wp\/v2\/media\/696"}],"wp:attachment":[{"href":"https:\/\/www.rehafit.ch\/fr\/wp-json\/wp\/v2\/media?parent=11480"}],"wp:term":[{"taxonomy":"product_brand","embeddable":true,"href":"https:\/\/www.rehafit.ch\/fr\/wp-json\/wp\/v2\/product_brand?post=11480"},{"taxonomy":"product_cat","embeddable":true,"href":"https:\/\/www.rehafit.ch\/fr\/wp-json\/wp\/v2\/product_cat?post=11480"},{"taxonomy":"product_tag","embeddable":true,"href":"https:\/\/www.rehafit.ch\/fr\/wp-json\/wp\/v2\/product_tag?post=11480"}],"curies":[{"name":"wp","href":"https:\/\/api.w.org\/{rel}","templated":true}]}}