{"id":11472,"date":"2021-11-08T10:27:11","date_gmt":"2021-11-08T10:27:15","guid":{"rendered":"https:\/\/www.rehafit.ch\/?post_type=product&#038;p=11472"},"modified":"2022-10-26T07:30:28","modified_gmt":"2022-10-26T07:30:28","slug":"byacre-ultraleichter-carbon-rollator-overland","status":"publish","type":"product","link":"https:\/\/www.rehafit.ch\/fr\/Produit\/byacre-ultraleichter-carbon-rollator-overland\/","title":{"rendered":"ByAcre Rollator Overland en carbone ultra-l\u00e9ger"},"content":{"rendered":"<div class=\"vc_row wpb_row row\">\n<div class=\"wpb_column vc_column_container vc_col-sm-12\">\n<div class=\"vc_column-inner\">\n<div class=\"wpb_wrapper\">\n<div class=\"wpb_text_column wpb_content_element \">\n<div class=\"wpb_wrapper\">\n<p>Nous avons tir\u00e9 le meilleur parti du Carbon Ultralight. Nous l&rsquo;avons associ\u00e9 \u00e0 des pneumatiques extr\u00eamement r\u00e9sistants qui conqui\u00e8rent tous les domaines.<\/p>\n<p>Le r\u00e9sultat est une merveille de conception d&rsquo;un d\u00e9ambulateur tout-terrain robuste, polyvalent et solide.<\/p>\n<p>Nous nous sommes inspir\u00e9s de v\u00e9hicules tout-terrain comme l&#8217;embl\u00e9matique Land Rover Defender pour cr\u00e9er un d\u00e9ambulateur con\u00e7u pour durer et qui peut vous inspirer \u00e0 sortir des sentiers battus.<\/p>\n<p>Le Carbon Overland rend hommage \u00e0 la libert\u00e9, \u00e0 la curiosit\u00e9 et \u00e0 l&rsquo;esprit de d\u00e9couverte.<\/p>\n<\/div>\n<\/div>\n<\/div>\n<\/div>\n<\/div>\n<\/div>\n<table width=\"680\">\n<tbody>\n<tr>\n<td width=\"340\"><strong>Largeur d&rsquo;assise<\/strong><br \/>\nHauteur de la poign\u00e9e<br \/>\nLargeur entre les poign\u00e9es<br \/>\npoids<br \/>\nHauteur d&rsquo;assise<br \/>\nPoids utilisateur max.<em><br \/>\n<\/em>Taille utilisateur max.<br \/>\nLargeur<br \/>\nLargement pli\u00e9<br \/>\nlongueur<em><br \/>\n<\/em>Couleur<\/td>\n<td width=\"170\"><strong>42cm<\/strong><br \/>\n790-910 mm<br \/>\n<strong>390 mm<br \/>\n<\/strong><strong>6.7 kg<br \/>\n<\/strong>610 mm<br \/>\n150 kg<br \/>\n180cm<br \/>\n<strong>625 mm<br \/>\n<\/strong> 250 mm<br \/>\n660 mm<br \/>\nBentley marron<\/td>\n<td width=\"170\"><\/td>\n<\/tr>\n<\/tbody>\n<\/table>\n","protected":false},"excerpt":{"rendered":"<p><a href=\"http:\/\/shop.novomed.ch.novomed.ch\/wp-content\/uploads\/2020\/01\/byacre.jpg\"><img loading=\"lazy\" decoding=\"async\" class=\"alignnone wp-image-4902 \" src=\"http:\/\/shop.novomed.ch.novomed.ch\/wp-content\/uploads\/2020\/01\/byacre-300x157.jpg\" alt=\"\" width=\"146\" height=\"76\"><\/a><\/p>\n<p>Le d\u00e9ambulateur Carbon Overland est le d\u00e9ambulateur tout-terrain le plus robuste et le plus polyvalent du march\u00e9. Et il est toujours l\u00e9ger, vous pouvez donc facilement emporter le d\u00e9ambulateur avec vous lors de votre prochaine aventure en plein air.<\/p>\n<p>&nbsp;<\/p>\n<ul>\n<li>D\u00e9ambulateur tout-terrain le plus l\u00e9ger avec 6,7 kg pour un chargement facile dans votre v\u00e9hicule<\/li>\n<li>Pliable et enti\u00e8rement assembl\u00e9 pour que vous puissiez facilement commencer vos activit\u00e9s<\/li>\n<li>Cadre en fibre de carbone extr\u00eamement stable &#8211; 5 fois plus r\u00e9sistant que l&rsquo;acier<\/li>\n<li>Pneumatiques tr\u00e8s r\u00e9sistants pour une meilleure suspension et la libert\u00e9 de marcher n&rsquo;importe o\u00f9 et sur n&rsquo;importe quel terrain<\/li>\n<li>Fourche avant rigide avec roulements \u00e9tanches pour l&#8217;emmener \u00e0 la plage et dans l&rsquo;eau<\/li>\n<li>Aluminium a\u00e9ronautique gris m\u00e9tal pour stabilit\u00e9 et l\u00e9g\u00e8ret\u00e9<\/li>\n<li>Poche de rangement incluse<br \/>\n<img loading=\"lazy\" decoding=\"async\" class=\"alignnone wp-image-12915\" src=\"https:\/\/www.rehafit.ch\/wp-content\/uploads\/2021\/11\/co_pocket_bag_front_-1-250x152.png\" alt=\"\" width=\"183\" height=\"111\" srcset=\"https:\/\/www.rehafit.ch\/wp-content\/uploads\/2021\/11\/co_pocket_bag_front_-1-250x152.png 250w, https:\/\/www.rehafit.ch\/wp-content\/uploads\/2021\/11\/co_pocket_bag_front_-1-80x50.png 80w, https:\/\/www.rehafit.ch\/wp-content\/uploads\/2021\/11\/co_pocket_bag_front_-1.png 747w\" sizes=\"auto, (max-width: 183px) 100vw, 183px\" \/><\/li>\n<\/ul>\n<p>\u00c9quipement:<\/p>\n<table width=\"750\">\n<tbody>\n<tr>\n<td><img loading=\"lazy\" decoding=\"async\" class=\"alignnone size-medium wp-image-12908\" src=\"https:\/\/www.rehafit.ch\/wp-content\/uploads\/2021\/11\/carbonoverlandrollator-green-accessory-backrest-closeup1-byacre-250x250.jpg\" alt=\"\" width=\"250\" height=\"250\"><\/p>\n<p>&nbsp;<\/td>\n<td><img loading=\"lazy\" decoding=\"async\" class=\"alignnone wp-image-12910\" src=\"https:\/\/www.rehafit.ch\/wp-content\/uploads\/2021\/11\/co_daypack_front_-250x250.png\" alt=\"\" width=\"298\" height=\"298\" srcset=\"https:\/\/www.rehafit.ch\/wp-content\/uploads\/2021\/11\/co_daypack_front_-250x250.png 250w, https:\/\/www.rehafit.ch\/wp-content\/uploads\/2021\/11\/co_daypack_front_-150x150.png 150w, https:\/\/www.rehafit.ch\/wp-content\/uploads\/2021\/11\/co_daypack_front_-768x768.png 768w, https:\/\/www.rehafit.ch\/wp-content\/uploads\/2021\/11\/co_daypack_front_-300x300.png 300w, https:\/\/www.rehafit.ch\/wp-content\/uploads\/2021\/11\/co_daypack_front_-456x456.png 456w, https:\/\/www.rehafit.ch\/wp-content\/uploads\/2021\/11\/co_daypack_front_-100x100.png 100w, https:\/\/www.rehafit.ch\/wp-content\/uploads\/2021\/11\/co_daypack_front_.png 800w\" sizes=\"auto, (max-width: 298px) 100vw, 298px\" \/><\/td>\n<td><img loading=\"lazy\" decoding=\"async\" class=\"alignnone wp-image-12906\" src=\"https:\/\/www.rehafit.ch\/wp-content\/uploads\/2021\/11\/cane_holder_smaller-250x250.png\" alt=\"\" width=\"244\" height=\"244\" srcset=\"https:\/\/www.rehafit.ch\/wp-content\/uploads\/2021\/11\/cane_holder_smaller-250x250.png 250w, https:\/\/www.rehafit.ch\/wp-content\/uploads\/2021\/11\/cane_holder_smaller-150x150.png 150w, https:\/\/www.rehafit.ch\/wp-content\/uploads\/2021\/11\/cane_holder_smaller-768x768.png 768w, https:\/\/www.rehafit.ch\/wp-content\/uploads\/2021\/11\/cane_holder_smaller-300x300.png 300w, https:\/\/www.rehafit.ch\/wp-content\/uploads\/2021\/11\/cane_holder_smaller-456x456.png 456w, https:\/\/www.rehafit.ch\/wp-content\/uploads\/2021\/11\/cane_holder_smaller-100x100.png 100w, https:\/\/www.rehafit.ch\/wp-content\/uploads\/2021\/11\/cane_holder_smaller.png 800w\" sizes=\"auto, (max-width: 244px) 100vw, 244px\" \/><\/td>\n<\/tr>\n<tr>\n<td valign=\"top\">Ceinture dorsale 81.90<\/td>\n<td valign=\"top\">Sac tout-terrain 99.60<\/td>\n<td valign=\"top\">Porte-canne 56.50<\/td>\n<\/tr>\n<\/tbody>\n<\/table>\n<p>\u200b<\/p>\n","protected":false},"featured_media":11479,"comment_status":"open","ping_status":"closed","template":"","meta":{"kt_blocks_editor_width":""},"product_brand":[],"product_cat":[146,148],"product_tag":[],"class_list":{"0":"post-11472","1":"product","2":"type-product","3":"status-publish","4":"has-post-thumbnail","6":"product_cat-rollator","7":"product_cat-ultra-leger","9":"first","10":"instock","11":"featured","12":"taxable","13":"shipping-taxable","14":"purchasable","15":"product-type-simple"},"aioseo_notices":[],"_links":{"self":[{"href":"https:\/\/www.rehafit.ch\/fr\/wp-json\/wp\/v2\/product\/11472","targetHints":{"allow":["GET"]}}],"collection":[{"href":"https:\/\/www.rehafit.ch\/fr\/wp-json\/wp\/v2\/product"}],"about":[{"href":"https:\/\/www.rehafit.ch\/fr\/wp-json\/wp\/v2\/types\/product"}],"replies":[{"embeddable":true,"href":"https:\/\/www.rehafit.ch\/fr\/wp-json\/wp\/v2\/comments?post=11472"}],"wp:featuredmedia":[{"embeddable":true,"href":"https:\/\/www.rehafit.ch\/fr\/wp-json\/wp\/v2\/media\/11479"}],"wp:attachment":[{"href":"https:\/\/www.rehafit.ch\/fr\/wp-json\/wp\/v2\/media?parent=11472"}],"wp:term":[{"taxonomy":"product_brand","embeddable":true,"href":"https:\/\/www.rehafit.ch\/fr\/wp-json\/wp\/v2\/product_brand?post=11472"},{"taxonomy":"product_cat","embeddable":true,"href":"https:\/\/www.rehafit.ch\/fr\/wp-json\/wp\/v2\/product_cat?post=11472"},{"taxonomy":"product_tag","embeddable":true,"href":"https:\/\/www.rehafit.ch\/fr\/wp-json\/wp\/v2\/product_tag?post=11472"}],"curies":[{"name":"wp","href":"https:\/\/api.w.org\/{rel}","templated":true}]}}