{"id":11438,"date":"2019-03-14T13:11:37","date_gmt":"2021-10-21T18:51:26","guid":{"rendered":"https:\/\/www.rehafit.ch\/produkt\/rollz-motion-protection-de-transport\/"},"modified":"2021-10-21T18:51:26","modified_gmt":"2021-10-21T18:51:26","slug":"rollz-motion-protection-de-transport","status":"publish","type":"product","link":"https:\/\/www.rehafit.ch\/fr\/Produit\/rollz-motion-protection-de-transport\/","title":{"rendered":"Rollz Motion protection de transport"},"content":{"rendered":"<p>Il est n\u00e9cessaire de prot\u00e9ger votre Rollz Motion contre les dommages lors d&rsquo;un voyage en avion. Le Transportschutz regroupe \u00e0 la fois le Rollz Motion et le pack fauteuil roulant dans un seul pack compact. Il est si solide que vous pouvez emporter votre d\u00e9ambulateur dans l&rsquo;avion le c\u0153ur serein. M\u00eame envelopp\u00e9 dans une protection, vous pouvez conduire le rollator un peu plus loin.<br \/>\nEn raison de la conception sp\u00e9ciale de la protection de transport Rollz, le Rollz Motion et l&rsquo;ensemble fauteuil roulant sont solidement connect\u00e9s et prot\u00e9g\u00e9s.<\/p>\n","protected":false},"excerpt":{"rendered":"<p><img loading=\"lazy\" decoding=\"async\" class=\"alignnone size-full wp-image-923\" src=\"https:\/\/www.rehafit.ch\/wp-content\/uploads\/2016\/12\/logo_rollz.gif\" alt=\"\" width=\"100\" height=\"72\"><\/p>\n<p><span class=\"text_allg\">Continuez sur le chemin et restez pleinement en vie avec le d\u00e9ambulateur 2 en 1<\/span><\/p>\n<p>Avec Rollz, vous prenez de l&rsquo;avance, car vous avez toujours ce dont vous avez besoin avec vous : un d\u00e9ambulateur moderne qui peut \u00eatre converti en fauteuil roulant en un rien de temps et, bien s\u00fbr, de retour. Qu&rsquo;une journ\u00e9e active ou de longues vacances vous attendent, que vous souhaitiez assister \u00e0 une belle exposition ou faire du shopping, avec le d\u00e9ambulateur 2 en 1, vous gagnez en mobilit\u00e9. Le Rollz Motion peut \u00eatre pli\u00e9 \u00e0 plat et s&rsquo;adapte \u00e0 toutes les voitures.<\/p>\n","protected":false},"featured_media":0,"comment_status":"open","ping_status":"closed","template":"","meta":{"kt_blocks_editor_width":""},"product_brand":[],"product_cat":[168],"product_tag":[],"class_list":{"0":"post-11438","1":"product","2":"type-product","3":"status-publish","5":"product_cat-accessoires","7":"first","8":"instock","9":"taxable","10":"shipping-taxable","11":"purchasable","12":"product-type-simple"},"aioseo_notices":[],"_links":{"self":[{"href":"https:\/\/www.rehafit.ch\/fr\/wp-json\/wp\/v2\/product\/11438","targetHints":{"allow":["GET"]}}],"collection":[{"href":"https:\/\/www.rehafit.ch\/fr\/wp-json\/wp\/v2\/product"}],"about":[{"href":"https:\/\/www.rehafit.ch\/fr\/wp-json\/wp\/v2\/types\/product"}],"replies":[{"embeddable":true,"href":"https:\/\/www.rehafit.ch\/fr\/wp-json\/wp\/v2\/comments?post=11438"}],"wp:attachment":[{"href":"https:\/\/www.rehafit.ch\/fr\/wp-json\/wp\/v2\/media?parent=11438"}],"wp:term":[{"taxonomy":"product_brand","embeddable":true,"href":"https:\/\/www.rehafit.ch\/fr\/wp-json\/wp\/v2\/product_brand?post=11438"},{"taxonomy":"product_cat","embeddable":true,"href":"https:\/\/www.rehafit.ch\/fr\/wp-json\/wp\/v2\/product_cat?post=11438"},{"taxonomy":"product_tag","embeddable":true,"href":"https:\/\/www.rehafit.ch\/fr\/wp-json\/wp\/v2\/product_tag?post=11438"}],"curies":[{"name":"wp","href":"https:\/\/api.w.org\/{rel}","templated":true}]}}