{"id":11435,"date":"2019-03-14T13:14:19","date_gmt":"2021-10-21T18:45:18","guid":{"rendered":"https:\/\/www.rehafit.ch\/produkt\/rollz-motion-sangle-dorsale\/"},"modified":"2021-10-21T18:45:18","modified_gmt":"2021-10-21T18:45:18","slug":"rollz-motion-sangle-dorsale","status":"publish","type":"product","link":"https:\/\/www.rehafit.ch\/fr\/Produit\/rollz-motion-sangle-dorsale\/","title":{"rendered":"Rollz Motion Sangle dorsale"},"content":{"rendered":"<div class=\"wpb_column vc_column_container vc_col-sm-6\">\n<div class=\"vc_column-inner\">\n<div class=\"wpb_wrapper\">\n<div class=\"wpb_text_column wpb_content_element \">\n<div class=\"wpb_wrapper\">\n<p>Vous voyagez seul et vous avez laiss\u00e9 votre pack fauteuil roulant \u00e0 la maison ? Cette sangle arri\u00e8re vous permet de vous reposer dans le d\u00e9ambulateur pendant que vous vous appuyez contre la sangle souple.<\/p>\n<\/div>\n<\/div>\n<\/div>\n<\/div>\n<\/div>\n","protected":false},"excerpt":{"rendered":"<p><img loading=\"lazy\" decoding=\"async\" class=\"alignnone size-full wp-image-923\" src=\"https:\/\/www.rehafit.ch\/wp-content\/uploads\/2016\/12\/logo_rollz.gif\" alt=\"\" width=\"100\" height=\"72\"><\/p>\n<p><span class=\"text_allg\">Continuez sur le chemin et restez pleinement en vie avec le d\u00e9ambulateur 2 en 1<\/span><\/p>\n<p>Avec Rollz, vous prenez de l&rsquo;avance, car vous avez toujours ce dont vous avez besoin avec vous : un d\u00e9ambulateur moderne qui peut \u00eatre converti en fauteuil roulant en un rien de temps et, bien s\u00fbr, de retour. Qu&rsquo;une journ\u00e9e active ou de longues vacances vous attendent, que vous souhaitiez assister \u00e0 une belle exposition ou faire du shopping, avec le d\u00e9ambulateur 2 en 1, vous gagnez en mobilit\u00e9. Le Rollz Motion peut \u00eatre pli\u00e9 \u00e0 plat et s&rsquo;adapte \u00e0 toutes les voitures.<\/p>\n","protected":false},"featured_media":1462,"comment_status":"open","ping_status":"closed","template":"","meta":{"kt_blocks_editor_width":""},"product_brand":[],"product_cat":[168],"product_tag":[],"class_list":{"0":"post-11435","1":"product","2":"type-product","3":"status-publish","4":"has-post-thumbnail","6":"product_cat-accessoires","8":"first","9":"instock","10":"taxable","11":"shipping-taxable","12":"purchasable","13":"product-type-simple"},"aioseo_notices":[],"_links":{"self":[{"href":"https:\/\/www.rehafit.ch\/fr\/wp-json\/wp\/v2\/product\/11435","targetHints":{"allow":["GET"]}}],"collection":[{"href":"https:\/\/www.rehafit.ch\/fr\/wp-json\/wp\/v2\/product"}],"about":[{"href":"https:\/\/www.rehafit.ch\/fr\/wp-json\/wp\/v2\/types\/product"}],"replies":[{"embeddable":true,"href":"https:\/\/www.rehafit.ch\/fr\/wp-json\/wp\/v2\/comments?post=11435"}],"wp:featuredmedia":[{"embeddable":true,"href":"https:\/\/www.rehafit.ch\/fr\/wp-json\/wp\/v2\/media\/1462"}],"wp:attachment":[{"href":"https:\/\/www.rehafit.ch\/fr\/wp-json\/wp\/v2\/media?parent=11435"}],"wp:term":[{"taxonomy":"product_brand","embeddable":true,"href":"https:\/\/www.rehafit.ch\/fr\/wp-json\/wp\/v2\/product_brand?post=11435"},{"taxonomy":"product_cat","embeddable":true,"href":"https:\/\/www.rehafit.ch\/fr\/wp-json\/wp\/v2\/product_cat?post=11435"},{"taxonomy":"product_tag","embeddable":true,"href":"https:\/\/www.rehafit.ch\/fr\/wp-json\/wp\/v2\/product_tag?post=11435"}],"curies":[{"name":"wp","href":"https:\/\/api.w.org\/{rel}","templated":true}]}}