{"id":11432,"date":"2019-03-14T13:18:02","date_gmt":"2021-10-21T18:33:58","guid":{"rendered":"https:\/\/www.rehafit.ch\/produkt\/rollz-accessoires-crochets-3-en-1\/"},"modified":"2021-10-21T18:33:58","modified_gmt":"2021-10-21T18:33:58","slug":"rollz-accessoires-crochets-3-en-1","status":"publish","type":"product","link":"https:\/\/www.rehafit.ch\/fr\/Produit\/rollz-accessoires-crochets-3-en-1\/","title":{"rendered":"Rollz accessoires crochets 3 en 1"},"content":{"rendered":"<div class=\"wpb_column vc_column_container vc_col-sm-6\">\n<div class=\"vc_column-inner\">\n<div class=\"wpb_wrapper\">\n<div class=\"wpb_text_column wpb_content_element \">\n<div class=\"wpb_wrapper\">\n<p>L&#8217;emballage du fauteuil roulant est g\u00e9n\u00e9ralement suspendu derri\u00e8re le d\u00e9ambulateur. Vous pouvez \u00e9galement utiliser ce support pour fixer votre ensemble de fauteuil roulant au-dessus du si\u00e8ge. Cela vous donne plus de libert\u00e9 de mouvement lorsque vous marchez. Et vous souhaitez transformer le rollator en fauteuil roulant ? Ensuite, vous avez le pack fauteuil roulant \u00e0 port\u00e9e de main.<br \/>\nUn crochet de b\u00e2ton et deux crochets d&rsquo;achats sont \u00e9galement int\u00e9gr\u00e9s. Par cons\u00e9quent, vous pouvez \u00e9galement apporter votre b\u00e2ton de marche et un sac suppl\u00e9mentaire sur le cadre du Rollz Motion.<\/p>\n<\/div>\n<\/div>\n<\/div>\n<\/div>\n<\/div>\n","protected":false},"excerpt":{"rendered":"<p><img loading=\"lazy\" decoding=\"async\" class=\"alignnone size-full wp-image-923\" src=\"https:\/\/www.rehafit.ch\/wp-content\/uploads\/2016\/12\/logo_rollz.gif\" alt=\"\" width=\"100\" height=\"72\"><\/p>\n<p><span class=\"text_allg\">Continuez sur le chemin et restez pleinement en vie avec le d\u00e9ambulateur 2 en 1<\/span><\/p>\n<p>Avec Rollz, vous prenez de l&rsquo;avance, car vous avez toujours ce dont vous avez besoin avec vous : un d\u00e9ambulateur moderne qui peut \u00eatre converti en fauteuil roulant en un rien de temps et, bien s\u00fbr, de retour. Qu&rsquo;une journ\u00e9e active ou de longues vacances vous attendent, que vous souhaitiez assister \u00e0 une belle exposition ou faire du shopping, avec le d\u00e9ambulateur 2 en 1, vous gagnez en mobilit\u00e9. Le Rollz Motion peut \u00eatre pli\u00e9 \u00e0 plat et s&rsquo;adapte \u00e0 toutes les voitures.<\/p>\n","protected":false},"featured_media":1466,"comment_status":"open","ping_status":"closed","template":"","meta":{"kt_blocks_editor_width":""},"product_brand":[],"product_cat":[168],"product_tag":[],"class_list":{"0":"post-11432","1":"product","2":"type-product","3":"status-publish","4":"has-post-thumbnail","6":"product_cat-accessoires","8":"first","9":"instock","10":"taxable","11":"shipping-taxable","12":"purchasable","13":"product-type-simple"},"aioseo_notices":[],"_links":{"self":[{"href":"https:\/\/www.rehafit.ch\/fr\/wp-json\/wp\/v2\/product\/11432","targetHints":{"allow":["GET"]}}],"collection":[{"href":"https:\/\/www.rehafit.ch\/fr\/wp-json\/wp\/v2\/product"}],"about":[{"href":"https:\/\/www.rehafit.ch\/fr\/wp-json\/wp\/v2\/types\/product"}],"replies":[{"embeddable":true,"href":"https:\/\/www.rehafit.ch\/fr\/wp-json\/wp\/v2\/comments?post=11432"}],"wp:featuredmedia":[{"embeddable":true,"href":"https:\/\/www.rehafit.ch\/fr\/wp-json\/wp\/v2\/media\/1466"}],"wp:attachment":[{"href":"https:\/\/www.rehafit.ch\/fr\/wp-json\/wp\/v2\/media?parent=11432"}],"wp:term":[{"taxonomy":"product_brand","embeddable":true,"href":"https:\/\/www.rehafit.ch\/fr\/wp-json\/wp\/v2\/product_brand?post=11432"},{"taxonomy":"product_cat","embeddable":true,"href":"https:\/\/www.rehafit.ch\/fr\/wp-json\/wp\/v2\/product_cat?post=11432"},{"taxonomy":"product_tag","embeddable":true,"href":"https:\/\/www.rehafit.ch\/fr\/wp-json\/wp\/v2\/product_tag?post=11432"}],"curies":[{"name":"wp","href":"https:\/\/api.w.org\/{rel}","templated":true}]}}