{"id":11429,"date":"2018-11-26T16:20:13","date_gmt":"2021-10-21T18:24:29","guid":{"rendered":"https:\/\/www.rehafit.ch\/produkt\/boite-a-une-main-set-3er\/"},"modified":"2021-10-21T18:27:37","modified_gmt":"2021-10-21T18:27:37","slug":"boite-a-une-main","status":"publish","type":"product","link":"https:\/\/www.rehafit.ch\/fr\/Produit\/boite-a-une-main\/","title":{"rendered":"Bo\u00eete \u00e0 une main (set 3er)"},"content":{"rendered":"<p>&nbsp;<\/p>\n<table border=\"0\" width=\"100%\" cellspacing=\"0\" cellpadding=\"0\" bgcolor=\"#FFFFFF\">\n<tbody>\n<tr>\n<td colspan=\"3\" rowspan=\"2\" valign=\"top\" height=\"5\"><span class=\"text_allg\" style=\"font-size: small;\">Les bo\u00eetes sont particuli\u00e8rement adapt\u00e9s aux personnes handicap\u00e9es, aux enfants ou aux personnes aux mains faibles et peuvent \u00eatre actionn\u00e9s d&rsquo;une seule main \u2022 les bo\u00eetes sont faciles \u00e0 manipuler et s&rsquo;ouvrent en appuyant doucement sur le marquage sur le bord du couvercle avec le doigt, la paume ou menton &#8211; sans trop tourner ni visser \u2022 ils se referment en appuyant au milieu du couvercle.<br \/>\nInformation additionnelle:<\/p>\n<p><\/span><\/p>\n<ul>\n<li>La livraison comprend 3 bo\u00eetes en 3 tailles : 0,75 l &#8211; 1,35 l &#8211; 2,00 l<\/li>\n<li>Lave-vaisselle<\/li>\n<li>Fabriqu\u00e9 en mat\u00e9riau respectueux de l&rsquo;environnement : SAN<\/li>\n<li>Approuv\u00e9 pour la nourriture<\/li>\n<li>Pour conserver le sucre, le caf\u00e9, les p\u00e2tisseries, etc.<\/li>\n<li>Convient \u00e9galement pour ranger des perles, des feutres, des puzzles et d&rsquo;autres petits objets.<\/li>\n<\/ul>\n<\/td>\n<\/tr>\n<\/tbody>\n<\/table>\n","protected":false},"excerpt":{"rendered":"<p><img loading=\"lazy\" decoding=\"async\" class=\"alignnone wp-image-311\" src=\"https:\/\/www.rehafit.ch\/wp-content\/uploads\/2016\/12\/rika_logo.jpg\" alt=\"rika_logo\" width=\"105\" height=\"57\"><\/p>\n<p><span class=\"text_allg\">Rika Care produit des aides pour les personnes handicap\u00e9es, les personnes \u00e2g\u00e9es et les enfants ayant des besoins sp\u00e9ciaux. Nous souhaitons faciliter le quotidien des consommateurs et leur offrir une meilleure qualit\u00e9 de vie.<\/span><\/p>\n<p>Rika Care produit des aides depuis 1992, nous avons donc acquis une grande connaissance des bons produits pour nos clients. Les produits sont fabriqu\u00e9s dans notre propre usine, Rika Plast, ils sont fabriqu\u00e9s ici en utilisant le processus de moulage par injection.<\/p>\n","protected":false},"featured_media":1243,"comment_status":"open","ping_status":"closed","template":"","meta":{"kt_blocks_editor_width":""},"product_brand":[],"product_cat":[120],"product_tag":[],"class_list":{"0":"post-11429","1":"product","2":"type-product","3":"status-publish","4":"has-post-thumbnail","6":"product_cat-divers-fr","8":"first","9":"instock","10":"taxable","11":"shipping-taxable","12":"purchasable","13":"product-type-simple"},"aioseo_notices":[],"_links":{"self":[{"href":"https:\/\/www.rehafit.ch\/fr\/wp-json\/wp\/v2\/product\/11429","targetHints":{"allow":["GET"]}}],"collection":[{"href":"https:\/\/www.rehafit.ch\/fr\/wp-json\/wp\/v2\/product"}],"about":[{"href":"https:\/\/www.rehafit.ch\/fr\/wp-json\/wp\/v2\/types\/product"}],"replies":[{"embeddable":true,"href":"https:\/\/www.rehafit.ch\/fr\/wp-json\/wp\/v2\/comments?post=11429"}],"wp:featuredmedia":[{"embeddable":true,"href":"https:\/\/www.rehafit.ch\/fr\/wp-json\/wp\/v2\/media\/1243"}],"wp:attachment":[{"href":"https:\/\/www.rehafit.ch\/fr\/wp-json\/wp\/v2\/media?parent=11429"}],"wp:term":[{"taxonomy":"product_brand","embeddable":true,"href":"https:\/\/www.rehafit.ch\/fr\/wp-json\/wp\/v2\/product_brand?post=11429"},{"taxonomy":"product_cat","embeddable":true,"href":"https:\/\/www.rehafit.ch\/fr\/wp-json\/wp\/v2\/product_cat?post=11429"},{"taxonomy":"product_tag","embeddable":true,"href":"https:\/\/www.rehafit.ch\/fr\/wp-json\/wp\/v2\/product_tag?post=11429"}],"curies":[{"name":"wp","href":"https:\/\/api.w.org\/{rel}","templated":true}]}}