{"id":11409,"date":"2021-10-21T15:28:46","date_gmt":"2021-10-21T15:28:48","guid":{"rendered":"https:\/\/www.rehafit.ch\/?post_type=product&#038;p=11409"},"modified":"2023-11-27T16:52:58","modified_gmt":"2023-11-27T16:52:58","slug":"rollz-motion-2-en-1-kopie","status":"publish","type":"product","link":"https:\/\/www.rehafit.ch\/fr\/Produit\/rollz-motion-2-en-1-kopie\/","title":{"rendered":"Rollz Motion 2 en 1"},"content":{"rendered":"<ul>\n<li>Si\u00e8ge: Hauteur: 55 cm, Largeur: 45 cm, Longueur: 38,5 cm<\/li>\n<li>Dimension: ouvert: Hauteur: 86-102 cm, Largeur: 65,5 cm,Longueur: 63 cm Pli\u00e9: Hauteur: 86- 102 cm, Largeur: 29 cm, Longueur: 63 cm<\/li>\n<li>Taille de l&rsquo;utilisateur : min.<br \/>\n\u00e0 max.<br \/>\nTaille : 1,60 m \u00e0 1,90 m<\/li>\n<li>Poids:10.6kg<\/li>\n<li>Capacit\u00e9 de charge de 125 kg<\/li>\n<\/ul>\n","protected":false},"excerpt":{"rendered":"<p><img loading=\"lazy\" decoding=\"async\" class=\"alignnone size-full wp-image-923\" src=\"https:\/\/www.rehafit.ch\/wp-content\/uploads\/2016\/12\/logo_rollz.gif\" alt=\"\" width=\"100\" height=\"72\" \/><\/p>\n<p><span class=\"text_allg\">Continuez sur le chemin et restez pleinement en vie avec le d\u00e9ambulateur 2 en 1<\/span><\/p>\n<p>Avec Rollz, vous prenez de l&rsquo;avance, car vous avez toujours ce dont vous avez besoin avec vous : un d\u00e9ambulateur moderne qui peut \u00eatre converti en fauteuil roulant en un rien de temps et, bien s\u00fbr, de retour. Qu&rsquo;une journ\u00e9e active ou de longues vacances vous attendent, que vous souhaitiez assister \u00e0 une belle exposition ou faire du shopping, avec le d\u00e9ambulateur 2 en 1, vous gagnez en mobilit\u00e9. Le Rollz Motion peut \u00eatre pli\u00e9 \u00e0 plat et s&rsquo;adapte \u00e0 toutes les voitures.<\/p>\n","protected":false},"featured_media":11389,"comment_status":"open","ping_status":"closed","template":"","meta":{"kt_blocks_editor_width":""},"product_brand":[],"product_cat":[146,154],"product_tag":[],"class_list":{"0":"post-11409","1":"product","2":"type-product","3":"status-publish","4":"has-post-thumbnail","6":"product_cat-rollator","7":"product_cat-special","9":"first","10":"instock","11":"taxable","12":"shipping-taxable","13":"purchasable","14":"product-type-variable"},"aioseo_notices":[],"_links":{"self":[{"href":"https:\/\/www.rehafit.ch\/fr\/wp-json\/wp\/v2\/product\/11409","targetHints":{"allow":["GET"]}}],"collection":[{"href":"https:\/\/www.rehafit.ch\/fr\/wp-json\/wp\/v2\/product"}],"about":[{"href":"https:\/\/www.rehafit.ch\/fr\/wp-json\/wp\/v2\/types\/product"}],"replies":[{"embeddable":true,"href":"https:\/\/www.rehafit.ch\/fr\/wp-json\/wp\/v2\/comments?post=11409"}],"wp:featuredmedia":[{"embeddable":true,"href":"https:\/\/www.rehafit.ch\/fr\/wp-json\/wp\/v2\/media\/11389"}],"wp:attachment":[{"href":"https:\/\/www.rehafit.ch\/fr\/wp-json\/wp\/v2\/media?parent=11409"}],"wp:term":[{"taxonomy":"product_brand","embeddable":true,"href":"https:\/\/www.rehafit.ch\/fr\/wp-json\/wp\/v2\/product_brand?post=11409"},{"taxonomy":"product_cat","embeddable":true,"href":"https:\/\/www.rehafit.ch\/fr\/wp-json\/wp\/v2\/product_cat?post=11409"},{"taxonomy":"product_tag","embeddable":true,"href":"https:\/\/www.rehafit.ch\/fr\/wp-json\/wp\/v2\/product_tag?post=11409"}],"curies":[{"name":"wp","href":"https:\/\/api.w.org\/{rel}","templated":true}]}}