{"id":11365,"date":"2019-11-23T10:22:56","date_gmt":"2021-10-21T08:35:14","guid":{"rendered":"https:\/\/www.rehafit.ch\/produkt\/ciseaux-de-table-a-enfoncer\/"},"modified":"2021-10-21T08:38:25","modified_gmt":"2021-10-21T08:38:25","slug":"ciseaux-de-table-a-enfoncer","status":"publish","type":"product","link":"https:\/\/www.rehafit.ch\/fr\/Produit\/ciseaux-de-table-a-enfoncer\/","title":{"rendered":"Ciseaux de table \u00e0 enfoncer"},"content":{"rendered":"<p>Les ciseaux s&rsquo;ouvrent automatiquement d\u00e8s que la pression est rel\u00e2ch\u00e9e.<br \/>\nGr\u00e2ce aux larges patins, les ciseaux s&rsquo;arr\u00eatent lorsque vous coupez, tr\u00e8s stables.<br \/>\n\u00c9tui inclus<\/p>\n","protected":false},"excerpt":{"rendered":"<p><img loading=\"lazy\" decoding=\"async\" class=\"alignnone size-full wp-image-639\" src=\"https:\/\/www.rehafit.ch\/wp-content\/uploads\/2016\/12\/peta_logo.jpg\" alt=\"\" width=\"300\" height=\"62\"><\/p>\n<p>Peta (UK) Ltd. a d\u00e9velopp\u00e9 une gamme d&rsquo;outils de jardin et de couteaux et ustensiles de cuisine Easi-Grip\u00ae. Peta reste attach\u00e9 aux principes de conception universels qui profitent \u00e0 tous, quel que soit l&rsquo;\u00e2ge ou les capacit\u00e9s.<\/p>\n","protected":false},"featured_media":0,"comment_status":"open","ping_status":"closed","template":"","meta":{"kt_blocks_editor_width":""},"product_brand":[],"product_cat":[117,120],"product_tag":[],"class_list":{"0":"post-11365","1":"product","2":"type-product","3":"status-publish","5":"product_cat-aides-quotidiennes","6":"product_cat-divers-fr","8":"first","9":"instock","10":"taxable","11":"shipping-taxable","12":"purchasable","13":"product-type-simple"},"aioseo_notices":[],"_links":{"self":[{"href":"https:\/\/www.rehafit.ch\/fr\/wp-json\/wp\/v2\/product\/11365","targetHints":{"allow":["GET"]}}],"collection":[{"href":"https:\/\/www.rehafit.ch\/fr\/wp-json\/wp\/v2\/product"}],"about":[{"href":"https:\/\/www.rehafit.ch\/fr\/wp-json\/wp\/v2\/types\/product"}],"replies":[{"embeddable":true,"href":"https:\/\/www.rehafit.ch\/fr\/wp-json\/wp\/v2\/comments?post=11365"}],"wp:attachment":[{"href":"https:\/\/www.rehafit.ch\/fr\/wp-json\/wp\/v2\/media?parent=11365"}],"wp:term":[{"taxonomy":"product_brand","embeddable":true,"href":"https:\/\/www.rehafit.ch\/fr\/wp-json\/wp\/v2\/product_brand?post=11365"},{"taxonomy":"product_cat","embeddable":true,"href":"https:\/\/www.rehafit.ch\/fr\/wp-json\/wp\/v2\/product_cat?post=11365"},{"taxonomy":"product_tag","embeddable":true,"href":"https:\/\/www.rehafit.ch\/fr\/wp-json\/wp\/v2\/product_tag?post=11365"}],"curies":[{"name":"wp","href":"https:\/\/api.w.org\/{rel}","templated":true}]}}