{"id":11357,"date":"2019-11-23T10:27:10","date_gmt":"2021-10-21T08:32:46","guid":{"rendered":"https:\/\/www.rehafit.ch\/produkt\/eponges\/"},"modified":"2021-10-21T08:32:46","modified_gmt":"2021-10-21T08:32:46","slug":"eponges","status":"publish","type":"product","link":"https:\/\/www.rehafit.ch\/fr\/Produit\/eponges\/","title":{"rendered":"\u00c9ponges"},"content":{"rendered":"<p>Un large choix pour chouchouter vos pieds, votre dos et vos jambes sous la douche ou dans le bain &#8211; sans avoir \u00e0 vous pencher ! Ces miracles de bain ultimes de HelpingHand garantissent les meilleurs soins de la t\u00eate aux pieds.<\/p>\n<p><strong>1) Norme:<\/strong><\/p>\n<ul>\n<li>L&rsquo;\u00e9ponge standard \u00e0 long manche a une surface lisse qui est parfaite pour le lavage, mais aussi pour l&rsquo;application de lotion sur le dos, les jambes et les pieds.Le manche de cette simple \u00e9ponge de bain peut \u00eatre pli\u00e9 pour atteindre m\u00eame les zones difficiles. Ainsi, vous pouvez \u00eatre ind\u00e9pendant lorsque vous vous baignez. La longueur totale est de 53 cm.<\/li>\n<\/ul>\n<p><strong>2) \u00e9ponge exfoliante :<\/strong><\/p>\n<ul>\n<li>Mal de dos, articulations raides ou future maman, si vous voulez bien vous frotter mais que vous n&rsquo;arrivez pas \u00e0 vous en procurer, c&rsquo;est pour vous ! La poign\u00e9e de soutien assure confort et facilit\u00e9 lors du bain. La longueur totale est de 65 cm.<\/li>\n<\/ul>\n<p><strong>3) \u00e9ponge pour les pieds<\/strong><\/p>\n<ul>\n<li>Si le lavage entre les orteils est un probl\u00e8me, cela pourrait \u00eatre la solution; le long manche \u00e9limine le besoin de se pencher; l&rsquo;\u00e9ponge est fa\u00e7onn\u00e9e de mani\u00e8re \u00e0 pouvoir aller l\u00e0 o\u00f9 les autres ne peuvent pas. La nouvelle poign\u00e9e de soutien assure confort et facilit\u00e9. La longueur totale est de 65 cm.<\/li>\n<\/ul>\n<p><strong>4) \u00e9ponge en pierre ponce :<\/strong><\/p>\n<ul>\n<li>La poign\u00e9e peut \u00eatre pli\u00e9e pour atteindre les zones difficiles \u00e0 nettoyer et permet une prise ferme mais douce pour les mains humides ou s\u00e8ches; pierre ponce d&rsquo;un c\u00f4t\u00e9 pour enlever la peau dure et s\u00e8che; brosse de l&rsquo;autre pour un nettoyage en profondeur pour atteindre les pieds.<\/li>\n<\/ul>\n<p>&nbsp;<\/p>\n","protected":false},"excerpt":{"rendered":"<p><img loading=\"lazy\" decoding=\"async\" class=\"alignnone wp-image-168\" src=\"https:\/\/www.rehafit.ch\/wp-content\/uploads\/2016\/12\/hh_logo.jpg\" alt=\"hh_logo\" width=\"61\" height=\"66\"><\/p>\n<p>Sp\u00e9cialis\u00e9 dans les produits de soins \u00e0 domicile qui vous aideront \u00e0 maintenir votre ind\u00e9pendance et votre dignit\u00e9. D&rsquo;excellents produits pour la maison qui vous donnent la confiance n\u00e9cessaire pour rendre chaque jour plus agr\u00e9able. Bref, l&rsquo;aide dont vous avez besoin pour vous faciliter la vie, quand vous en avez le plus besoin.<\/p>\n<p>Helping Hand a d\u00e9velopp\u00e9 une gamme de produits fiables et de haute qualit\u00e9, con\u00e7us pour r\u00e9duire les efforts et la frustration.<\/p>\n<p>Vous vous occupez d&rsquo;un parent, d&rsquo;un ami ou d&rsquo;un voisin ? Pas seulement pour les personnes \u00e2g\u00e9es ou handicap\u00e9es. Se remettre d&rsquo;une chute, d&rsquo;une intervention chirurgicale ou vivre avec une maladie de longue dur\u00e9e. Par exemple, l&rsquo;arthrite, les accidents vasculaires c\u00e9r\u00e9braux ou la maladie de Parkinson.<\/p>\n","protected":false},"featured_media":1800,"comment_status":"open","ping_status":"closed","template":"","meta":{"kt_blocks_editor_width":""},"product_brand":[],"product_cat":[117,120],"product_tag":[],"class_list":{"0":"post-11357","1":"product","2":"type-product","3":"status-publish","4":"has-post-thumbnail","6":"product_cat-aides-quotidiennes","7":"product_cat-divers-fr","9":"first","10":"instock","11":"taxable","12":"shipping-taxable","13":"purchasable","14":"product-type-variable"},"aioseo_notices":[],"_links":{"self":[{"href":"https:\/\/www.rehafit.ch\/fr\/wp-json\/wp\/v2\/product\/11357","targetHints":{"allow":["GET"]}}],"collection":[{"href":"https:\/\/www.rehafit.ch\/fr\/wp-json\/wp\/v2\/product"}],"about":[{"href":"https:\/\/www.rehafit.ch\/fr\/wp-json\/wp\/v2\/types\/product"}],"replies":[{"embeddable":true,"href":"https:\/\/www.rehafit.ch\/fr\/wp-json\/wp\/v2\/comments?post=11357"}],"wp:featuredmedia":[{"embeddable":true,"href":"https:\/\/www.rehafit.ch\/fr\/wp-json\/wp\/v2\/media\/1800"}],"wp:attachment":[{"href":"https:\/\/www.rehafit.ch\/fr\/wp-json\/wp\/v2\/media?parent=11357"}],"wp:term":[{"taxonomy":"product_brand","embeddable":true,"href":"https:\/\/www.rehafit.ch\/fr\/wp-json\/wp\/v2\/product_brand?post=11357"},{"taxonomy":"product_cat","embeddable":true,"href":"https:\/\/www.rehafit.ch\/fr\/wp-json\/wp\/v2\/product_cat?post=11357"},{"taxonomy":"product_tag","embeddable":true,"href":"https:\/\/www.rehafit.ch\/fr\/wp-json\/wp\/v2\/product_tag?post=11357"}],"curies":[{"name":"wp","href":"https:\/\/api.w.org\/{rel}","templated":true}]}}