{"id":11354,"date":"2019-11-25T15:30:14","date_gmt":"2021-10-21T08:29:02","guid":{"rendered":"https:\/\/www.rehafit.ch\/produkt\/couteau-a-pain\/"},"modified":"2021-10-21T08:36:08","modified_gmt":"2021-10-21T08:36:08","slug":"couteau-a-pain","status":"publish","type":"product","link":"https:\/\/www.rehafit.ch\/fr\/Produit\/couteau-a-pain\/","title":{"rendered":"Couteau \u00e0 pain"},"content":{"rendered":"<p>Notre gamme populaire de couteaux Easi-Grip\u00ae, y compris le couteau \u00e0 pain Easi-Grip\u00ae, a \u00e9t\u00e9 repens\u00e9e et nous sommes s\u00fbrs que vous aimerez les r\u00e9sultats autant que nous !<\/p>\n<p>Tout d&rsquo;abord, \u00e0 la demande du client, le manche a \u00e9t\u00e9 \u00e9paissi afin d&rsquo;am\u00e9liorer encore le confort et la prise en main des couteaux pour les personnes ayant une mauvaise prise en main.<\/p>\n<p>Nous avons ensuite am\u00e9lior\u00e9 le style et choisi une couleur claire pour mettre en valeur les zones antid\u00e9rapantes sp\u00e9ciales \u00ab\u00a0soft-feel\u00a0\u00bb.<\/p>\n<p>Les r\u00e9sultats finis conservent toutes les caract\u00e9ristiques ergonomiques de notre s\u00e9rie \u00e9prouv\u00e9e, tandis que la conception am\u00e9lior\u00e9e les fait se sentir chez eux dans n&rsquo;importe quelle cuisine moderne.<\/p>\n","protected":false},"excerpt":{"rendered":"<p><img loading=\"lazy\" decoding=\"async\" class=\"alignnone size-full wp-image-639\" src=\"https:\/\/www.rehafit.ch\/wp-content\/uploads\/2016\/12\/peta_logo.jpg\" alt=\"\" width=\"300\" height=\"62\"><\/p>\n<p>Peta (UK) Ltd. a d\u00e9velopp\u00e9 une gamme d&rsquo;outils de jardin et de couteaux et ustensiles de cuisine Easi-Grip\u00ae. Peta reste attach\u00e9 aux principes de conception universels qui profitent \u00e0 tous, quel que soit l&rsquo;\u00e2ge ou les capacit\u00e9s.<\/p>\n","protected":false},"featured_media":1866,"comment_status":"open","ping_status":"closed","template":"","meta":{"kt_blocks_editor_width":""},"product_brand":[],"product_cat":[117,120],"product_tag":[],"class_list":{"0":"post-11354","1":"product","2":"type-product","3":"status-publish","4":"has-post-thumbnail","6":"product_cat-aides-quotidiennes","7":"product_cat-divers-fr","9":"first","10":"instock","11":"taxable","12":"shipping-taxable","13":"purchasable","14":"product-type-simple"},"aioseo_notices":[],"_links":{"self":[{"href":"https:\/\/www.rehafit.ch\/fr\/wp-json\/wp\/v2\/product\/11354","targetHints":{"allow":["GET"]}}],"collection":[{"href":"https:\/\/www.rehafit.ch\/fr\/wp-json\/wp\/v2\/product"}],"about":[{"href":"https:\/\/www.rehafit.ch\/fr\/wp-json\/wp\/v2\/types\/product"}],"replies":[{"embeddable":true,"href":"https:\/\/www.rehafit.ch\/fr\/wp-json\/wp\/v2\/comments?post=11354"}],"wp:featuredmedia":[{"embeddable":true,"href":"https:\/\/www.rehafit.ch\/fr\/wp-json\/wp\/v2\/media\/1866"}],"wp:attachment":[{"href":"https:\/\/www.rehafit.ch\/fr\/wp-json\/wp\/v2\/media?parent=11354"}],"wp:term":[{"taxonomy":"product_brand","embeddable":true,"href":"https:\/\/www.rehafit.ch\/fr\/wp-json\/wp\/v2\/product_brand?post=11354"},{"taxonomy":"product_cat","embeddable":true,"href":"https:\/\/www.rehafit.ch\/fr\/wp-json\/wp\/v2\/product_cat?post=11354"},{"taxonomy":"product_tag","embeddable":true,"href":"https:\/\/www.rehafit.ch\/fr\/wp-json\/wp\/v2\/product_tag?post=11354"}],"curies":[{"name":"wp","href":"https:\/\/api.w.org\/{rel}","templated":true}]}}