{"id":11341,"date":"2020-12-07T14:19:25","date_gmt":"2021-10-21T08:21:02","guid":{"rendered":"https:\/\/www.rehafit.ch\/produkt\/devisys-prolongation-7cm-pour-talon-antiderapant\/"},"modified":"2021-10-21T08:21:02","modified_gmt":"2021-10-21T08:21:02","slug":"devisys-prolongation-7cm-pour-talon-antiderapant","status":"publish","type":"product","link":"https:\/\/www.rehafit.ch\/fr\/Produit\/devisys-prolongation-7cm-pour-talon-antiderapant\/","title":{"rendered":"Devisys prolongation 7cm pour talon antid\u00e9rapant"},"content":{"rendered":"","protected":false},"excerpt":{"rendered":"<p><img loading=\"lazy\" decoding=\"async\" class=\"alignnone size-full wp-image-119\" src=\"https:\/\/www.rehafit.ch\/wp-content\/uploads\/2016\/12\/devisys_logo.jpg\" alt=\"devisys_logo\" width=\"150\" height=\"46\"><\/p>\n<p>La protection antid\u00e9rapante Devisys est faite d&rsquo;un compos\u00e9 de caoutchouc TR durable et r\u00e9sistant au gel. Des pointes en carbure sont int\u00e9gr\u00e9es dans la semelle. Ce sont des pointes de marque extr\u00eamement r\u00e9sistantes \u00e0 l&rsquo;usure, comme celles utilis\u00e9es dans les pneus d&rsquo;hiver scandinaves. Beaucoup de temps de soin et de d\u00e9veloppement a \u00e9t\u00e9 consacr\u00e9 \u00e0 leur dimensionnement et \u00e0 leur disposition optimaux. Les r\u00e9flecteurs 3M \u00e0 l&rsquo;arri\u00e8re offrent une s\u00e9curit\u00e9 suppl\u00e9mentaire dans les mois les plus sombres de l&rsquo;ann\u00e9e.<\/p>\n","protected":false},"featured_media":9711,"comment_status":"open","ping_status":"closed","template":"","meta":{"kt_blocks_editor_width":""},"product_brand":[],"product_cat":[117,121],"product_tag":[],"class_list":{"0":"post-11341","1":"product","2":"type-product","3":"status-publish","4":"has-post-thumbnail","6":"product_cat-aides-quotidiennes","7":"product_cat-talon-anti-derapant","9":"first","10":"instock","11":"taxable","12":"shipping-taxable","13":"purchasable","14":"product-type-simple"},"aioseo_notices":[],"_links":{"self":[{"href":"https:\/\/www.rehafit.ch\/fr\/wp-json\/wp\/v2\/product\/11341","targetHints":{"allow":["GET"]}}],"collection":[{"href":"https:\/\/www.rehafit.ch\/fr\/wp-json\/wp\/v2\/product"}],"about":[{"href":"https:\/\/www.rehafit.ch\/fr\/wp-json\/wp\/v2\/types\/product"}],"replies":[{"embeddable":true,"href":"https:\/\/www.rehafit.ch\/fr\/wp-json\/wp\/v2\/comments?post=11341"}],"wp:featuredmedia":[{"embeddable":true,"href":"https:\/\/www.rehafit.ch\/fr\/wp-json\/wp\/v2\/media\/9711"}],"wp:attachment":[{"href":"https:\/\/www.rehafit.ch\/fr\/wp-json\/wp\/v2\/media?parent=11341"}],"wp:term":[{"taxonomy":"product_brand","embeddable":true,"href":"https:\/\/www.rehafit.ch\/fr\/wp-json\/wp\/v2\/product_brand?post=11341"},{"taxonomy":"product_cat","embeddable":true,"href":"https:\/\/www.rehafit.ch\/fr\/wp-json\/wp\/v2\/product_cat?post=11341"},{"taxonomy":"product_tag","embeddable":true,"href":"https:\/\/www.rehafit.ch\/fr\/wp-json\/wp\/v2\/product_tag?post=11341"}],"curies":[{"name":"wp","href":"https:\/\/api.w.org\/{rel}","templated":true}]}}