{"id":11319,"date":"2020-03-14T14:17:23","date_gmt":"2021-10-20T21:44:21","guid":{"rendered":"https:\/\/www.rehafit.ch\/produkt\/byacre-reseau-commercial\/"},"modified":"2021-11-19T10:20:20","modified_gmt":"2021-11-19T10:20:20","slug":"byacre-reseau-commercial","status":"publish","type":"product","link":"https:\/\/www.rehafit.ch\/fr\/Produit\/byacre-reseau-commercial\/","title":{"rendered":"ByAcre r\u00e9seau commercial"},"content":{"rendered":"","protected":false},"excerpt":{"rendered":"<p><img loading=\"lazy\" decoding=\"async\" class=\"wp-image-4541 size-medium\" src=\"https:\/\/www.rehafit.ch\/wp-content\/uploads\/2020\/03\/byacre-300x157-2-250x99.jpg\" alt=\"Logo\" width=\"250\" height=\"99\" srcset=\"https:\/\/www.rehafit.ch\/wp-content\/uploads\/2020\/03\/byacre-300x157-2-250x99.jpg 250w, https:\/\/www.rehafit.ch\/wp-content\/uploads\/2020\/03\/byacre-300x157-2.jpg 259w\" sizes=\"auto, (max-width: 250px) 100vw, 250px\" \/><\/p>\n<div class=\"woocommerce-product-details__short-description\">\n<p><strong>Tr\u00e8s spacieux<\/strong><\/p>\n<p><strong>Syst\u00e8me de verrouillage simple<\/strong><\/p>\n<p><strong>Facile \u00e0 nettoyer et \u00e0 entretenir<\/strong><br \/>\nFabriqu\u00e9 \u00e0 partir de polyester r\u00e9sistant \u00e0 l&rsquo;usure et aux intemp\u00e9ries qui peut \u00eatre facilement essuy\u00e9<\/p>\n<\/div>\n","protected":false},"featured_media":4523,"comment_status":"open","ping_status":"closed","template":"","meta":{"kt_blocks_editor_width":""},"product_brand":[],"product_cat":[168],"product_tag":[],"class_list":{"0":"post-11319","1":"product","2":"type-product","3":"status-publish","4":"has-post-thumbnail","6":"product_cat-accessoires","8":"first","9":"instock","10":"taxable","11":"shipping-taxable","12":"purchasable","13":"product-type-simple"},"aioseo_notices":[],"_links":{"self":[{"href":"https:\/\/www.rehafit.ch\/fr\/wp-json\/wp\/v2\/product\/11319","targetHints":{"allow":["GET"]}}],"collection":[{"href":"https:\/\/www.rehafit.ch\/fr\/wp-json\/wp\/v2\/product"}],"about":[{"href":"https:\/\/www.rehafit.ch\/fr\/wp-json\/wp\/v2\/types\/product"}],"replies":[{"embeddable":true,"href":"https:\/\/www.rehafit.ch\/fr\/wp-json\/wp\/v2\/comments?post=11319"}],"wp:featuredmedia":[{"embeddable":true,"href":"https:\/\/www.rehafit.ch\/fr\/wp-json\/wp\/v2\/media\/4523"}],"wp:attachment":[{"href":"https:\/\/www.rehafit.ch\/fr\/wp-json\/wp\/v2\/media?parent=11319"}],"wp:term":[{"taxonomy":"product_brand","embeddable":true,"href":"https:\/\/www.rehafit.ch\/fr\/wp-json\/wp\/v2\/product_brand?post=11319"},{"taxonomy":"product_cat","embeddable":true,"href":"https:\/\/www.rehafit.ch\/fr\/wp-json\/wp\/v2\/product_cat?post=11319"},{"taxonomy":"product_tag","embeddable":true,"href":"https:\/\/www.rehafit.ch\/fr\/wp-json\/wp\/v2\/product_tag?post=11319"}],"curies":[{"name":"wp","href":"https:\/\/api.w.org\/{rel}","templated":true}]}}