{"id":11294,"date":"2021-04-23T14:26:41","date_gmt":"2021-10-20T16:04:46","guid":{"rendered":"https:\/\/www.rehafit.ch\/produkt\/tapis-de-gymnastique\/"},"modified":"2021-10-20T16:08:32","modified_gmt":"2021-10-20T16:08:32","slug":"mambo-tapis-gymnastique","status":"publish","type":"product","link":"https:\/\/www.rehafit.ch\/fr\/Produit\/mambo-tapis-gymnastique\/","title":{"rendered":"Tapis de gymnastique"},"content":{"rendered":"<p><strong>Les tapis de gymnastique Mambo Max sont souples au toucher et offrent un environnement d\u2019exercices confortable.<\/strong><br \/>\nIls sont parfaits pour les exercices et le Fitness. Surface antid\u00e9rapante et confortable avec une structure \u00e0 cellules ferm\u00e9es unique.<br \/>\nLes tapis sont dot\u00e9s d\u2019anneaux en plastique pour que vous puissiez les suspendre lorsque vous ne les utilisez pas.<br \/>\nChaque tapis est fourni avec une sangle de rangement\/transport tr\u00e8s pratique.<\/p>\n<ul>\n<li>Comfort Gym tapis 140 x 60 x 1 (cm)<\/li>\n<li>Xtra Comfort Gym tapis 180 x 60 x 1,5 (cm)<\/li>\n<li>Xtra Comfort Gym tapis 180 x 100 x 1,5 (cm)<\/li>\n<\/ul>\n<p>Nos c\u00e9l\u00e8bres tapis de gymnastique de 1,5 cm d\u2019\u00e9paisseur portent d\u00e9sormais le nom de \u00abTapis de gymnastique Xtra Comfort\u00bb<br \/>\npour souligner leur confort suppl\u00e9mentaire par rapport aux tapis plus minces.<br \/>\naux tapis plus minces.<\/p>\n","protected":false},"excerpt":{"rendered":"<p><img loading=\"lazy\" decoding=\"async\" class=\"alignnone wp-image-9812\" src=\"https:\/\/www.rehafit.ch\/wp-content\/uploads\/2021\/02\/logo-300x225-1.png\" alt=\"\" width=\"139\" height=\"104\" srcset=\"https:\/\/www.rehafit.ch\/wp-content\/uploads\/2021\/02\/logo-300x225-1.png 300w, https:\/\/www.rehafit.ch\/wp-content\/uploads\/2021\/02\/logo-300x225-1-250x188.png 250w\" sizes=\"auto, (max-width: 139px) 100vw, 139px\" \/><\/p>\n<p>MVS In Motion est sp\u00e9cialis\u00e9 dans les produits de physioth\u00e9rapie et de r\u00e9\u00e9ducation, de sport et de fitness et s&rsquo;efforce toujours d&rsquo;offrir des produits de haute qualit\u00e9.<\/p>\n","protected":false},"featured_media":9967,"comment_status":"open","ping_status":"closed","template":"","meta":{"kt_blocks_editor_width":""},"product_brand":[],"product_cat":[140,199],"product_tag":[],"class_list":{"0":"post-11294","1":"product","2":"type-product","3":"status-publish","4":"has-post-thumbnail","6":"product_cat-fitness-wellness-pilates-fr","7":"product_cat-top-offres","9":"first","10":"instock","11":"sale","12":"taxable","13":"shipping-taxable","14":"purchasable","15":"product-type-variable"},"aioseo_notices":[],"_links":{"self":[{"href":"https:\/\/www.rehafit.ch\/fr\/wp-json\/wp\/v2\/product\/11294","targetHints":{"allow":["GET"]}}],"collection":[{"href":"https:\/\/www.rehafit.ch\/fr\/wp-json\/wp\/v2\/product"}],"about":[{"href":"https:\/\/www.rehafit.ch\/fr\/wp-json\/wp\/v2\/types\/product"}],"replies":[{"embeddable":true,"href":"https:\/\/www.rehafit.ch\/fr\/wp-json\/wp\/v2\/comments?post=11294"}],"wp:featuredmedia":[{"embeddable":true,"href":"https:\/\/www.rehafit.ch\/fr\/wp-json\/wp\/v2\/media\/9967"}],"wp:attachment":[{"href":"https:\/\/www.rehafit.ch\/fr\/wp-json\/wp\/v2\/media?parent=11294"}],"wp:term":[{"taxonomy":"product_brand","embeddable":true,"href":"https:\/\/www.rehafit.ch\/fr\/wp-json\/wp\/v2\/product_brand?post=11294"},{"taxonomy":"product_cat","embeddable":true,"href":"https:\/\/www.rehafit.ch\/fr\/wp-json\/wp\/v2\/product_cat?post=11294"},{"taxonomy":"product_tag","embeddable":true,"href":"https:\/\/www.rehafit.ch\/fr\/wp-json\/wp\/v2\/product_tag?post=11294"}],"curies":[{"name":"wp","href":"https:\/\/api.w.org\/{rel}","templated":true}]}}