{"id":11289,"date":"2021-04-27T07:18:35","date_gmt":"2021-10-20T15:58:38","guid":{"rendered":"https:\/\/www.rehafit.ch\/produkt\/mambo-max-ekilibre-debutant\/"},"modified":"2021-10-20T15:58:38","modified_gmt":"2021-10-20T15:58:38","slug":"mambo-max-ekilibre-debutant","status":"publish","type":"product","link":"https:\/\/www.rehafit.ch\/fr\/Produit\/mambo-max-ekilibre-debutant\/","title":{"rendered":"Mambo Max Ekilibre | d\u00e9butant"},"content":{"rendered":"<p><span dir=\"ltr\"><strong>Le plateau d\u2019\u00e9quilibre Mambo Max Ekilibre est con\u00e7u pour le travail de l\u2019\u00e9quilibre<\/strong> Comme <\/span><span dir=\"ltr\">Combinaison de coussin d&rsquo;\u00e9quilibrage et de planche d&rsquo;\u00e9quilibrage<\/span> <span dir=\"ltr\">,<\/span> <span dir=\"ltr\">il offre le meilleur des deux<\/span> <span dir=\"ltr\">mondes. Il am\u00e9liore votre sens de l&rsquo;\u00e9quilibre, de la coordination, de la r\u00e9action et de la motricit\u00e9. <\/span><span dir=\"ltr\">Il peut \u00eatre utilis\u00e9 pour s&rsquo;allonger, s&rsquo;agenouiller, s&rsquo;asseoir et marcher<\/span> <span dir=\"ltr\">et peut \u00eatre combin\u00e9 avec d&rsquo;autres \u00e9quipements d&rsquo;entra\u00eenement<br \/>\n ??<br \/>\n Taille : 60 x 39 x 9 cm<br \/>\n \u00ab\u00a0Capacit\u00e9 de charge : 100 kg\u00a0\u00bb<br \/>\n ??<\/span><\/p>\n","protected":false},"excerpt":{"rendered":"<p><img loading=\"lazy\" decoding=\"async\" class=\"alignnone wp-image-9812\" src=\"https:\/\/www.rehafit.ch\/wp-content\/uploads\/2021\/02\/logo-300x225-1.png\" alt=\"\" width=\"139\" height=\"104\" srcset=\"https:\/\/www.rehafit.ch\/wp-content\/uploads\/2021\/02\/logo-300x225-1.png 300w, https:\/\/www.rehafit.ch\/wp-content\/uploads\/2021\/02\/logo-300x225-1-250x188.png 250w\" sizes=\"auto, (max-width: 139px) 100vw, 139px\" \/><\/p>\n<p>MVS In Motion est sp\u00e9cialis\u00e9 dans les produits de physioth\u00e9rapie et de r\u00e9\u00e9ducation, de sport et de fitness et s&rsquo;efforce toujours d&rsquo;offrir des produits de haute qualit\u00e9.<\/p>\n","protected":false},"featured_media":9977,"comment_status":"open","ping_status":"closed","template":"","meta":{"kt_blocks_editor_width":""},"product_brand":[],"product_cat":[140,199],"product_tag":[],"class_list":{"0":"post-11289","1":"product","2":"type-product","3":"status-publish","4":"has-post-thumbnail","6":"product_cat-fitness-wellness-pilates-fr","7":"product_cat-top-offres","9":"first","10":"instock","11":"sale","12":"taxable","13":"shipping-taxable","14":"purchasable","15":"product-type-simple"},"aioseo_notices":[],"_links":{"self":[{"href":"https:\/\/www.rehafit.ch\/fr\/wp-json\/wp\/v2\/product\/11289","targetHints":{"allow":["GET"]}}],"collection":[{"href":"https:\/\/www.rehafit.ch\/fr\/wp-json\/wp\/v2\/product"}],"about":[{"href":"https:\/\/www.rehafit.ch\/fr\/wp-json\/wp\/v2\/types\/product"}],"replies":[{"embeddable":true,"href":"https:\/\/www.rehafit.ch\/fr\/wp-json\/wp\/v2\/comments?post=11289"}],"wp:featuredmedia":[{"embeddable":true,"href":"https:\/\/www.rehafit.ch\/fr\/wp-json\/wp\/v2\/media\/9977"}],"wp:attachment":[{"href":"https:\/\/www.rehafit.ch\/fr\/wp-json\/wp\/v2\/media?parent=11289"}],"wp:term":[{"taxonomy":"product_brand","embeddable":true,"href":"https:\/\/www.rehafit.ch\/fr\/wp-json\/wp\/v2\/product_brand?post=11289"},{"taxonomy":"product_cat","embeddable":true,"href":"https:\/\/www.rehafit.ch\/fr\/wp-json\/wp\/v2\/product_cat?post=11289"},{"taxonomy":"product_tag","embeddable":true,"href":"https:\/\/www.rehafit.ch\/fr\/wp-json\/wp\/v2\/product_tag?post=11289"}],"curies":[{"name":"wp","href":"https:\/\/api.w.org\/{rel}","templated":true}]}}