{"id":11144,"date":"2017-02-11T16:08:27","date_gmt":"2021-10-18T12:55:51","guid":{"rendered":"https:\/\/www.rehafit.ch\/produkt\/bischoff-bischoff-pyro-start-plus-avec-frein-a-tambour\/"},"modified":"2021-10-18T12:55:51","modified_gmt":"2021-10-18T12:55:51","slug":"bb-pyro-start-plus-avec-frein-tambour","status":"publish","type":"product","link":"https:\/\/www.rehafit.ch\/fr\/Produit\/bb-pyro-start-plus-avec-frein-tambour\/","title":{"rendered":"Bischoff &amp; Bischoff Pyro Start Plus avec frein \u00e0 tambour"},"content":{"rendered":"<table class=\"contenttable\" width=\"359\">\n<tbody>\n<tr class=\"align-justify\">\n<td><\/td>\n<td class=\"align-justify\"><\/td>\n<\/tr>\n<tr class=\"align-justify\">\n<td rowspan=\"1\">Capacit\u00e9 de charge<\/td>\n<td class=\"align-justify\" rowspan=\"1\">125 kg<\/td>\n<\/tr>\n<tr>\n<td>permis<\/td>\n<td>14,2 kg<\/td>\n<\/tr>\n<tr>\n<td>Hauteur totale<\/td>\n<td>86 &#8211; 94 cm<\/td>\n<\/tr>\n<tr>\n<td>Largeur<\/td>\n<td>Largeur d&rsquo;assise + 20 cm<\/td>\n<\/tr>\n<tr>\n<td>Plier<\/td>\n<td>32 cm<\/td>\n<\/tr>\n<tr>\n<td>Longueur totale<br \/>\nincl. Repose pieds<\/td>\n<td>100 cm<\/td>\n<\/tr>\n<tr>\n<td rowspan=\"1\">Longueur totale<br \/>\nsans repose pieds<\/td>\n<td rowspan=\"1\">79 cm<\/td>\n<\/tr>\n<tr>\n<td rowspan=\"1\">Couleur<\/td>\n<td rowspan=\"1\">Gris<\/td>\n<\/tr>\n<\/tbody>\n<\/table>\n<p>&nbsp;<\/p>\n","protected":false},"excerpt":{"rendered":"<h5><span class=\"text_allg\" style=\"font-size: small;\"><img loading=\"lazy\" decoding=\"async\" class=\"alignnone size-full wp-image-793\" src=\"https:\/\/www.rehafit.ch\/wp-content\/uploads\/2017\/02\/bb.jpg\" alt=\"\" width=\"150\" height=\"93\" srcset=\"https:\/\/www.rehafit.ch\/wp-content\/uploads\/2017\/02\/bb.jpg 150w, https:\/\/www.rehafit.ch\/wp-content\/uploads\/2017\/02\/bb-80x50.jpg 80w\" sizes=\"auto, (max-width: 150px) 100vw, 150px\" \/><\/span><\/h5>\n<p>De construction et de conception plus modernes que le Pyro Light (parties lat\u00e9rales r\u00e9glables en longueur et en hauteur r\u00e9vis\u00e9es ainsi que repose-pieds r\u00e9glables en angle r\u00e9vis\u00e9s), il offre la m\u00eame polyvalence (hauteur d&rsquo;assise et extension d&#8217;empattement r\u00e9glables, repose-jambes pivotant et \u00e9ventuellement r\u00e9glable horizontalement). Son avantage sur les autres : il ne p\u00e8se que 14,2 kg.<\/p>\n<p>&nbsp;<\/p>\n","protected":false},"featured_media":0,"comment_status":"open","ping_status":"closed","template":"","meta":{"kt_blocks_editor_width":""},"product_brand":[],"product_cat":[170,150],"product_tag":[],"class_list":{"0":"post-11144","1":"product","2":"type-product","3":"status-publish","5":"product_cat-fauteil-roulant-leger","6":"product_cat-fauteuils-roulants","8":"first","9":"instock","10":"taxable","11":"shipping-taxable","12":"purchasable","13":"product-type-variable"},"aioseo_notices":[],"_links":{"self":[{"href":"https:\/\/www.rehafit.ch\/fr\/wp-json\/wp\/v2\/product\/11144","targetHints":{"allow":["GET"]}}],"collection":[{"href":"https:\/\/www.rehafit.ch\/fr\/wp-json\/wp\/v2\/product"}],"about":[{"href":"https:\/\/www.rehafit.ch\/fr\/wp-json\/wp\/v2\/types\/product"}],"replies":[{"embeddable":true,"href":"https:\/\/www.rehafit.ch\/fr\/wp-json\/wp\/v2\/comments?post=11144"}],"wp:attachment":[{"href":"https:\/\/www.rehafit.ch\/fr\/wp-json\/wp\/v2\/media?parent=11144"}],"wp:term":[{"taxonomy":"product_brand","embeddable":true,"href":"https:\/\/www.rehafit.ch\/fr\/wp-json\/wp\/v2\/product_brand?post=11144"},{"taxonomy":"product_cat","embeddable":true,"href":"https:\/\/www.rehafit.ch\/fr\/wp-json\/wp\/v2\/product_cat?post=11144"},{"taxonomy":"product_tag","embeddable":true,"href":"https:\/\/www.rehafit.ch\/fr\/wp-json\/wp\/v2\/product_tag?post=11144"}],"curies":[{"name":"wp","href":"https:\/\/api.w.org\/{rel}","templated":true}]}}