{"id":11116,"date":"2016-12-03T22:13:52","date_gmt":"2021-10-18T09:48:29","guid":{"rendered":"https:\/\/www.rehafit.ch\/produkt\/meyra-eurochair-2-750-avec-frein-a-tambour\/"},"modified":"2021-10-18T09:48:29","modified_gmt":"2021-10-18T09:48:29","slug":"meyra-eurochair-1-750-avec-frein-a-tambour","status":"publish","type":"product","link":"https:\/\/www.rehafit.ch\/fr\/Produit\/meyra-eurochair-1-750-avec-frein-a-tambour\/","title":{"rendered":"Meyra Eurochair 2.750 avec frein \u00e0 tambour"},"content":{"rendered":"<p>&nbsp;<\/p>\n<table class=\"technical-specification width-100\">\n<tbody>\n<tr>\n<th>Largeur d&rsquo;assise<\/th>\n<td>38 cm<\/td>\n<td>40 cm<\/td>\n<td>43 cm<\/td>\n<td>46 cm<\/td>\n<td>48 cm<\/td>\n<td>50 cm<\/td>\n<td>53 cm<\/td>\n<\/tr>\n<tr>\n<th>Largeur pr\u00eat \u00e0 rouler<\/th>\n<td>58 cm<\/td>\n<td>60 cm<\/td>\n<td>63 cm<\/td>\n<td>66 cm<\/td>\n<td>68 cm<\/td>\n<td>70 cm<\/td>\n<td>73 cm<\/td>\n<\/tr>\n<tr>\n<th>Site gefaltet<\/th>\n<td colspan=\"8\">28 cm<\/td>\n<\/tr>\n<tr>\n<th>Profondeur d&rsquo;assise<\/th>\n<td colspan=\"8\">variable de 40 \u00e0 46 cm<\/td>\n<\/tr>\n<tr>\n<th>Hauteur d&rsquo;assise devant \/ derri\u00e8re<\/th>\n<td colspan=\"8\">variable de 47 \u00e0 52 cm<\/td>\n<\/tr>\n<tr>\n<th>Hauteur totale<\/th>\n<td colspan=\"8\">93 cm<\/td>\n<\/tr>\n<tr>\n<th>Hauteur du dos<\/th>\n<td colspan=\"8\">420 cm<\/td>\n<\/tr>\n<tr>\n<th>Hauteur des accoudoirs<\/th>\n<td colspan=\"8\">21 &#8211; 26 cm<\/td>\n<\/tr>\n<tr>\n<th>Longueur avec repose-pieds et roulettes de support<\/th>\n<td colspan=\"8\">105 cm<\/td>\n<\/tr>\n<tr>\n<th>Roues derri\u00e8res<\/th>\n<td colspan=\"8\">24&Prime;<\/td>\n<\/tr>\n<tr>\n<th>Max. Capacit\u00e9 de charge<\/th>\n<td colspan=\"8\">130kg<\/td>\n<\/tr>\n<tr>\n<th>Poids<\/th>\n<td colspan=\"8\">min. 17,5 kg<\/td>\n<\/tr>\n<tr>\n<th>Poids permis<\/th>\n<td colspan=\"8\">max. 150 kg<\/td>\n<\/tr>\n<tr>\n<th><\/th>\n<td colspan=\"8\"><\/td>\n<\/tr>\n<\/tbody>\n<\/table>\n<p>&nbsp;<\/p>\n","protected":false},"excerpt":{"rendered":"<h5><span class=\"text_allg\" style=\"font-size: small;\"><b><img loading=\"lazy\" decoding=\"async\" class=\"alignnone wp-image-213\" src=\"https:\/\/www.rehafit.ch\/wp-content\/uploads\/2016\/12\/logo_19.gif\" alt=\"logo_19\" width=\"111\" height=\"32\"><\/b><\/span><\/h5>\n<p>Dossier r\u00e9glable \u2013 accoudoirs r\u00e9glables en hauteur \u2013 parties lat\u00e9rales rabattables, rabattables et d\u00e9montables \u2013 repose-jambes d\u00e9montables et rabattables \u2013 repose-pieds \u00e0 angle r\u00e9glable \u2013 ceinture de s\u00e9curit\u00e9 et de dossier (rembourr\u00e9e, noire) \u2013 pneus PU increvables \u2013 aluminium mains courantes<\/p>\n<p><strong>incl. Ceinture de maintien, porte-canne, \u00e9clairage passif, rouleaux de soutien, coussins d&rsquo;assise<\/strong><\/p>\n","protected":false},"featured_media":0,"comment_status":"open","ping_status":"closed","template":"","meta":{"kt_blocks_editor_width":""},"product_brand":[],"product_cat":[170],"product_tag":[],"class_list":{"0":"post-11116","1":"product","2":"type-product","3":"status-publish","5":"product_cat-fauteil-roulant-leger","7":"first","8":"instock","9":"taxable","10":"shipping-taxable","11":"purchasable","12":"product-type-variable"},"aioseo_notices":[],"_links":{"self":[{"href":"https:\/\/www.rehafit.ch\/fr\/wp-json\/wp\/v2\/product\/11116","targetHints":{"allow":["GET"]}}],"collection":[{"href":"https:\/\/www.rehafit.ch\/fr\/wp-json\/wp\/v2\/product"}],"about":[{"href":"https:\/\/www.rehafit.ch\/fr\/wp-json\/wp\/v2\/types\/product"}],"replies":[{"embeddable":true,"href":"https:\/\/www.rehafit.ch\/fr\/wp-json\/wp\/v2\/comments?post=11116"}],"wp:attachment":[{"href":"https:\/\/www.rehafit.ch\/fr\/wp-json\/wp\/v2\/media?parent=11116"}],"wp:term":[{"taxonomy":"product_brand","embeddable":true,"href":"https:\/\/www.rehafit.ch\/fr\/wp-json\/wp\/v2\/product_brand?post=11116"},{"taxonomy":"product_cat","embeddable":true,"href":"https:\/\/www.rehafit.ch\/fr\/wp-json\/wp\/v2\/product_cat?post=11116"},{"taxonomy":"product_tag","embeddable":true,"href":"https:\/\/www.rehafit.ch\/fr\/wp-json\/wp\/v2\/product_tag?post=11116"}],"curies":[{"name":"wp","href":"https:\/\/api.w.org\/{rel}","templated":true}]}}