{"id":11040,"date":"2016-12-03T15:17:43","date_gmt":"2021-10-17T10:19:30","guid":{"rendered":"https:\/\/www.rehafit.ch\/produkt\/chaise-de-toilette-roulant-ocean\/"},"modified":"2021-10-17T10:19:30","modified_gmt":"2021-10-17T10:19:30","slug":"chaise-de-toilette-ocean","status":"publish","type":"product","link":"https:\/\/www.rehafit.ch\/fr\/Produit\/chaise-de-toilette-ocean\/","title":{"rendered":"Chaise de toilette roulant OCEAN"},"content":{"rendered":"<ul>\n<li>Mati\u00e8re : plastique lavable<\/li>\n<li>tr\u00e8s stable<\/li>\n<li>Hauteur totale: 90cm<\/li>\n<li>Largeur totale: 54.5cm<\/li>\n<li>Largeur entre les accoudoirs<\/li>\n<li>Hauteur d&rsquo;assise: 50cm<\/li>\n<li>Poids: 14kg<\/li>\n<li>Capacit\u00e9 de charge: 100kg<\/li>\n<li>y compris le seau<\/li>\n<li>Couleur bleu<\/li>\n<\/ul>\n","protected":false},"excerpt":{"rendered":"<p><span class=\"text_allg\"><img loading=\"lazy\" decoding=\"async\" class=\"alignnone wp-image-184\" src=\"https:\/\/www.rehafit.ch\/wp-content\/uploads\/2016\/12\/herdegen_logo.jpg\" alt=\"herdegen_logo\" width=\"120\" height=\"71\"><br \/>\n<\/span><\/p>\n<p>Ce fauteuil roulant de toilettes est \u00e9quip\u00e9 de 4 freins. Gr\u00e2ce \u00e0 sa petite largeur, il peut \u00e9galement \u00eatre pouss\u00e9 \u00e0 travers des portes \u00e9troites \u00e0 l&rsquo;int\u00e9rieur.<\/p>\n<p><span class=\"text_allg\">Herdegen con\u00e7oit et fabrique des outils bon march\u00e9 pour un usage quotidien depuis plus de 50 ans<br \/>\n <\/span> Herdegen se caract\u00e9rise par des produits innovants tels que le si\u00e8ge de toilette sur\u00e9lev\u00e9 souple <a href=\"https:\/\/www.rehafit.ch\/produkt\/toilettensitzerhoehung-contact-plus\/\">CONTACT PLUS<\/a> ou la b\u00e9quille d&rsquo;avant-bras en mousse ADVANCE.<\/p>\n","protected":false},"featured_media":0,"comment_status":"open","ping_status":"closed","template":"","meta":{"kt_blocks_editor_width":""},"product_brand":[],"product_cat":[152,176],"product_tag":[],"class_list":{"0":"post-11040","1":"product","2":"type-product","3":"status-publish","5":"product_cat-aides-a-la-toilette","6":"product_cat-chaise-de-toilette-roulante","8":"first","9":"instock","10":"taxable","11":"shipping-taxable","12":"purchasable","13":"product-type-simple"},"aioseo_notices":[],"_links":{"self":[{"href":"https:\/\/www.rehafit.ch\/fr\/wp-json\/wp\/v2\/product\/11040","targetHints":{"allow":["GET"]}}],"collection":[{"href":"https:\/\/www.rehafit.ch\/fr\/wp-json\/wp\/v2\/product"}],"about":[{"href":"https:\/\/www.rehafit.ch\/fr\/wp-json\/wp\/v2\/types\/product"}],"replies":[{"embeddable":true,"href":"https:\/\/www.rehafit.ch\/fr\/wp-json\/wp\/v2\/comments?post=11040"}],"wp:attachment":[{"href":"https:\/\/www.rehafit.ch\/fr\/wp-json\/wp\/v2\/media?parent=11040"}],"wp:term":[{"taxonomy":"product_brand","embeddable":true,"href":"https:\/\/www.rehafit.ch\/fr\/wp-json\/wp\/v2\/product_brand?post=11040"},{"taxonomy":"product_cat","embeddable":true,"href":"https:\/\/www.rehafit.ch\/fr\/wp-json\/wp\/v2\/product_cat?post=11040"},{"taxonomy":"product_tag","embeddable":true,"href":"https:\/\/www.rehafit.ch\/fr\/wp-json\/wp\/v2\/product_tag?post=11040"}],"curies":[{"name":"wp","href":"https:\/\/api.w.org\/{rel}","templated":true}]}}