{"id":11037,"date":"2016-12-03T15:05:16","date_gmt":"2021-10-17T10:14:28","guid":{"rendered":"https:\/\/www.rehafit.ch\/produkt\/chaise-de-douche-et-toilette-4-dans-un-cadre-1-alu\/"},"modified":"2021-10-17T10:14:28","modified_gmt":"2021-10-17T10:14:28","slug":"chaise-de-douche-et-toilette-4-dans-un-cadre-1-alu","status":"publish","type":"product","link":"https:\/\/www.rehafit.ch\/fr\/Produit\/chaise-de-douche-et-toilette-4-dans-un-cadre-1-alu\/","title":{"rendered":"Chaise de douche et toilette 4 dans un cadre 1 ALU"},"content":{"rendered":"<ul>\n<li>Huateur d&rsquo;assise: 42-54cm<\/li>\n<li>Largeur: 61-65 cm<\/li>\n<li>Profondeur: 50cm<\/li>\n<li>Poids: 3.2kg<\/li>\n<li>Capacit\u00e9 de charge 120kg<\/li>\n<li>Couleur bleu<\/li>\n<\/ul>\n","protected":false},"excerpt":{"rendered":"<p><span class=\"text_allg\"><img loading=\"lazy\" decoding=\"async\" class=\"alignnone wp-image-184\" src=\"https:\/\/www.rehafit.ch\/wp-content\/uploads\/2016\/12\/herdegen_logo.jpg\" alt=\"herdegen_logo\" width=\"120\" height=\"71\"><br \/>\n<\/span><\/p>\n<p>La chaise de toilette 4 en 1 a un cadre en aluminium inoxydable et peut \u00eatre utilis\u00e9e comme chaise de toilette, si\u00e8ge de toilette sur\u00e9lev\u00e9, cadre de support de toilette ou chaise de douche. La chaise a un si\u00e8ge rembourr\u00e9 confortable et facile \u00e0 monter. La chaise a un si\u00e8ge rembourr\u00e9 confortable et facile \u00e0 monter.<\/p>\n<p><span class=\"text_allg\">Herdegen con\u00e7oit et fabrique des outils bon march\u00e9 pour un usage quotidien depuis plus de 50 ans<br \/>\n <\/span> Herdegen se caract\u00e9rise par des produits innovants tels que le si\u00e8ge de toilette sur\u00e9lev\u00e9 souple <a href=\"https:\/\/www.rehafit.ch\/produkt\/toilettensitzerhoehung-contact-plus\/\">CONTACT PLUS<\/a> ou la b\u00e9quille d&rsquo;avant-bras en mousse ADVANCE.<\/p>\n","protected":false},"featured_media":201,"comment_status":"open","ping_status":"closed","template":"","meta":{"kt_blocks_editor_width":""},"product_brand":[],"product_cat":[178,199],"product_tag":[],"class_list":{"0":"post-11037","1":"product","2":"type-product","3":"status-publish","4":"has-post-thumbnail","6":"product_cat-support-de-toilette","7":"product_cat-top-offres","9":"first","10":"instock","11":"sale","12":"taxable","13":"shipping-taxable","14":"purchasable","15":"product-type-simple"},"aioseo_notices":[],"_links":{"self":[{"href":"https:\/\/www.rehafit.ch\/fr\/wp-json\/wp\/v2\/product\/11037","targetHints":{"allow":["GET"]}}],"collection":[{"href":"https:\/\/www.rehafit.ch\/fr\/wp-json\/wp\/v2\/product"}],"about":[{"href":"https:\/\/www.rehafit.ch\/fr\/wp-json\/wp\/v2\/types\/product"}],"replies":[{"embeddable":true,"href":"https:\/\/www.rehafit.ch\/fr\/wp-json\/wp\/v2\/comments?post=11037"}],"wp:featuredmedia":[{"embeddable":true,"href":"https:\/\/www.rehafit.ch\/fr\/wp-json\/wp\/v2\/media\/201"}],"wp:attachment":[{"href":"https:\/\/www.rehafit.ch\/fr\/wp-json\/wp\/v2\/media?parent=11037"}],"wp:term":[{"taxonomy":"product_brand","embeddable":true,"href":"https:\/\/www.rehafit.ch\/fr\/wp-json\/wp\/v2\/product_brand?post=11037"},{"taxonomy":"product_cat","embeddable":true,"href":"https:\/\/www.rehafit.ch\/fr\/wp-json\/wp\/v2\/product_cat?post=11037"},{"taxonomy":"product_tag","embeddable":true,"href":"https:\/\/www.rehafit.ch\/fr\/wp-json\/wp\/v2\/product_tag?post=11037"}],"curies":[{"name":"wp","href":"https:\/\/api.w.org\/{rel}","templated":true}]}}