{"id":11002,"date":"2016-12-03T14:29:51","date_gmt":"2016-12-03T14:29:51","guid":{"rendered":"https:\/\/www.rehafit.ch\/produkt\/chaise-de-toilette-open-ocean\/"},"modified":"2021-10-14T12:00:23","modified_gmt":"2021-10-14T12:00:23","slug":"chaise-de-toilette-open-ocean","status":"publish","type":"product","link":"https:\/\/www.rehafit.ch\/fr\/Produit\/chaise-de-toilette-open-ocean\/","title":{"rendered":"Chaise de toilette OPEN OCEAN"},"content":{"rendered":"<ul>\n<li>Mati\u00e8re : plastique lavable<\/li>\n<li>tr\u00e8s stable<\/li>\n<li>Capacit\u00e9 de charge: 130kg<\/li>\n<li>Largeur: 60.5cm<\/li>\n<li>Hauteur totale: 86cm<\/li>\n<li>Largeur entre les accoudoirs: 51cm<\/li>\n<li>Hauteur d&rsquo;assise: 52cm<\/li>\n<li>Poids: 6.6kg<\/li>\n<li>y compris le seau<\/li>\n<li>Couleur bleu<\/li>\n<\/ul>\n","protected":false},"excerpt":{"rendered":"<p><span class=\"text_allg\"><img loading=\"lazy\" decoding=\"async\" class=\"alignnone wp-image-184\" src=\"https:\/\/www.rehafit.ch\/wp-content\/uploads\/2016\/12\/herdegen_logo.jpg\" alt=\"herdegen_logo\" width=\"120\" height=\"71\"><br \/>\n<\/span><\/p>\n<p>Cette chaise de toilette Open Ocean est id\u00e9ale pour les personnes qui ont besoin de toilettes pr\u00e8s de leur lit, par exemple. S&rsquo;asseoir et se lever sont soutenus par les accoudoirs et la hauteur d&rsquo;assise r\u00e9glable.<\/p>\n<p><span class=\"text_allg\">Herdegen con\u00e7oit et fabrique des outils bon march\u00e9 pour un usage quotidien depuis plus de 50 ans<br \/>\n <\/span> Herdegen se caract\u00e9rise par des produits innovants tels que le si\u00e8ge de toilette sur\u00e9lev\u00e9 souple <a href=\"https:\/\/www.rehafit.ch\/produkt\/toilettensitzerhoehung-contact-plus\/\">CONTACT PLUS<\/a> ou la b\u00e9quille d&rsquo;avant-bras en mousse ADVANCE.<\/p>\n","protected":false},"featured_media":197,"comment_status":"open","ping_status":"closed","template":"","meta":{"kt_blocks_editor_width":""},"product_brand":[],"product_cat":[152,177],"product_tag":[],"class_list":{"0":"post-11002","1":"product","2":"type-product","3":"status-publish","4":"has-post-thumbnail","6":"product_cat-aides-a-la-toilette","7":"product_cat-chaise-de-toilette","9":"first","10":"instock","11":"taxable","12":"shipping-taxable","13":"purchasable","14":"product-type-simple"},"aioseo_notices":[],"_links":{"self":[{"href":"https:\/\/www.rehafit.ch\/fr\/wp-json\/wp\/v2\/product\/11002","targetHints":{"allow":["GET"]}}],"collection":[{"href":"https:\/\/www.rehafit.ch\/fr\/wp-json\/wp\/v2\/product"}],"about":[{"href":"https:\/\/www.rehafit.ch\/fr\/wp-json\/wp\/v2\/types\/product"}],"replies":[{"embeddable":true,"href":"https:\/\/www.rehafit.ch\/fr\/wp-json\/wp\/v2\/comments?post=11002"}],"wp:featuredmedia":[{"embeddable":true,"href":"https:\/\/www.rehafit.ch\/fr\/wp-json\/wp\/v2\/media\/197"}],"wp:attachment":[{"href":"https:\/\/www.rehafit.ch\/fr\/wp-json\/wp\/v2\/media?parent=11002"}],"wp:term":[{"taxonomy":"product_brand","embeddable":true,"href":"https:\/\/www.rehafit.ch\/fr\/wp-json\/wp\/v2\/product_brand?post=11002"},{"taxonomy":"product_cat","embeddable":true,"href":"https:\/\/www.rehafit.ch\/fr\/wp-json\/wp\/v2\/product_cat?post=11002"},{"taxonomy":"product_tag","embeddable":true,"href":"https:\/\/www.rehafit.ch\/fr\/wp-json\/wp\/v2\/product_tag?post=11002"}],"curies":[{"name":"wp","href":"https:\/\/api.w.org\/{rel}","templated":true}]}}