{"id":10963,"date":"2016-12-03T13:19:07","date_gmt":"2021-10-14T10:44:30","guid":{"rendered":"https:\/\/www.rehafit.ch\/produkt\/pince-handi-grip-pro\/"},"modified":"2024-10-23T22:51:27","modified_gmt":"2024-10-23T22:51:27","slug":"pince-handi-grip","status":"publish","type":"product","link":"https:\/\/www.rehafit.ch\/fr\/Produit\/pince-handi-grip\/","title":{"rendered":"Pince HANDI-GRIP \u00ab\u00a0Pro\u00a0\u00bb"},"content":{"rendered":"<p>Tout comme une main humaine, le Handi-Grip Pro ramasse les objets du quotidien dans la chambre, tout comme vos propres doigts et pouces.<\/p>\n<p>Avez-vous une mobilit\u00e9 limit\u00e9e dans vos mains? Le Handigrip a une t\u00eate de pr\u00e9hension unique qui peut \u00eatre tourn\u00e9e \u00e0 90 degr\u00e9s sans exercer de contrainte sur le poignet. Il suffit de le retirer, de le tourner et de le remettre en place. Maintenant, vous pouvez confortablement atteindre derri\u00e8re la table de chevet, ouvrir l&rsquo;armoire ou tirer les rideaux.<\/p>\n<ul>\n<li>Les l\u00e8vres douces sont souples &#8211; vous pouvez donc facilement ramasser une \u00e9pingle \u00e0 cheveux ou une boucle d&rsquo;oreille sur le sol de la chambre.<\/li>\n<li>La nouvelle pince am\u00e9lior\u00e9e avec des dents suppl\u00e9mentaires garantit une pr\u00e9hension pr\u00e9cise &#8211; chaque taille, chaque surface, \u00e0 chaque fois. Versuchen Sie es mal mit einer Bluse oder einer Haarb\u00fcrste.<\/li>\n<li>Leiden Sie unter Ischiasschmerzen oder haben Sie Angst, sich zu b\u00fccken? &#8211; Sie k\u00f6nnen Ihren Greifer mit gro\u00dfer Reichweite mit einem Stockclip an Ihrem Gehstock, Rollator oder Stock befestigen.<\/li>\n<\/ul>\n<p><strong>Sp\u00e9cifications techniques:<\/strong><\/p>\n<ul>\n<li>Longueur : 65cm<\/li>\n<li>Ouverture de pr\u00e9hension : ~ 8,3 cm (variable)<\/li>\n<li>Poids : 234g<\/li>\n<li>Couleur jaune<\/li>\n<\/ul>\n<p>&nbsp;<\/p>\n<p><strong>Clip pour pince :<\/strong><br \/>\n<a href=\"https:\/\/www.rehafit.ch\/produkt\/clip-fuer-greifzange\/\"><img loading=\"lazy\" decoding=\"async\" class=\"alignnone wp-image-10484 size-thumbnail\" src=\"https:\/\/www.rehafit.ch\/wp-content\/uploads\/2021\/08\/Klammern-1-150x150.jpg\" alt=\"\" width=\"150\" height=\"150\" srcset=\"https:\/\/www.rehafit.ch\/wp-content\/uploads\/2021\/08\/Klammern-1-150x150.jpg 150w, https:\/\/www.rehafit.ch\/wp-content\/uploads\/2021\/08\/Klammern-1-300x300.jpg 300w, https:\/\/www.rehafit.ch\/wp-content\/uploads\/2021\/08\/Klammern-1-456x456.jpg 456w, https:\/\/www.rehafit.ch\/wp-content\/uploads\/2021\/08\/Klammern-1-100x100.jpg 100w, https:\/\/www.rehafit.ch\/wp-content\/uploads\/2021\/08\/Klammern-1-407x407.jpg 407w, https:\/\/www.rehafit.ch\/wp-content\/uploads\/2021\/08\/Klammern-1-600x600.jpg 600w, https:\/\/www.rehafit.ch\/wp-content\/uploads\/2021\/08\/Klammern-1-480x480.jpg 480w, https:\/\/www.rehafit.ch\/wp-content\/uploads\/2021\/08\/Klammern-1-240x240.jpg 240w\" sizes=\"auto, (max-width: 150px) 100vw, 150px\" \/><\/a><\/p>\n<p>&nbsp;<\/p>\n","protected":false},"excerpt":{"rendered":"<p><img loading=\"lazy\" decoding=\"async\" class=\"alignnone wp-image-168\" src=\"https:\/\/www.rehafit.ch\/wp-content\/uploads\/2016\/12\/hh_logo.jpg\" alt=\"hh_logo\" width=\"61\" height=\"66\"><\/p>\n<p>Sp\u00e9cialis\u00e9 dans les produits de soins \u00e0 domicile qui vous aideront \u00e0 maintenir votre ind\u00e9pendance et votre dignit\u00e9. D&rsquo;excellents produits pour la maison qui vous donnent la confiance n\u00e9cessaire pour rendre chaque jour plus agr\u00e9able. Bref, l&rsquo;aide dont vous avez besoin pour vous faciliter la vie, quand vous en avez le plus besoin.<\/p>\n<p>Helping Hand a d\u00e9velopp\u00e9 une gamme de produits fiables et de haute qualit\u00e9, con\u00e7us pour r\u00e9duire les efforts et la frustration.<\/p>\n<p>Vous vous occupez d&rsquo;un parent, d&rsquo;un ami ou d&rsquo;un voisin ? Pas seulement pour les personnes \u00e2g\u00e9es ou handicap\u00e9es. Se remettre d&rsquo;une chute, d&rsquo;une intervention chirurgicale ou vivre avec une maladie de longue dur\u00e9e. Par exemple, l&rsquo;arthrite, les accidents vasculaires c\u00e9r\u00e9braux ou la maladie de Parkinson.<\/p>\n<p>&nbsp;<\/p>\n","protected":false},"featured_media":174,"comment_status":"open","ping_status":"closed","template":"","meta":{"kt_blocks_editor_width":""},"product_brand":[],"product_cat":[122],"product_tag":[],"class_list":{"0":"post-10963","1":"product","2":"type-product","3":"status-publish","4":"has-post-thumbnail","6":"product_cat-pince","8":"first","9":"instock","10":"taxable","11":"shipping-taxable","12":"purchasable","13":"product-type-variable"},"aioseo_notices":[],"_links":{"self":[{"href":"https:\/\/www.rehafit.ch\/fr\/wp-json\/wp\/v2\/product\/10963","targetHints":{"allow":["GET"]}}],"collection":[{"href":"https:\/\/www.rehafit.ch\/fr\/wp-json\/wp\/v2\/product"}],"about":[{"href":"https:\/\/www.rehafit.ch\/fr\/wp-json\/wp\/v2\/types\/product"}],"replies":[{"embeddable":true,"href":"https:\/\/www.rehafit.ch\/fr\/wp-json\/wp\/v2\/comments?post=10963"}],"wp:featuredmedia":[{"embeddable":true,"href":"https:\/\/www.rehafit.ch\/fr\/wp-json\/wp\/v2\/media\/174"}],"wp:attachment":[{"href":"https:\/\/www.rehafit.ch\/fr\/wp-json\/wp\/v2\/media?parent=10963"}],"wp:term":[{"taxonomy":"product_brand","embeddable":true,"href":"https:\/\/www.rehafit.ch\/fr\/wp-json\/wp\/v2\/product_brand?post=10963"},{"taxonomy":"product_cat","embeddable":true,"href":"https:\/\/www.rehafit.ch\/fr\/wp-json\/wp\/v2\/product_cat?post=10963"},{"taxonomy":"product_tag","embeddable":true,"href":"https:\/\/www.rehafit.ch\/fr\/wp-json\/wp\/v2\/product_tag?post=10963"}],"curies":[{"name":"wp","href":"https:\/\/api.w.org\/{rel}","templated":true}]}}