{"id":10949,"date":"2016-12-03T13:07:54","date_gmt":"2021-10-14T10:30:37","guid":{"rendered":"https:\/\/www.rehafit.ch\/produkt\/pince-classic-pro-pliable\/"},"modified":"2021-10-14T10:30:37","modified_gmt":"2021-10-14T10:30:37","slug":"pince-classic-pliable","status":"publish","type":"product","link":"https:\/\/www.rehafit.ch\/fr\/Produit\/pince-classic-pliable\/","title":{"rendered":"Pince CLASSIC Pro pliable"},"content":{"rendered":"<p>Le Classic Pro pliable est id\u00e9al pour les personnes \u00e2g\u00e9es ou handicap\u00e9es, ou pour tous ceux qui ont du mal \u00e0 se pencher et \u00e0 saisir. Hier sind die wichtigsten Merkmale:<\/p>\n<ul>\n<li>Il peut \u00eatre rapidement rang\u00e9 dans une valise, un sac de voyage ou un sac \u00e0 provisions.<\/li>\n<li>Eine rutschfeste, griffige Kralle sorgt f\u00fcr festen Halt, wenn Sie ein Hemd oder eine Haarb\u00fcrste aufheben.<\/li>\n<li>Saviez-vous que le crochet est id\u00e9al pour enfiler des chaussettes ou pour enfiler votre manteau\/pull ?<\/li>\n<li>La pointe magn\u00e9tique permet de ramasser les petits objets m\u00e9talliques. Cela permet d&rsquo;atteindre plus facilement les endroits difficiles d&rsquo;acc\u00e8s.<\/li>\n<li>Y compris un clip tr\u00e8s utile. Ainsi, vous avez toujours vos pinces \u00e0 vos c\u00f4t\u00e9s. Ebenso k\u00f6nnen Sie ihn an einer Gehhilfe, einem Stock oder einer Kr\u00fccke befestigen.<\/li>\n<\/ul>\n<p><strong>Sp\u00e9cifications techniques:<\/strong><\/p>\n<ul>\n<li>Longueur du manche : 10 cm<\/li>\n<li>Ouverture de pr\u00e9hension : ~ 7cm (variable)<\/li>\n<li>Poids: 195g<\/li>\n<li>Couleur jaune<\/li>\n<\/ul>\n<p><strong>Clip pour pince :<\/strong><\/p>\n<p><img loading=\"lazy\" decoding=\"async\" class=\"alignnone wp-image-10484 size-thumbnail\" src=\"https:\/\/www.rehafit.ch\/wp-content\/uploads\/2021\/08\/Klammern-1-150x150.jpg\" alt=\"\" width=\"150\" height=\"150\" srcset=\"https:\/\/www.rehafit.ch\/wp-content\/uploads\/2021\/08\/Klammern-1-150x150.jpg 150w, https:\/\/www.rehafit.ch\/wp-content\/uploads\/2021\/08\/Klammern-1-300x300.jpg 300w, https:\/\/www.rehafit.ch\/wp-content\/uploads\/2021\/08\/Klammern-1-456x456.jpg 456w, https:\/\/www.rehafit.ch\/wp-content\/uploads\/2021\/08\/Klammern-1-100x100.jpg 100w, https:\/\/www.rehafit.ch\/wp-content\/uploads\/2021\/08\/Klammern-1-407x407.jpg 407w, https:\/\/www.rehafit.ch\/wp-content\/uploads\/2021\/08\/Klammern-1-600x600.jpg 600w, https:\/\/www.rehafit.ch\/wp-content\/uploads\/2021\/08\/Klammern-1-480x480.jpg 480w, https:\/\/www.rehafit.ch\/wp-content\/uploads\/2021\/08\/Klammern-1-240x240.jpg 240w\" sizes=\"auto, (max-width: 150px) 100vw, 150px\" \/><\/p>\n<p>&nbsp;<\/p>\n<p>&nbsp;<\/p>\n","protected":false},"excerpt":{"rendered":"<p><img loading=\"lazy\" decoding=\"async\" class=\"alignnone wp-image-168\" src=\"https:\/\/www.rehafit.ch\/wp-content\/uploads\/2016\/12\/hh_logo.jpg\" alt=\"hh_logo\" width=\"61\" height=\"66\"><\/p>\n<p>Sp\u00e9cialis\u00e9 dans les produits de soins \u00e0 domicile qui vous aideront \u00e0 maintenir votre ind\u00e9pendance et votre dignit\u00e9. D&rsquo;excellents produits pour la maison qui vous donnent la confiance n\u00e9cessaire pour rendre chaque jour plus agr\u00e9able. Bref, l&rsquo;aide dont vous avez besoin pour vous faciliter la vie, quand vous en avez le plus besoin.<\/p>\n<p>Helping Hand a d\u00e9velopp\u00e9 une gamme de produits fiables et de haute qualit\u00e9, con\u00e7us pour r\u00e9duire les efforts et la frustration.<\/p>\n<p>Vous vous occupez d&rsquo;un parent, d&rsquo;un ami ou d&rsquo;un voisin ? Pas seulement pour les personnes \u00e2g\u00e9es ou handicap\u00e9es. Se remettre d&rsquo;une chute, d&rsquo;une intervention chirurgicale ou vivre avec une maladie de longue dur\u00e9e. Par exemple, l&rsquo;arthrite, les accidents vasculaires c\u00e9r\u00e9braux ou la maladie de Parkinson.<\/p>\n","protected":false},"featured_media":10274,"comment_status":"open","ping_status":"closed","template":"","meta":{"kt_blocks_editor_width":""},"product_brand":[],"product_cat":[122],"product_tag":[],"class_list":{"0":"post-10949","1":"product","2":"type-product","3":"status-publish","4":"has-post-thumbnail","6":"product_cat-pince","8":"first","9":"instock","10":"taxable","11":"shipping-taxable","12":"purchasable","13":"product-type-variable"},"aioseo_notices":[],"_links":{"self":[{"href":"https:\/\/www.rehafit.ch\/fr\/wp-json\/wp\/v2\/product\/10949","targetHints":{"allow":["GET"]}}],"collection":[{"href":"https:\/\/www.rehafit.ch\/fr\/wp-json\/wp\/v2\/product"}],"about":[{"href":"https:\/\/www.rehafit.ch\/fr\/wp-json\/wp\/v2\/types\/product"}],"replies":[{"embeddable":true,"href":"https:\/\/www.rehafit.ch\/fr\/wp-json\/wp\/v2\/comments?post=10949"}],"wp:featuredmedia":[{"embeddable":true,"href":"https:\/\/www.rehafit.ch\/fr\/wp-json\/wp\/v2\/media\/10274"}],"wp:attachment":[{"href":"https:\/\/www.rehafit.ch\/fr\/wp-json\/wp\/v2\/media?parent=10949"}],"wp:term":[{"taxonomy":"product_brand","embeddable":true,"href":"https:\/\/www.rehafit.ch\/fr\/wp-json\/wp\/v2\/product_brand?post=10949"},{"taxonomy":"product_cat","embeddable":true,"href":"https:\/\/www.rehafit.ch\/fr\/wp-json\/wp\/v2\/product_cat?post=10949"},{"taxonomy":"product_tag","embeddable":true,"href":"https:\/\/www.rehafit.ch\/fr\/wp-json\/wp\/v2\/product_tag?post=10949"}],"curies":[{"name":"wp","href":"https:\/\/api.w.org\/{rel}","templated":true}]}}