{"id":10942,"date":"2016-12-03T10:44:48","date_gmt":"2021-10-14T09:55:11","guid":{"rendered":"https:\/\/www.rehafit.ch\/produkt\/pince-classic-pro\/"},"modified":"2021-10-14T10:25:49","modified_gmt":"2021-10-14T10:25:49","slug":"pince-classic","status":"publish","type":"product","link":"https:\/\/www.rehafit.ch\/fr\/Produit\/pince-classic\/","title":{"rendered":"Pince CLASSIC \u00ab\u00a0Pro\u00a0\u00bb"},"content":{"rendered":"<p>Plus de 82 % de nos clients utilisent une pince \u00e0 pr\u00e9hension pour le serrage. Notre outil de pr\u00e9hension Classic Pro de haute qualit\u00e9 vous aidera \u00e0 faciliter les t\u00e2ches quotidiennes, voici les 4 caract\u00e9ristiques les plus importantes :<\/p>\n<ul>\n<li>Une t\u00eate de pr\u00e9hension antid\u00e9rapante assure une prise ferme lorsque vous prenez un chemisier ou un journal.<\/li>\n<li>Saviez-vous que la g\u00e2chette \u00e0 crochet est id\u00e9ale pour enfiler des chaussettes ou pour enfiler un manteau\/pull ?<\/li>\n<li>La pointe magn\u00e9tique permet de ramasser les petites pi\u00e8ces m\u00e9talliques. Cela permet d&rsquo;atteindre plus facilement les endroits difficiles d&rsquo;acc\u00e8s.<\/li>\n<li>Der Classic Pro Greifzange liegt ein sehr n\u00fctzlicher Clip bei. Damit haben Sie Ihren Greifer zuverl\u00e4ssig an Ihrer Seite. Ebenso k\u00f6nnen Sie ihn an einer Gehhilfe, einem Stock oder einer Kr\u00fccke befestigen. Immer dabei, wenn Sie ihn brauchen&#8230;<\/li>\n<\/ul>\n<p><strong>Sp\u00e9cifications techniques:<\/strong><\/p>\n<ul>\n<li>Longueur du manche : 10 cm<\/li>\n<li>Ouverture de pr\u00e9hension : ~ 7cm (variable)<\/li>\n<li>Poids: 185g<\/li>\n<li>Couleur jaune<\/li>\n<\/ul>\n<p><strong>Clip pour pince :<\/strong><\/p>\n<p><a href=\"https:\/\/www.rehafit.ch\/produkt\/clip-fuer-greifzange\/\"><img loading=\"lazy\" decoding=\"async\" class=\"alignnone wp-image-10484 size-thumbnail\" src=\"https:\/\/www.rehafit.ch\/wp-content\/uploads\/2021\/08\/Klammern-1-150x150.jpg\" alt=\"\" width=\"150\" height=\"150\" srcset=\"https:\/\/www.rehafit.ch\/wp-content\/uploads\/2021\/08\/Klammern-1-150x150.jpg 150w, https:\/\/www.rehafit.ch\/wp-content\/uploads\/2021\/08\/Klammern-1-300x300.jpg 300w, https:\/\/www.rehafit.ch\/wp-content\/uploads\/2021\/08\/Klammern-1-456x456.jpg 456w, https:\/\/www.rehafit.ch\/wp-content\/uploads\/2021\/08\/Klammern-1-100x100.jpg 100w, https:\/\/www.rehafit.ch\/wp-content\/uploads\/2021\/08\/Klammern-1-407x407.jpg 407w, https:\/\/www.rehafit.ch\/wp-content\/uploads\/2021\/08\/Klammern-1-600x600.jpg 600w, https:\/\/www.rehafit.ch\/wp-content\/uploads\/2021\/08\/Klammern-1-480x480.jpg 480w, https:\/\/www.rehafit.ch\/wp-content\/uploads\/2021\/08\/Klammern-1-240x240.jpg 240w\" sizes=\"auto, (max-width: 150px) 100vw, 150px\" \/><\/a><\/p>\n<p>&nbsp;<\/p>\n","protected":false},"excerpt":{"rendered":"<p><img loading=\"lazy\" decoding=\"async\" class=\"alignnone wp-image-168\" src=\"https:\/\/www.rehafit.ch\/wp-content\/uploads\/2016\/12\/hh_logo.jpg\" alt=\"hh_logo\" width=\"61\" height=\"66\"><\/p>\n<p>Sp\u00e9cialis\u00e9 dans les produits de soins \u00e0 domicile qui vous aideront \u00e0 maintenir votre ind\u00e9pendance et votre dignit\u00e9. D&rsquo;excellents produits pour la maison qui vous donnent la confiance n\u00e9cessaire pour rendre chaque jour plus agr\u00e9able. Bref, l&rsquo;aide dont vous avez besoin pour vous faciliter la vie, quand vous en avez le plus besoin.<\/p>\n<p>Helping Hand a d\u00e9velopp\u00e9 une gamme de produits fiables et de haute qualit\u00e9, con\u00e7us pour r\u00e9duire les efforts et la frustration.<\/p>\n<p>Vous vous occupez d&rsquo;un parent, d&rsquo;un ami ou d&rsquo;un voisin ? Pas seulement pour les personnes \u00e2g\u00e9es ou handicap\u00e9es. Se remettre d&rsquo;une chute, d&rsquo;une intervention chirurgicale ou vivre avec une maladie de longue dur\u00e9e. Par exemple, l&rsquo;arthrite, les accidents vasculaires c\u00e9r\u00e9braux ou la maladie de Parkinson.<\/p>\n","protected":false},"featured_media":164,"comment_status":"open","ping_status":"closed","template":"","meta":{"kt_blocks_editor_width":""},"product_brand":[],"product_cat":[122],"product_tag":[],"class_list":{"0":"post-10942","1":"product","2":"type-product","3":"status-publish","4":"has-post-thumbnail","6":"product_cat-pince","8":"first","9":"instock","10":"taxable","11":"shipping-taxable","12":"purchasable","13":"product-type-variable"},"aioseo_notices":[],"_links":{"self":[{"href":"https:\/\/www.rehafit.ch\/fr\/wp-json\/wp\/v2\/product\/10942","targetHints":{"allow":["GET"]}}],"collection":[{"href":"https:\/\/www.rehafit.ch\/fr\/wp-json\/wp\/v2\/product"}],"about":[{"href":"https:\/\/www.rehafit.ch\/fr\/wp-json\/wp\/v2\/types\/product"}],"replies":[{"embeddable":true,"href":"https:\/\/www.rehafit.ch\/fr\/wp-json\/wp\/v2\/comments?post=10942"}],"wp:featuredmedia":[{"embeddable":true,"href":"https:\/\/www.rehafit.ch\/fr\/wp-json\/wp\/v2\/media\/164"}],"wp:attachment":[{"href":"https:\/\/www.rehafit.ch\/fr\/wp-json\/wp\/v2\/media?parent=10942"}],"wp:term":[{"taxonomy":"product_brand","embeddable":true,"href":"https:\/\/www.rehafit.ch\/fr\/wp-json\/wp\/v2\/product_brand?post=10942"},{"taxonomy":"product_cat","embeddable":true,"href":"https:\/\/www.rehafit.ch\/fr\/wp-json\/wp\/v2\/product_cat?post=10942"},{"taxonomy":"product_tag","embeddable":true,"href":"https:\/\/www.rehafit.ch\/fr\/wp-json\/wp\/v2\/product_tag?post=10942"}],"curies":[{"name":"wp","href":"https:\/\/api.w.org\/{rel}","templated":true}]}}