{"id":10898,"date":"2016-12-02T12:07:59","date_gmt":"2021-10-14T09:21:44","guid":{"rendered":"https:\/\/www.rehafit.ch\/produkt\/poignee-a-2-mains-telescopique-longueur-utile-665-790mm\/"},"modified":"2021-10-14T09:21:44","modified_gmt":"2021-10-14T09:21:44","slug":"poignee-2-mains-665-790mm","status":"publish","type":"product","link":"https:\/\/www.rehafit.ch\/fr\/Produit\/poignee-2-mains-665-790mm\/","title":{"rendered":"Poign\u00e9e \u00e0 2 mains t\u00e9lescopique longueur utile 665-790mm"},"content":{"rendered":"<p><img loading=\"lazy\" decoding=\"async\" class=\"alignnone wp-image-10777 \" src=\"https:\/\/www.rehafit.ch\/wp-content\/uploads\/2016\/12\/mobeli_hinweis-2.jpg\" width=\"341\" height=\"277\"><\/p>\n","protected":false},"excerpt":{"rendered":"<p><img loading=\"lazy\" decoding=\"async\" class=\"alignnone size-full wp-image-51\" src=\"https:\/\/www.rehafit.ch\/wp-content\/uploads\/2016\/11\/mobeli_logo.jpg\" alt=\"logo_mobeli\" width=\"140\" height=\"46\"><\/p>\n<ul>\n<li>Poign\u00e9e r\u00e9glable \u00e0 2 mains en plastique haute r\u00e9sistance sans ar\u00eates vives.<\/li>\n<li>Toutes les pi\u00e8ces m\u00e9talliques en acier inoxydable<\/li>\n<li>avec 2 ventouses en m\u00e9lange de caoutchouc sp\u00e9cial<\/li>\n<li>Max. Max. Charge max. 85 kg<\/li>\n<li>L&rsquo;adh\u00e9rence est g\u00e9n\u00e9r\u00e9e via 2 culbuteurs faciles \u00e0 utiliser<\/li>\n<li>Longueur utile: 665-790mm<\/li>\n<li>Couleur blanche\n<p><img loading=\"lazy\" decoding=\"async\" class=\"alignnone size-full wp-image-1552\" src=\"https:\/\/www.rehafit.ch\/wp-content\/uploads\/2016\/11\/T%C3%9CV-Symbol-f%C3%BCr-MOBELI-Haltegriffe-2019-e1571229986972.jpg\" alt=\"\" width=\"150\" height=\"150\"><\/li>\n<\/ul>\n","protected":false},"featured_media":661,"comment_status":"open","ping_status":"closed","template":"","meta":{"kt_blocks_editor_width":""},"product_brand":[],"product_cat":[157,158],"product_tag":[],"class_list":{"0":"post-10898","1":"product","2":"type-product","3":"status-publish","4":"has-post-thumbnail","6":"product_cat-poignee-mobeli-ventouse","7":"product_cat-telescope","9":"first","10":"instock","11":"taxable","12":"shipping-taxable","13":"purchasable","14":"product-type-simple"},"aioseo_notices":[],"_links":{"self":[{"href":"https:\/\/www.rehafit.ch\/fr\/wp-json\/wp\/v2\/product\/10898","targetHints":{"allow":["GET"]}}],"collection":[{"href":"https:\/\/www.rehafit.ch\/fr\/wp-json\/wp\/v2\/product"}],"about":[{"href":"https:\/\/www.rehafit.ch\/fr\/wp-json\/wp\/v2\/types\/product"}],"replies":[{"embeddable":true,"href":"https:\/\/www.rehafit.ch\/fr\/wp-json\/wp\/v2\/comments?post=10898"}],"wp:featuredmedia":[{"embeddable":true,"href":"https:\/\/www.rehafit.ch\/fr\/wp-json\/wp\/v2\/media\/661"}],"wp:attachment":[{"href":"https:\/\/www.rehafit.ch\/fr\/wp-json\/wp\/v2\/media?parent=10898"}],"wp:term":[{"taxonomy":"product_brand","embeddable":true,"href":"https:\/\/www.rehafit.ch\/fr\/wp-json\/wp\/v2\/product_brand?post=10898"},{"taxonomy":"product_cat","embeddable":true,"href":"https:\/\/www.rehafit.ch\/fr\/wp-json\/wp\/v2\/product_cat?post=10898"},{"taxonomy":"product_tag","embeddable":true,"href":"https:\/\/www.rehafit.ch\/fr\/wp-json\/wp\/v2\/product_tag?post=10898"}],"curies":[{"name":"wp","href":"https:\/\/api.w.org\/{rel}","templated":true}]}}