{"id":10844,"date":"2016-12-02T06:49:13","date_gmt":"2021-10-14T08:18:53","guid":{"rendered":"https:\/\/www.rehafit.ch\/produkt\/quattroplus-325-445mm\/"},"modified":"2021-10-14T09:15:02","modified_gmt":"2021-10-14T09:15:02","slug":"quattroplus-325-445mm","status":"publish","type":"product","link":"https:\/\/www.rehafit.ch\/fr\/Produit\/quattroplus-325-445mm\/","title":{"rendered":"QuattroPlus 325-445mm"},"content":{"rendered":"<p><img loading=\"lazy\" decoding=\"async\" class=\"alignnone wp-image-10777\" src=\"https:\/\/www.rehafit.ch\/wp-content\/uploads\/2016\/12\/mobeli_hinweis-2.jpg\" width=\"341\" height=\"277\"><\/p>\n","protected":false},"excerpt":{"rendered":"<p><img loading=\"lazy\" decoding=\"async\" class=\"alignnone size-full wp-image-51\" src=\"https:\/\/www.rehafit.ch\/wp-content\/uploads\/2016\/11\/mobeli_logo.jpg\" alt=\"logo_mobeli\" width=\"140\" height=\"46\"><span class=\"text_allg\" style=\"font-size: small;\"><br \/>\n<\/span><\/p>\n<p>Variante pour charges \u00e9lev\u00e9es : La barre d&rsquo;appui sous vide mobile QuattroPlus peut \u00eatre fix\u00e9e au mur et autour d&rsquo;un coin, elle sert de barre d&rsquo;entra\u00eenement horizontale et d&rsquo;aide au transfert. Les joints universels int\u00e9gr\u00e9s rendent le QuattroPlus tr\u00e8s flexible.<\/p>\n<ul>\n<li>Charge max. 160 kg<\/li>\n<li>Longueur utile: 320-445mm<\/li>\n<li>Couleur blanche<\/li>\n<\/ul>\n<p><img loading=\"lazy\" decoding=\"async\" class=\"alignnone size-full wp-image-1552\" src=\"https:\/\/www.rehafit.ch\/wp-content\/uploads\/2016\/11\/T%C3%9CV-Symbol-f%C3%BCr-MOBELI-Haltegriffe-2019-e1571229986972.jpg\" alt=\"\" width=\"150\" height=\"150\"><\/p>\n<p><span class=\"text_allg\"> <\/span><\/p>\n<p>&nbsp;<\/p>\n<p><span class=\"text_allg\" style=\"font-size: small;\"> <\/span><\/p>\n<p>&nbsp;<\/p>\n","protected":false},"featured_media":101,"comment_status":"open","ping_status":"closed","template":"","meta":{"kt_blocks_editor_width":""},"product_brand":[],"product_cat":[157,159],"product_tag":[],"class_list":{"0":"post-10844","1":"product","2":"type-product","3":"status-publish","4":"has-post-thumbnail","6":"product_cat-poignee-mobeli-ventouse","7":"product_cat-poignees-de-prehension-max-160-kilogrammes","9":"first","10":"instock","11":"taxable","12":"shipping-taxable","13":"purchasable","14":"product-type-simple"},"aioseo_notices":[],"_links":{"self":[{"href":"https:\/\/www.rehafit.ch\/fr\/wp-json\/wp\/v2\/product\/10844","targetHints":{"allow":["GET"]}}],"collection":[{"href":"https:\/\/www.rehafit.ch\/fr\/wp-json\/wp\/v2\/product"}],"about":[{"href":"https:\/\/www.rehafit.ch\/fr\/wp-json\/wp\/v2\/types\/product"}],"replies":[{"embeddable":true,"href":"https:\/\/www.rehafit.ch\/fr\/wp-json\/wp\/v2\/comments?post=10844"}],"wp:featuredmedia":[{"embeddable":true,"href":"https:\/\/www.rehafit.ch\/fr\/wp-json\/wp\/v2\/media\/101"}],"wp:attachment":[{"href":"https:\/\/www.rehafit.ch\/fr\/wp-json\/wp\/v2\/media?parent=10844"}],"wp:term":[{"taxonomy":"product_brand","embeddable":true,"href":"https:\/\/www.rehafit.ch\/fr\/wp-json\/wp\/v2\/product_brand?post=10844"},{"taxonomy":"product_cat","embeddable":true,"href":"https:\/\/www.rehafit.ch\/fr\/wp-json\/wp\/v2\/product_cat?post=10844"},{"taxonomy":"product_tag","embeddable":true,"href":"https:\/\/www.rehafit.ch\/fr\/wp-json\/wp\/v2\/product_tag?post=10844"}],"curies":[{"name":"wp","href":"https:\/\/api.w.org\/{rel}","templated":true}]}}