{"id":10776,"date":"2016-11-30T19:28:29","date_gmt":"2021-09-27T20:19:47","guid":{"rendered":"https:\/\/www.rehafit.ch\/produkt\/1-poignee-100-mm-de-longueur-de-prehension\/"},"modified":"2024-11-09T11:52:37","modified_gmt":"2024-11-09T11:52:37","slug":"1-poignee-longueur-de-poignee-de-100-mm","status":"publish","type":"product","link":"https:\/\/www.rehafit.ch\/fr\/Produit\/1-poignee-longueur-de-poignee-de-100-mm\/","title":{"rendered":"Poigne\u00e9 \u00e0 1 main longueur utile 110 mm"},"content":{"rendered":"<p><img loading=\"lazy\" decoding=\"async\" class=\"alignnone wp-image-10777\" src=\"https:\/\/www.rehafit.ch\/wp-content\/uploads\/2016\/12\/mobeli_hinweis-2.jpg\" width=\"341\" height=\"277\"><\/p>\n","protected":false},"excerpt":{"rendered":"<p><img loading=\"lazy\" decoding=\"async\" class=\"alignnone size-full wp-image-51\" src=\"https:\/\/www.rehafit.ch\/wp-content\/uploads\/2016\/11\/mobeli_logo.jpg\" alt=\"logo_mobeli\" width=\"140\" height=\"46\"><\/p>\n<ul>\n<li>Poign\u00e9e \u00e0 une main en plastique haute r\u00e9sistance sans ar\u00eates vives.<\/li>\n<li>Toutes les pi\u00e8ces m\u00e9talliques en acier inoxydable<\/li>\n<li>avec 2 ventouses en m\u00e9lange de caoutchouc sp\u00e9cial<\/li>\n<li>Max. Poids de l&rsquo;utilisateur 105 kg sur des surfaces lisses et \u00e9tanches<\/li>\n<li>L&rsquo;adh\u00e9rence est g\u00e9n\u00e9r\u00e9e via 2 culbuteurs faciles \u00e0 utiliser<\/li>\n<li>Longueur utile : 10 cm<\/li>\n<li>Couleur blanche<\/li>\n<\/ul>\n<p><img loading=\"lazy\" decoding=\"async\" class=\"alignnone wp-image-1552 size-thumbnail\" src=\"https:\/\/www.rehafit.ch\/wp-content\/uploads\/2016\/11\/T%C3%9CV-Symbol-f%C3%BCr-MOBELI-Haltegriffe-2019-150x150.jpg\" alt=\"\" width=\"150\" height=\"150\"><\/p>\n<p>&nbsp;<\/p>\n","protected":false},"featured_media":1770,"comment_status":"open","ping_status":"closed","template":"","meta":{"kt_blocks_editor_width":""},"product_brand":[],"product_cat":[156,157,155],"product_tag":[],"class_list":{"0":"post-10776","1":"product","2":"type-product","3":"status-publish","4":"has-post-thumbnail","6":"product_cat-longueur-fixe","7":"product_cat-poignee-mobeli-ventouse","8":"product_cat-poignees-de-prehension-jusqua-max-105-kilogrammes","10":"first","11":"instock","12":"taxable","13":"shipping-taxable","14":"purchasable","15":"product-type-simple"},"aioseo_notices":[],"_links":{"self":[{"href":"https:\/\/www.rehafit.ch\/fr\/wp-json\/wp\/v2\/product\/10776","targetHints":{"allow":["GET"]}}],"collection":[{"href":"https:\/\/www.rehafit.ch\/fr\/wp-json\/wp\/v2\/product"}],"about":[{"href":"https:\/\/www.rehafit.ch\/fr\/wp-json\/wp\/v2\/types\/product"}],"replies":[{"embeddable":true,"href":"https:\/\/www.rehafit.ch\/fr\/wp-json\/wp\/v2\/comments?post=10776"}],"wp:featuredmedia":[{"embeddable":true,"href":"https:\/\/www.rehafit.ch\/fr\/wp-json\/wp\/v2\/media\/1770"}],"wp:attachment":[{"href":"https:\/\/www.rehafit.ch\/fr\/wp-json\/wp\/v2\/media?parent=10776"}],"wp:term":[{"taxonomy":"product_brand","embeddable":true,"href":"https:\/\/www.rehafit.ch\/fr\/wp-json\/wp\/v2\/product_brand?post=10776"},{"taxonomy":"product_cat","embeddable":true,"href":"https:\/\/www.rehafit.ch\/fr\/wp-json\/wp\/v2\/product_cat?post=10776"},{"taxonomy":"product_tag","embeddable":true,"href":"https:\/\/www.rehafit.ch\/fr\/wp-json\/wp\/v2\/product_tag?post=10776"}],"curies":[{"name":"wp","href":"https:\/\/api.w.org\/{rel}","templated":true}]}}