{"id":10749,"date":"2021-04-29T08:43:49","date_gmt":"2021-04-29T08:43:49","guid":{"rendered":"https:\/\/www.rehafit.ch\/produkt\/mambo-max-komfort-kissen-33-blau-nadelpumpe\/"},"modified":"2022-12-28T10:15:17","modified_gmt":"2022-12-28T10:15:17","slug":"mambo-max-coussin-confort-33-bleu-pompe-a-aiguilles","status":"publish","type":"product","link":"https:\/\/www.rehafit.ch\/fr\/Produit\/mambo-max-coussin-confort-33-bleu-pompe-a-aiguilles\/","title":{"rendered":"Coussin confort Mambo Max 33"},"content":{"rendered":"<p><span dir=\"ltr\"><strong>Les coussins d&rsquo;assise Mambo Max sont des coussins remplis d&rsquo;air<\/strong><\/span> pour une assise active et dynamique, recommand\u00e9s par les th\u00e9rapeutes. Les coussins faciles \u00e0 transporter conviennent \u00e0 tous les utilisateurs, mais ont des diam\u00e8tres diff\u00e9rents.<br \/>\nLa surface en PVC du coussin d&rsquo;assise Mambo Max Standard peut \u00eatre facilement nettoy\u00e9e \u00e0 l&rsquo;eau et au savon. Pompe \u00e0 air \u00e0 aiguille fournie.<\/p>\n<ul>\n<li>diam\u00e8tre : 33cm<\/li>\n<li>Hauteur : 7cm<\/li>\n<li>Max. Poids de l&rsquo;utilisateur : 200kg<\/li>\n<\/ul>\n<p>Peut \u00e9galement \u00eatre utilis\u00e9 comme entra\u00eeneur d&rsquo;\u00e9quilibre.<\/p>\n<p>&nbsp;<\/p>\n<p>&nbsp;<\/p>\n","protected":false},"excerpt":{"rendered":"<p><img loading=\"lazy\" decoding=\"async\" class=\"alignnone wp-image-9812\" src=\"https:\/\/www.rehafit.ch\/wp-content\/uploads\/2021\/02\/logo-300x225-1.png\" alt=\"\" width=\"139\" height=\"104\" srcset=\"https:\/\/www.rehafit.ch\/wp-content\/uploads\/2021\/02\/logo-300x225-1.png 300w, https:\/\/www.rehafit.ch\/wp-content\/uploads\/2021\/02\/logo-300x225-1-250x188.png 250w\" sizes=\"auto, (max-width: 139px) 100vw, 139px\" \/><\/p>\n<p>MVS In Motion est sp\u00e9cialis\u00e9 dans les produits de physioth\u00e9rapie et de r\u00e9\u00e9ducation, de sport et de fitness et s&rsquo;efforce toujours d&rsquo;offrir des produits de haute qualit\u00e9.<\/p>\n","protected":false},"featured_media":10160,"comment_status":"open","ping_status":"closed","template":"","meta":{"kt_blocks_editor_width":""},"product_brand":[],"product_cat":[140,199],"product_tag":[],"class_list":{"0":"post-10749","1":"product","2":"type-product","3":"status-publish","4":"has-post-thumbnail","6":"product_cat-fitness-wellness-pilates-fr","7":"product_cat-top-offres","9":"first","10":"instock","11":"sale","12":"taxable","13":"shipping-taxable","14":"purchasable","15":"product-type-variable"},"aioseo_notices":[],"_links":{"self":[{"href":"https:\/\/www.rehafit.ch\/fr\/wp-json\/wp\/v2\/product\/10749","targetHints":{"allow":["GET"]}}],"collection":[{"href":"https:\/\/www.rehafit.ch\/fr\/wp-json\/wp\/v2\/product"}],"about":[{"href":"https:\/\/www.rehafit.ch\/fr\/wp-json\/wp\/v2\/types\/product"}],"replies":[{"embeddable":true,"href":"https:\/\/www.rehafit.ch\/fr\/wp-json\/wp\/v2\/comments?post=10749"}],"wp:featuredmedia":[{"embeddable":true,"href":"https:\/\/www.rehafit.ch\/fr\/wp-json\/wp\/v2\/media\/10160"}],"wp:attachment":[{"href":"https:\/\/www.rehafit.ch\/fr\/wp-json\/wp\/v2\/media?parent=10749"}],"wp:term":[{"taxonomy":"product_brand","embeddable":true,"href":"https:\/\/www.rehafit.ch\/fr\/wp-json\/wp\/v2\/product_brand?post=10749"},{"taxonomy":"product_cat","embeddable":true,"href":"https:\/\/www.rehafit.ch\/fr\/wp-json\/wp\/v2\/product_cat?post=10749"},{"taxonomy":"product_tag","embeddable":true,"href":"https:\/\/www.rehafit.ch\/fr\/wp-json\/wp\/v2\/product_tag?post=10749"}],"curies":[{"name":"wp","href":"https:\/\/api.w.org\/{rel}","templated":true}]}}