{"id":10745,"date":"2021-08-24T07:40:36","date_gmt":"2021-08-24T07:40:36","guid":{"rendered":"https:\/\/www.rehafit.ch\/produkt\/est-un-outil-de-coupe-intelligent\/"},"modified":"2024-10-20T10:26:34","modified_gmt":"2024-10-20T10:26:34","slug":"le-agile-est-un-outil-de-coupe-intelligent","status":"publish","type":"product","link":"https:\/\/www.rehafit.ch\/fr\/Produit\/le-agile-est-un-outil-de-coupe-intelligent\/","title":{"rendered":"\u00ab\u00a0The Nimble\u00a0\u00bb &#8211; est un outil de coupe intelligent"},"content":{"rendered":"<p>\u00ab\u00a0The Nimble\u00a0\u00bb &#8211; est un outil de coupe intelligent qui peut \u00eatre utilis\u00e9 en toute s\u00e9curit\u00e9 et efficacement avec un seul doigt, par exemple pour les personnes qui ne peuvent pas utiliser de ciseaux.<\/p>\n<ul>\n<li><em> <\/em><em>Le Nimble est facile \u00e0 utiliser pour les droitiers et les gauchers &#8211; il suffit de le glisser au bout de votre doigt et vous \u00eates pr\u00eat \u00e0 partir<\/em><\/li>\n<li><em>Le profil de lame s\u00fbr rend les blessures accidentelles presque impossibles et est donc id\u00e9al pour les adultes ou les enfants<\/em><\/li>\n<li>La lame en c\u00e9ramique <em>zircone<\/em> <em>de Nimble est beaucoup plus dure et plus durable que l&rsquo;acier<\/em><\/li>\n<li><em>Cet outil de coupe \u00e0 un doigt est tr\u00e8s durable, ce qui signifie que vous n&rsquo;aurez pas besoin d&rsquo;un remplacement de sit\u00f4t<\/em><\/li>\n<li><em>Souhaitez-vous l&#8217;emporter avec vous ? Il suffit de le mettre dans votre poche<\/em><\/li>\n<\/ul>\n<div style=\"width: 1920px;\" class=\"wp-video\"><video class=\"wp-video-shortcode\" id=\"video-10745-1\" width=\"1920\" height=\"1080\" preload=\"metadata\" controls=\"controls\"><source type=\"video\/mp4\" src=\"https:\/\/www.rehafit.ch\/wp-content\/uploads\/2021\/08\/Nimble.mp4?_=1\" \/><a href=\"https:\/\/www.rehafit.ch\/wp-content\/uploads\/2021\/08\/Nimble.mp4\">https:\/\/www.rehafit.ch\/wp-content\/uploads\/2021\/08\/Nimble.mp4<\/a><\/video><\/div>\n","protected":false},"excerpt":{"rendered":"<p><img loading=\"lazy\" decoding=\"async\" class=\"alignnone size-full wp-image-639\" src=\"https:\/\/www.rehafit.ch\/wp-content\/uploads\/2016\/12\/peta_logo.jpg\" alt=\"\" width=\"300\" height=\"62\"><\/p>\n<p>Peta (UK) Ltd. a d\u00e9velopp\u00e9 une gamme d&rsquo;outils de jardin et de couteaux et ustensiles de cuisine Easi-Grip\u00ae. Peta reste attach\u00e9 aux principes de conception universels qui profitent \u00e0 tous, quel que soit l&rsquo;\u00e2ge ou les capacit\u00e9s.<\/p>\n","protected":false},"featured_media":10240,"comment_status":"open","ping_status":"closed","template":"","meta":{"kt_blocks_editor_width":""},"product_brand":[],"product_cat":[117,120],"product_tag":[],"class_list":{"0":"post-10745","1":"product","2":"type-product","3":"status-publish","4":"has-post-thumbnail","6":"product_cat-aides-quotidiennes","7":"product_cat-divers-fr","9":"first","10":"instock","11":"taxable","12":"shipping-taxable","13":"purchasable","14":"product-type-simple"},"aioseo_notices":[],"_links":{"self":[{"href":"https:\/\/www.rehafit.ch\/fr\/wp-json\/wp\/v2\/product\/10745","targetHints":{"allow":["GET"]}}],"collection":[{"href":"https:\/\/www.rehafit.ch\/fr\/wp-json\/wp\/v2\/product"}],"about":[{"href":"https:\/\/www.rehafit.ch\/fr\/wp-json\/wp\/v2\/types\/product"}],"replies":[{"embeddable":true,"href":"https:\/\/www.rehafit.ch\/fr\/wp-json\/wp\/v2\/comments?post=10745"}],"wp:featuredmedia":[{"embeddable":true,"href":"https:\/\/www.rehafit.ch\/fr\/wp-json\/wp\/v2\/media\/10240"}],"wp:attachment":[{"href":"https:\/\/www.rehafit.ch\/fr\/wp-json\/wp\/v2\/media?parent=10745"}],"wp:term":[{"taxonomy":"product_brand","embeddable":true,"href":"https:\/\/www.rehafit.ch\/fr\/wp-json\/wp\/v2\/product_brand?post=10745"},{"taxonomy":"product_cat","embeddable":true,"href":"https:\/\/www.rehafit.ch\/fr\/wp-json\/wp\/v2\/product_cat?post=10745"},{"taxonomy":"product_tag","embeddable":true,"href":"https:\/\/www.rehafit.ch\/fr\/wp-json\/wp\/v2\/product_tag?post=10745"}],"curies":[{"name":"wp","href":"https:\/\/api.w.org\/{rel}","templated":true}]}}