{"id":10637,"date":"2019-10-28T18:08:49","date_gmt":"2021-09-22T09:41:48","guid":{"rendered":"https:\/\/www.rehafit.ch\/produkt\/pince-a-ongles-de-table\/"},"modified":"2021-09-22T09:41:54","modified_gmt":"2021-09-22T09:41:54","slug":"pince-a-ongles-de-table","status":"publish","type":"product","link":"https:\/\/www.rehafit.ch\/fr\/Produit\/pince-a-ongles-de-table\/","title":{"rendered":"Pince \u00e0 ongles de table"},"content":{"rendered":"","protected":false},"excerpt":{"rendered":"<p><img loading=\"lazy\" decoding=\"async\" class=\"alignnone size-full wp-image-639\" src=\"https:\/\/www.rehafit.ch\/wp-content\/uploads\/2016\/12\/peta_logo.jpg\" alt=\"\" width=\"300\" height=\"62\"><\/p>\n<p>Peta (Royaume-Uni) Ltd. a d\u00e9velopp\u00e9 une gamme d&rsquo;outils de jardin et de couteaux et ustensiles de cuisine Easi-Grip\u00ae. Peta reste attach\u00e9 aux principes de conception universels qui profitent \u00e0 tous, quel que soit l&rsquo;\u00e2ge ou les capacit\u00e9s.<\/p>\n","protected":false},"featured_media":1593,"comment_status":"open","ping_status":"closed","template":"","meta":{"kt_blocks_editor_width":""},"product_brand":[],"product_cat":[117,120],"product_tag":[],"class_list":{"0":"post-10637","1":"product","2":"type-product","3":"status-publish","4":"has-post-thumbnail","6":"product_cat-aides-quotidiennes","7":"product_cat-divers-fr","9":"first","10":"instock","11":"taxable","12":"shipping-taxable","13":"purchasable","14":"product-type-simple"},"aioseo_notices":[],"_links":{"self":[{"href":"https:\/\/www.rehafit.ch\/fr\/wp-json\/wp\/v2\/product\/10637","targetHints":{"allow":["GET"]}}],"collection":[{"href":"https:\/\/www.rehafit.ch\/fr\/wp-json\/wp\/v2\/product"}],"about":[{"href":"https:\/\/www.rehafit.ch\/fr\/wp-json\/wp\/v2\/types\/product"}],"replies":[{"embeddable":true,"href":"https:\/\/www.rehafit.ch\/fr\/wp-json\/wp\/v2\/comments?post=10637"}],"wp:featuredmedia":[{"embeddable":true,"href":"https:\/\/www.rehafit.ch\/fr\/wp-json\/wp\/v2\/media\/1593"}],"wp:attachment":[{"href":"https:\/\/www.rehafit.ch\/fr\/wp-json\/wp\/v2\/media?parent=10637"}],"wp:term":[{"taxonomy":"product_brand","embeddable":true,"href":"https:\/\/www.rehafit.ch\/fr\/wp-json\/wp\/v2\/product_brand?post=10637"},{"taxonomy":"product_cat","embeddable":true,"href":"https:\/\/www.rehafit.ch\/fr\/wp-json\/wp\/v2\/product_cat?post=10637"},{"taxonomy":"product_tag","embeddable":true,"href":"https:\/\/www.rehafit.ch\/fr\/wp-json\/wp\/v2\/product_tag?post=10637"}],"curies":[{"name":"wp","href":"https:\/\/api.w.org\/{rel}","templated":true}]}}