{"id":10618,"date":"2019-11-22T16:01:53","date_gmt":"2021-09-22T09:41:33","guid":{"rendered":"https:\/\/www.rehafit.ch\/produkt\/aide-au-tour-de-cle-the-keywing\/"},"modified":"2021-09-22T09:41:33","modified_gmt":"2021-09-22T09:41:33","slug":"tour-de-cle-aide-la-clavette","status":"publish","type":"product","link":"https:\/\/www.rehafit.ch\/fr\/Produit\/tour-de-cle-aide-la-clavette\/","title":{"rendered":"Aide au tour de cl\u00e9 \u00ab\u00a0The Keywing\u00a0\u00bb"},"content":{"rendered":"<p>Cette conception prim\u00e9e offre une solution simple au probl\u00e8me de l&rsquo;utilisation de cl\u00e9s de petite surface et difficiles \u00e0 saisir et \u00e0 tourner. Le porte-cl\u00e9s glisse sur la cl\u00e9 pour cr\u00e9er une zone de support des doigts beaucoup plus grande qui am\u00e9liore l&rsquo;adh\u00e9rence et l&rsquo;effet de levier lors des virages. Disponible dans un choix de 4 couleurs, ce qui permet \u00e0 l&rsquo;utilisateur de coder ses cl\u00e9s par couleur et de trouver la bonne imm\u00e9diatement et \u00e0 tout moment.<\/p>\n<p>Utilisation:<br \/>\nLa cl\u00e9 est simplement pouss\u00e9e \u00e0 travers le porte-cl\u00e9s, qui a des coussinets en gel antid\u00e9rapants pour maintenir la cl\u00e9 en place. Les porte-cl\u00e9s se replient sur eux-m\u00eames avec des charni\u00e8res en acier et sont ensuite assembl\u00e9s pr\u00eats \u00e0 l&#8217;emploi.<\/p>\n<p>Garantie : 2 ans<\/p>\n","protected":false},"excerpt":{"rendered":"<p><img loading=\"lazy\" decoding=\"async\" class=\"alignnone size-full wp-image-639\" src=\"https:\/\/www.rehafit.ch\/wp-content\/uploads\/2016\/12\/peta_logo.jpg\" alt=\"\" width=\"300\" height=\"62\"><\/p>\n<p>Peta (Royaume-Uni) Ltd. a d\u00e9velopp\u00e9 une gamme d&rsquo;outils de jardin et de couteaux et ustensiles de cuisine Easi-Grip\u00ae. Peta reste attach\u00e9 aux principes de conception universels qui profitent \u00e0 tous, quel que soit l&rsquo;\u00e2ge ou les capacit\u00e9s.<\/p>\n","protected":false},"featured_media":15544,"comment_status":"open","ping_status":"closed","template":"","meta":{"kt_blocks_editor_width":""},"product_brand":[],"product_cat":[117,120],"product_tag":[],"class_list":{"0":"post-10618","1":"product","2":"type-product","3":"status-publish","4":"has-post-thumbnail","6":"product_cat-aides-quotidiennes","7":"product_cat-divers-fr","9":"first","10":"instock","11":"taxable","12":"shipping-taxable","13":"purchasable","14":"product-type-simple"},"aioseo_notices":[],"_links":{"self":[{"href":"https:\/\/www.rehafit.ch\/fr\/wp-json\/wp\/v2\/product\/10618","targetHints":{"allow":["GET"]}}],"collection":[{"href":"https:\/\/www.rehafit.ch\/fr\/wp-json\/wp\/v2\/product"}],"about":[{"href":"https:\/\/www.rehafit.ch\/fr\/wp-json\/wp\/v2\/types\/product"}],"replies":[{"embeddable":true,"href":"https:\/\/www.rehafit.ch\/fr\/wp-json\/wp\/v2\/comments?post=10618"}],"wp:featuredmedia":[{"embeddable":true,"href":"https:\/\/www.rehafit.ch\/fr\/wp-json\/wp\/v2\/media\/15544"}],"wp:attachment":[{"href":"https:\/\/www.rehafit.ch\/fr\/wp-json\/wp\/v2\/media?parent=10618"}],"wp:term":[{"taxonomy":"product_brand","embeddable":true,"href":"https:\/\/www.rehafit.ch\/fr\/wp-json\/wp\/v2\/product_brand?post=10618"},{"taxonomy":"product_cat","embeddable":true,"href":"https:\/\/www.rehafit.ch\/fr\/wp-json\/wp\/v2\/product_cat?post=10618"},{"taxonomy":"product_tag","embeddable":true,"href":"https:\/\/www.rehafit.ch\/fr\/wp-json\/wp\/v2\/product_tag?post=10618"}],"curies":[{"name":"wp","href":"https:\/\/api.w.org\/{rel}","templated":true}]}}