{"id":10612,"date":"2019-11-23T09:45:52","date_gmt":"2021-09-22T09:41:17","guid":{"rendered":"https:\/\/www.rehafit.ch\/produkt\/couvercle-a-embout-pour-gobelet-rainure-sure-grip\/"},"modified":"2021-11-23T07:49:36","modified_gmt":"2021-11-23T07:49:36","slug":"nombril-couvercle-a-groove-cup-sure-grip","status":"publish","type":"product","link":"https:\/\/www.rehafit.ch\/fr\/Produit\/nombril-couvercle-a-groove-cup-sure-grip\/","title":{"rendered":"Couvercle pour gobelet \u00e0 rainures SURE GRIP"},"content":{"rendered":"<p>Le couvercle de boisson sp\u00e9cialement d\u00e9velopp\u00e9 s&rsquo;adapte parfaitement au gobelet rainur\u00e9 &#8211; la valve sur le couvercle cr\u00e9e un vide pour que vous puissiez vous en passer<br \/>\nProbl\u00e8mes pour boire (sucer) en position couch\u00e9e. Vous avez un contr\u00f4le total sur la quantit\u00e9 de liquide.<\/p>\n<p>Le couvercle de boisson est disponible avec un petit trou (pour les liquides fluides) et avec un grand trou (pour les aliments en pur\u00e9e \/ visqueux).<\/p>\n<p>&nbsp;<\/p>\n<p>&nbsp;<\/p>\n","protected":false},"excerpt":{"rendered":"<p><img loading=\"lazy\" decoding=\"async\" class=\"alignnone wp-image-311\" src=\"https:\/\/www.rehafit.ch\/wp-content\/uploads\/2016\/12\/rika_logo.jpg\" alt=\"rika_logo\" width=\"105\" height=\"57\"><\/p>\n<p><span class=\"text_allg\">Rika Care produit des aides pour les personnes handicap\u00e9es, les personnes \u00e2g\u00e9es et les enfants ayant des besoins sp\u00e9ciaux. Nous souhaitons faciliter le quotidien des consommateurs et leur offrir une meilleure qualit\u00e9 de vie.<\/span><\/p>\n<p>Rika Care produit des aides depuis 1992, nous avons donc acquis une grande connaissance des bons produits pour nos clients. Les produits sont fabriqu\u00e9s dans notre propre usine, Rika Plast, ils sont fabriqu\u00e9s ici en utilisant le processus de moulage par injection.<\/p>\n","protected":false},"featured_media":1789,"comment_status":"open","ping_status":"closed","template":"","meta":{"kt_blocks_editor_width":""},"product_brand":[],"product_cat":[120],"product_tag":[],"class_list":{"0":"post-10612","1":"product","2":"type-product","3":"status-publish","4":"has-post-thumbnail","6":"product_cat-divers-fr","8":"first","9":"instock","10":"taxable","11":"shipping-taxable","12":"purchasable","13":"product-type-variable"},"aioseo_notices":[],"_links":{"self":[{"href":"https:\/\/www.rehafit.ch\/fr\/wp-json\/wp\/v2\/product\/10612","targetHints":{"allow":["GET"]}}],"collection":[{"href":"https:\/\/www.rehafit.ch\/fr\/wp-json\/wp\/v2\/product"}],"about":[{"href":"https:\/\/www.rehafit.ch\/fr\/wp-json\/wp\/v2\/types\/product"}],"replies":[{"embeddable":true,"href":"https:\/\/www.rehafit.ch\/fr\/wp-json\/wp\/v2\/comments?post=10612"}],"wp:featuredmedia":[{"embeddable":true,"href":"https:\/\/www.rehafit.ch\/fr\/wp-json\/wp\/v2\/media\/1789"}],"wp:attachment":[{"href":"https:\/\/www.rehafit.ch\/fr\/wp-json\/wp\/v2\/media?parent=10612"}],"wp:term":[{"taxonomy":"product_brand","embeddable":true,"href":"https:\/\/www.rehafit.ch\/fr\/wp-json\/wp\/v2\/product_brand?post=10612"},{"taxonomy":"product_cat","embeddable":true,"href":"https:\/\/www.rehafit.ch\/fr\/wp-json\/wp\/v2\/product_cat?post=10612"},{"taxonomy":"product_tag","embeddable":true,"href":"https:\/\/www.rehafit.ch\/fr\/wp-json\/wp\/v2\/product_tag?post=10612"}],"curies":[{"name":"wp","href":"https:\/\/api.w.org\/{rel}","templated":true}]}}