{"id":10606,"date":"2019-11-29T13:04:54","date_gmt":"2021-09-22T09:40:51","guid":{"rendered":"https:\/\/www.rehafit.ch\/produkt\/bord-de-la-plaque\/"},"modified":"2021-09-22T09:40:51","modified_gmt":"2021-09-22T09:40:51","slug":"bord-de-lassiette","status":"publish","type":"product","link":"https:\/\/www.rehafit.ch\/fr\/Produit\/bord-de-lassiette\/","title":{"rendered":"Bord de la plaque"},"content":{"rendered":"<p>Ce cadre de plaque lumineuse permet de manger d&rsquo;une seule main ou avec des restrictions de mobilit\u00e9 s\u00e9v\u00e8res. Il convient aux assiettes plates standards d&rsquo;un diam\u00e8tre de 19 \u00e0 25,4 cm. Il facilite le ramassage des aliments sur la fourchette ou la cuill\u00e8re et emp\u00eache les aliments de tomber du bord de l&rsquo;assiette. Il se fixe rapidement \u00e0 l&rsquo;aide de trois clips.<\/p>\n<p class=\"produktdetailabsatz\">Hauteur : 3,2 cm. Poids : 45 grammes.<\/p>\n<p class=\"produktdetailabsatz\">Mati\u00e8re : poly\u00e9thyl\u00e8ne, micro-ondable.<\/p>\n<p class=\"produktdetailabsatz\">Nettoyage : passe au lave-vaisselle.<\/p>\n","protected":false},"excerpt":{"rendered":"<p>Ce cadre de plaque lumineuse permet de manger d&rsquo;une seule main ou avec des restrictions de mobilit\u00e9 s\u00e9v\u00e8res. Il convient aux assiettes plates standards d&rsquo;un diam\u00e8tre de 19 \u00e0 25,4 cm. Il facilite le ramassage des aliments sur la fourchette &hellip; <a class=\"kt-excerpt-readmore\" href=\"https:\/\/www.rehafit.ch\/fr\/Produit\/bord-de-lassiette\/\" aria-label=\"Bord de la plaque\">Lire la suite<\/a><\/p>\n","protected":false},"featured_media":0,"comment_status":"open","ping_status":"closed","template":"","meta":{"kt_blocks_editor_width":""},"product_brand":[],"product_cat":[117,120],"product_tag":[],"class_list":{"0":"post-10606","1":"product","2":"type-product","3":"status-publish","5":"product_cat-aides-quotidiennes","6":"product_cat-divers-fr","8":"first","9":"instock","10":"taxable","11":"shipping-taxable","12":"purchasable","13":"product-type-simple"},"aioseo_notices":[],"_links":{"self":[{"href":"https:\/\/www.rehafit.ch\/fr\/wp-json\/wp\/v2\/product\/10606","targetHints":{"allow":["GET"]}}],"collection":[{"href":"https:\/\/www.rehafit.ch\/fr\/wp-json\/wp\/v2\/product"}],"about":[{"href":"https:\/\/www.rehafit.ch\/fr\/wp-json\/wp\/v2\/types\/product"}],"replies":[{"embeddable":true,"href":"https:\/\/www.rehafit.ch\/fr\/wp-json\/wp\/v2\/comments?post=10606"}],"wp:attachment":[{"href":"https:\/\/www.rehafit.ch\/fr\/wp-json\/wp\/v2\/media?parent=10606"}],"wp:term":[{"taxonomy":"product_brand","embeddable":true,"href":"https:\/\/www.rehafit.ch\/fr\/wp-json\/wp\/v2\/product_brand?post=10606"},{"taxonomy":"product_cat","embeddable":true,"href":"https:\/\/www.rehafit.ch\/fr\/wp-json\/wp\/v2\/product_cat?post=10606"},{"taxonomy":"product_tag","embeddable":true,"href":"https:\/\/www.rehafit.ch\/fr\/wp-json\/wp\/v2\/product_tag?post=10606"}],"curies":[{"name":"wp","href":"https:\/\/api.w.org\/{rel}","templated":true}]}}