{"id":10603,"date":"2021-02-05T09:54:44","date_gmt":"2021-09-22T09:40:10","guid":{"rendered":"https:\/\/www.rehafit.ch\/produkt\/entraineur-a-pedales-moves-oxycycle-1-actif-magnetique\/"},"modified":"2021-12-19T18:18:35","modified_gmt":"2021-12-19T18:18:35","slug":"pedaltrainer-moves-oxycycle-1-aktiv-magnetic","status":"publish","type":"product","link":"https:\/\/www.rehafit.ch\/fr\/Produit\/pedaltrainer-moves-oxycycle-1-aktiv-magnetic\/","title":{"rendered":"Entra\u00eeneur \u00e0 p\u00e9dales MoVeS Oxycycle 1 &#8211; actif, magn\u00e9tique"},"content":{"rendered":"<p><strong>Uniquement pour la formation ACTIVE<\/strong><br \/>\nLe p\u00e9dalier OxyCycle 1 est utilis\u00e9 pour les exercices du haut et du bas du corps. La r\u00e9sistance r\u00e9glable en fait un excellent produit pour renforcer progressivement vos bras et vos jambes.<br \/>\nL&rsquo;exerciseur \u00e0 p\u00e9dale OxyCycle 1 a un design l\u00e9ger et compact, une r\u00e9sistance r\u00e9glable et un \u00e9cran LCD multifonctionnel avec affichage du balayage, du temps, de la distance, des calories et de la vitesse.<br \/>\nUn tapis antid\u00e9rapant et des p\u00e9dales de poign\u00e9e interchangeables sont inclus.<\/p>\n<p>L&rsquo;OxyCycle 1 est fourni avec des p\u00e9dales \u00e0 sangle et des p\u00e9dales \u00e0 poign\u00e9e.<\/p>\n<p>Poids : 9kg<br \/>\nDimensions : 50x46x38cm<\/p>\n","protected":false},"excerpt":{"rendered":"<p><img loading=\"lazy\" decoding=\"async\" class=\"alignnone wp-image-9812\" src=\"https:\/\/www.rehafit.ch\/wp-content\/uploads\/2021\/02\/logo-300x225-1.png\" alt=\"\" width=\"139\" height=\"104\" srcset=\"https:\/\/www.rehafit.ch\/wp-content\/uploads\/2021\/02\/logo-300x225-1.png 300w, https:\/\/www.rehafit.ch\/wp-content\/uploads\/2021\/02\/logo-300x225-1-250x188.png 250w\" sizes=\"auto, (max-width: 139px) 100vw, 139px\" \/><\/p>\n<p>MVS In Motion est sp\u00e9cialis\u00e9 dans les produits de physioth\u00e9rapie et de r\u00e9\u00e9ducation, de sport et de fitness et s&rsquo;efforce toujours d&rsquo;offrir des produits de haute qualit\u00e9.<\/p>\n","protected":false},"featured_media":0,"comment_status":"open","ping_status":"closed","template":"","meta":{"kt_blocks_editor_width":""},"product_brand":[],"product_cat":[117,119,144],"product_tag":[],"class_list":{"0":"post-10603","1":"product","2":"type-product","3":"status-publish","5":"product_cat-aides-quotidiennes","6":"product_cat-pedale-dexercice","7":"product_cat-nouveaux-hits","9":"first","10":"instock","11":"taxable","12":"shipping-taxable","13":"purchasable","14":"product-type-simple"},"aioseo_notices":[],"_links":{"self":[{"href":"https:\/\/www.rehafit.ch\/fr\/wp-json\/wp\/v2\/product\/10603","targetHints":{"allow":["GET"]}}],"collection":[{"href":"https:\/\/www.rehafit.ch\/fr\/wp-json\/wp\/v2\/product"}],"about":[{"href":"https:\/\/www.rehafit.ch\/fr\/wp-json\/wp\/v2\/types\/product"}],"replies":[{"embeddable":true,"href":"https:\/\/www.rehafit.ch\/fr\/wp-json\/wp\/v2\/comments?post=10603"}],"wp:attachment":[{"href":"https:\/\/www.rehafit.ch\/fr\/wp-json\/wp\/v2\/media?parent=10603"}],"wp:term":[{"taxonomy":"product_brand","embeddable":true,"href":"https:\/\/www.rehafit.ch\/fr\/wp-json\/wp\/v2\/product_brand?post=10603"},{"taxonomy":"product_cat","embeddable":true,"href":"https:\/\/www.rehafit.ch\/fr\/wp-json\/wp\/v2\/product_cat?post=10603"},{"taxonomy":"product_tag","embeddable":true,"href":"https:\/\/www.rehafit.ch\/fr\/wp-json\/wp\/v2\/product_tag?post=10603"}],"curies":[{"name":"wp","href":"https:\/\/api.w.org\/{rel}","templated":true}]}}