{"id":10600,"date":"2021-02-05T10:00:51","date_gmt":"2021-02-05T10:00:51","guid":{"rendered":"https:\/\/www.rehafit.ch\/produkt\/entraineur-a-pedales-moves-oxycycle-2-passif\/"},"modified":"2021-12-19T18:14:20","modified_gmt":"2021-12-19T18:14:20","slug":"pedaltrainer-moves-oxycycle-2-passif","status":"publish","type":"product","link":"https:\/\/www.rehafit.ch\/fr\/Produit\/pedaltrainer-moves-oxycycle-2-passif\/","title":{"rendered":"Entra\u00eeneur \u00e0 p\u00e9dales MoVeS Oxycycle 2 &#8211; Passif"},"content":{"rendered":"<p><strong>Uniquement pour la formation PASSIVE<\/strong><br \/>\nL&rsquo;entra\u00eeneur \u00e0 p\u00e9dales MoVeS OxyCycle 2 est un excellent appareil pour un entra\u00eenement individuel \u00e0 faible stress \u00e0 la maison.<br \/>\nLe niveau de vitesse r\u00e9glable en fait un excellent produit pour renforcer progressivement vos bras et vos jambes.<br \/>\nCet appareil d&rsquo;entra\u00eenement \u00e0 p\u00e9dales offre un entra\u00eenement doux pour augmenter la force et la flexibilit\u00e9, est polyvalent pour le haut et le bas du corps et am\u00e9liore la circulation sanguine.<br \/>\nIl offre jusqu&rsquo;\u00e0 60 watts d&rsquo;assistance motoris\u00e9e. Il a suffisamment de puissance pour maintenir une vitesse de rotation constante, tandis que les mod\u00e8les moins chers n&rsquo;ont qu&rsquo;un moteur de 30 watts. Un arr\u00eat de s\u00e9curit\u00e9 \u00e9vite les blessures en cas de crampe ou de tension musculaire. Le MoVeS OxyCycle 2 a un design l\u00e9ger et compact, une vitesse r\u00e9glable et un \u00e9cran LCD multifonction avec affichage du scan, de l&rsquo;heure, du nombre, de la vitesse et de la consommation calorique estim\u00e9e. Un tapis antid\u00e9rapant et des p\u00e9dales interchangeables sont inclus.<\/p>\n<p>L&rsquo;OxyCycle 2 est fourni avec des p\u00e9dales \u00e0 sangle et des p\u00e9dales \u00e0 poign\u00e9e<\/p>\n<p>&nbsp;<\/p>\n<p>Poids : 8,5 kg<br \/>\nDimensions : 50x46x38cm<br \/>\nMoteur : 60 watts<br \/>\nFr\u00e9quence : 50hz<br \/>\nTours : 25 &#8211; 65 tr\/min<\/p>\n<p>&nbsp;<\/p>\n","protected":false},"excerpt":{"rendered":"<p><img loading=\"lazy\" decoding=\"async\" class=\"alignnone wp-image-9812\" src=\"https:\/\/www.rehafit.ch\/wp-content\/uploads\/2021\/02\/logo-300x225-1.png\" alt=\"\" width=\"139\" height=\"104\" srcset=\"https:\/\/www.rehafit.ch\/wp-content\/uploads\/2021\/02\/logo-300x225-1.png 300w, https:\/\/www.rehafit.ch\/wp-content\/uploads\/2021\/02\/logo-300x225-1-250x188.png 250w\" sizes=\"auto, (max-width: 139px) 100vw, 139px\" \/><\/p>\n<p>MVS In Motion est sp\u00e9cialis\u00e9 dans les produits de physioth\u00e9rapie et de r\u00e9\u00e9ducation, de sport et de fitness et s&rsquo;efforce toujours d&rsquo;offrir des produits de haute qualit\u00e9.<\/p>\n","protected":false},"featured_media":0,"comment_status":"open","ping_status":"closed","template":"","meta":{"kt_blocks_editor_width":""},"product_brand":[],"product_cat":[144,117,119],"product_tag":[],"class_list":{"0":"post-10600","1":"product","2":"type-product","3":"status-publish","5":"product_cat-nouveaux-hits","6":"product_cat-aides-quotidiennes","7":"product_cat-pedale-dexercice","9":"first","10":"instock","11":"sale","12":"taxable","13":"shipping-taxable","14":"purchasable","15":"product-type-simple"},"aioseo_notices":[],"_links":{"self":[{"href":"https:\/\/www.rehafit.ch\/fr\/wp-json\/wp\/v2\/product\/10600","targetHints":{"allow":["GET"]}}],"collection":[{"href":"https:\/\/www.rehafit.ch\/fr\/wp-json\/wp\/v2\/product"}],"about":[{"href":"https:\/\/www.rehafit.ch\/fr\/wp-json\/wp\/v2\/types\/product"}],"replies":[{"embeddable":true,"href":"https:\/\/www.rehafit.ch\/fr\/wp-json\/wp\/v2\/comments?post=10600"}],"wp:attachment":[{"href":"https:\/\/www.rehafit.ch\/fr\/wp-json\/wp\/v2\/media?parent=10600"}],"wp:term":[{"taxonomy":"product_brand","embeddable":true,"href":"https:\/\/www.rehafit.ch\/fr\/wp-json\/wp\/v2\/product_brand?post=10600"},{"taxonomy":"product_cat","embeddable":true,"href":"https:\/\/www.rehafit.ch\/fr\/wp-json\/wp\/v2\/product_cat?post=10600"},{"taxonomy":"product_tag","embeddable":true,"href":"https:\/\/www.rehafit.ch\/fr\/wp-json\/wp\/v2\/product_tag?post=10600"}],"curies":[{"name":"wp","href":"https:\/\/api.w.org\/{rel}","templated":true}]}}