{"id":10587,"date":"2021-08-16T12:20:58","date_gmt":"2021-09-22T09:38:00","guid":{"rendered":"https:\/\/www.rehafit.ch\/produkt\/cultivateur\/"},"modified":"2021-09-22T09:38:08","modified_gmt":"2021-09-22T09:38:08","slug":"cultivateur","status":"publish","type":"product","link":"https:\/\/www.rehafit.ch\/fr\/Produit\/cultivateur\/","title":{"rendered":"cultivateur"},"content":{"rendered":"<p>Le cultivateur de forme ergonomique est particuli\u00e8rement pratique pour le jardinage. Gr\u00e2ce aux derni\u00e8res am\u00e9liorations de conception, le cultivateur est non seulement beau \u00e0 regarder, mais aussi plus pratique \u00e0 utiliser.<br \/>\nLa poign\u00e9e coud\u00e9e maintient votre poignet en position droite, r\u00e9duisant ainsi la tension. En raison de l&rsquo;effet de levier am\u00e9lior\u00e9, vous pouvez travailler avec moins d&rsquo;effort. Cela rend le jardinage encore plus amusant.<\/p>\n<p>&nbsp;<\/p>\n<p>Garantie : 2 ans<\/p>\n","protected":false},"excerpt":{"rendered":"<p><img loading=\"lazy\" decoding=\"async\" class=\"alignnone size-full wp-image-639\" src=\"https:\/\/www.rehafit.ch\/wp-content\/uploads\/2016\/12\/peta_logo.jpg\" alt=\"\" width=\"300\" height=\"62\"><\/p>\n<p>Peta (Royaume-Uni) Ltd. a d\u00e9velopp\u00e9 une gamme d&rsquo;outils de jardin et de couteaux et ustensiles de cuisine Easi-Grip\u00ae. Peta reste attach\u00e9 aux principes de conception universels qui profitent \u00e0 tous, quel que soit l&rsquo;\u00e2ge ou les capacit\u00e9s.<\/p>\n","protected":false},"featured_media":10234,"comment_status":"open","ping_status":"closed","template":"","meta":{"kt_blocks_editor_width":""},"product_brand":[],"product_cat":[120],"product_tag":[],"class_list":{"0":"post-10587","1":"product","2":"type-product","3":"status-publish","4":"has-post-thumbnail","6":"product_cat-divers-fr","8":"first","9":"instock","10":"taxable","11":"shipping-taxable","12":"purchasable","13":"product-type-simple"},"aioseo_notices":[],"_links":{"self":[{"href":"https:\/\/www.rehafit.ch\/fr\/wp-json\/wp\/v2\/product\/10587","targetHints":{"allow":["GET"]}}],"collection":[{"href":"https:\/\/www.rehafit.ch\/fr\/wp-json\/wp\/v2\/product"}],"about":[{"href":"https:\/\/www.rehafit.ch\/fr\/wp-json\/wp\/v2\/types\/product"}],"replies":[{"embeddable":true,"href":"https:\/\/www.rehafit.ch\/fr\/wp-json\/wp\/v2\/comments?post=10587"}],"wp:featuredmedia":[{"embeddable":true,"href":"https:\/\/www.rehafit.ch\/fr\/wp-json\/wp\/v2\/media\/10234"}],"wp:attachment":[{"href":"https:\/\/www.rehafit.ch\/fr\/wp-json\/wp\/v2\/media?parent=10587"}],"wp:term":[{"taxonomy":"product_brand","embeddable":true,"href":"https:\/\/www.rehafit.ch\/fr\/wp-json\/wp\/v2\/product_brand?post=10587"},{"taxonomy":"product_cat","embeddable":true,"href":"https:\/\/www.rehafit.ch\/fr\/wp-json\/wp\/v2\/product_cat?post=10587"},{"taxonomy":"product_tag","embeddable":true,"href":"https:\/\/www.rehafit.ch\/fr\/wp-json\/wp\/v2\/product_tag?post=10587"}],"curies":[{"name":"wp","href":"https:\/\/api.w.org\/{rel}","templated":true}]}}