{"id":10568,"date":"2021-08-29T11:50:16","date_gmt":"2021-09-22T09:36:39","guid":{"rendered":"https:\/\/www.rehafit.ch\/produkt\/entraineur-de-bras-et-de-jambes-pliable-moves-avec-ecran-lcd\/"},"modified":"2021-09-22T09:36:44","modified_gmt":"2021-09-22T09:36:44","slug":"moves-entraineur-bras-et-jambes-pliable-avec-ecran-lcd","status":"publish","type":"product","link":"https:\/\/www.rehafit.ch\/fr\/Produit\/moves-entraineur-bras-et-jambes-pliable-avec-ecran-lcd\/","title":{"rendered":"Entra\u00eeneur de bras et de jambes pliable MoVeS avec \u00e9cran LCD"},"content":{"rendered":"<p><strong>L&rsquo;entra\u00eeneur pliable pour les bras et les jambes<\/strong> renforce la force musculaire et am\u00e9liore la circulation sanguine. De plus, il y a une meilleure coordination des jambes ou des bras. Ce produit peut \u00eatre utilis\u00e9 sur une table comme entra\u00eeneur de bras ou sur le sol pour entra\u00eener les jambes. Le bouton de contr\u00f4le de la r\u00e9sistance pratique permet une large gamme de r\u00e9sistance de p\u00e9dale pour un programme d&rsquo;entra\u00eenement progressif. Enfin, l&rsquo;exerciseur \u00e0 p\u00e9dale pliable MoVeS est facile \u00e0 ranger apr\u00e8s utilisation.<\/p>\n<ul>\n<li>Pliant<\/li>\n<li>Les sangles des p\u00e9dales peuvent \u00eatre ajust\u00e9es dans deux positions<\/li>\n<li>Affichage LCD (temps, tours par minute, tours totaux et calories)<\/li>\n<li>49x36x27cm<\/li>\n<li>2,3 kilogrammes<\/li>\n<\/ul>\n","protected":false},"excerpt":{"rendered":"<p><img loading=\"lazy\" decoding=\"async\" class=\"alignnone wp-image-9812\" src=\"https:\/\/www.rehafit.ch\/wp-content\/uploads\/2021\/02\/logo-300x225-1.png\" alt=\"\" width=\"139\" height=\"104\" srcset=\"https:\/\/www.rehafit.ch\/wp-content\/uploads\/2021\/02\/logo-300x225-1.png 300w, https:\/\/www.rehafit.ch\/wp-content\/uploads\/2021\/02\/logo-300x225-1-250x188.png 250w\" sizes=\"auto, (max-width: 139px) 100vw, 139px\" \/><\/p>\n<p>MVS In Motion est sp\u00e9cialis\u00e9 dans les produits de physioth\u00e9rapie et de r\u00e9\u00e9ducation, de sport et de fitness et s&rsquo;efforce toujours d&rsquo;offrir des produits de haute qualit\u00e9.<\/p>\n","protected":false},"featured_media":0,"comment_status":"open","ping_status":"closed","template":"","meta":{"kt_blocks_editor_width":""},"product_brand":[],"product_cat":[117,119],"product_tag":[],"class_list":{"0":"post-10568","1":"product","2":"type-product","3":"status-publish","5":"product_cat-aides-quotidiennes","6":"product_cat-pedale-dexercice","8":"first","9":"outofstock","10":"taxable","11":"shipping-taxable","12":"purchasable","13":"product-type-simple"},"aioseo_notices":[],"_links":{"self":[{"href":"https:\/\/www.rehafit.ch\/fr\/wp-json\/wp\/v2\/product\/10568","targetHints":{"allow":["GET"]}}],"collection":[{"href":"https:\/\/www.rehafit.ch\/fr\/wp-json\/wp\/v2\/product"}],"about":[{"href":"https:\/\/www.rehafit.ch\/fr\/wp-json\/wp\/v2\/types\/product"}],"replies":[{"embeddable":true,"href":"https:\/\/www.rehafit.ch\/fr\/wp-json\/wp\/v2\/comments?post=10568"}],"wp:attachment":[{"href":"https:\/\/www.rehafit.ch\/fr\/wp-json\/wp\/v2\/media?parent=10568"}],"wp:term":[{"taxonomy":"product_brand","embeddable":true,"href":"https:\/\/www.rehafit.ch\/fr\/wp-json\/wp\/v2\/product_brand?post=10568"},{"taxonomy":"product_cat","embeddable":true,"href":"https:\/\/www.rehafit.ch\/fr\/wp-json\/wp\/v2\/product_cat?post=10568"},{"taxonomy":"product_tag","embeddable":true,"href":"https:\/\/www.rehafit.ch\/fr\/wp-json\/wp\/v2\/product_tag?post=10568"}],"curies":[{"name":"wp","href":"https:\/\/api.w.org\/{rel}","templated":true}]}}