{"id":10494,"date":"2021-05-26T15:22:22","date_gmt":"2021-09-22T09:30:16","guid":{"rendered":"https:\/\/www.rehafit.ch\/produkt\/fauteuil-roulant-electrique-pliable-automatiquement-airwheel-h3pc\/"},"modified":"2023-02-03T07:37:28","modified_gmt":"2023-02-03T07:37:28","slug":"fauteuil-roulant-electrique-pliable-airwheel","status":"publish","type":"product","link":"https:\/\/www.rehafit.ch\/fr\/Produit\/fauteuil-roulant-electrique-pliable-airwheel\/","title":{"rendered":"Airwheel H3PC fauteuil roulant \u00e9lectrique pliable automatiquement"},"content":{"rendered":"<p><img loading=\"lazy\" decoding=\"async\" class=\"alignnone size-full wp-image-10495\" src=\"https:\/\/www.rehafit.ch\/wp-content\/uploads\/2021\/05\/H3PC_deutsch_Seite_01.jpg\" alt=\"\" width=\"1907\" height=\"1073\" srcset=\"https:\/\/www.rehafit.ch\/wp-content\/uploads\/2021\/05\/H3PC_deutsch_Seite_01.jpg 1907w, https:\/\/www.rehafit.ch\/wp-content\/uploads\/2021\/05\/H3PC_deutsch_Seite_01-250x141.jpg 250w, https:\/\/www.rehafit.ch\/wp-content\/uploads\/2021\/05\/H3PC_deutsch_Seite_01-1024x576.jpg 1024w, https:\/\/www.rehafit.ch\/wp-content\/uploads\/2021\/05\/H3PC_deutsch_Seite_01-768x432.jpg 768w, https:\/\/www.rehafit.ch\/wp-content\/uploads\/2021\/05\/H3PC_deutsch_Seite_01-1536x864.jpg 1536w, https:\/\/www.rehafit.ch\/wp-content\/uploads\/2021\/05\/H3PC_deutsch_Seite_01-1320x743.jpg 1320w\" sizes=\"auto, (max-width: 1907px) 100vw, 1907px\" \/><\/p>\n<p><img loading=\"lazy\" decoding=\"async\" class=\"alignnone size-full wp-image-10497\" src=\"https:\/\/www.rehafit.ch\/wp-content\/uploads\/2021\/05\/H3PC_deutsch_Seite_03-scaled.jpg\" alt=\"\" width=\"2560\" height=\"1440\" srcset=\"https:\/\/www.rehafit.ch\/wp-content\/uploads\/2021\/05\/H3PC_deutsch_Seite_03-scaled.jpg 2560w, https:\/\/www.rehafit.ch\/wp-content\/uploads\/2021\/05\/H3PC_deutsch_Seite_03-250x141.jpg 250w, https:\/\/www.rehafit.ch\/wp-content\/uploads\/2021\/05\/H3PC_deutsch_Seite_03-1024x576.jpg 1024w, https:\/\/www.rehafit.ch\/wp-content\/uploads\/2021\/05\/H3PC_deutsch_Seite_03-768x432.jpg 768w, https:\/\/www.rehafit.ch\/wp-content\/uploads\/2021\/05\/H3PC_deutsch_Seite_03-1536x864.jpg 1536w\" sizes=\"auto, (max-width: 2560px) 100vw, 2560px\" \/><img loading=\"lazy\" decoding=\"async\" class=\"alignnone size-full wp-image-10499\" src=\"https:\/\/www.rehafit.ch\/wp-content\/uploads\/2021\/05\/H3PC_deutsch_Seite_02.jpg\" alt=\"\" width=\"1907\" height=\"1073\" srcset=\"https:\/\/www.rehafit.ch\/wp-content\/uploads\/2021\/05\/H3PC_deutsch_Seite_02.jpg 1907w, https:\/\/www.rehafit.ch\/wp-content\/uploads\/2021\/05\/H3PC_deutsch_Seite_02-250x141.jpg 250w, https:\/\/www.rehafit.ch\/wp-content\/uploads\/2021\/05\/H3PC_deutsch_Seite_02-1024x576.jpg 1024w, https:\/\/www.rehafit.ch\/wp-content\/uploads\/2021\/05\/H3PC_deutsch_Seite_02-768x432.jpg 768w, https:\/\/www.rehafit.ch\/wp-content\/uploads\/2021\/05\/H3PC_deutsch_Seite_02-1536x864.jpg 1536w, https:\/\/www.rehafit.ch\/wp-content\/uploads\/2021\/05\/H3PC_deutsch_Seite_02-1320x743.jpg 1320w\" sizes=\"auto, (max-width: 1907px) 100vw, 1907px\" \/><img loading=\"lazy\" decoding=\"async\" class=\"alignnone size-full wp-image-10501\" src=\"https:\/\/www.rehafit.ch\/wp-content\/uploads\/2021\/05\/H3PC_deutsch_Seite_04.jpg\" alt=\"\" width=\"1520\" height=\"855\" srcset=\"https:\/\/www.rehafit.ch\/wp-content\/uploads\/2021\/05\/H3PC_deutsch_Seite_04.jpg 1520w, https:\/\/www.rehafit.ch\/wp-content\/uploads\/2021\/05\/H3PC_deutsch_Seite_04-250x141.jpg 250w, https:\/\/www.rehafit.ch\/wp-content\/uploads\/2021\/05\/H3PC_deutsch_Seite_04-1024x576.jpg 1024w, https:\/\/www.rehafit.ch\/wp-content\/uploads\/2021\/05\/H3PC_deutsch_Seite_04-768x432.jpg 768w, https:\/\/www.rehafit.ch\/wp-content\/uploads\/2021\/05\/H3PC_deutsch_Seite_04-1320x743.jpg 1320w\" sizes=\"auto, (max-width: 1520px) 100vw, 1520px\" \/> <img loading=\"lazy\" decoding=\"async\" class=\"alignnone size-full wp-image-10503\" src=\"https:\/\/www.rehafit.ch\/wp-content\/uploads\/2021\/05\/H3PC_deutsch_Seite_05.jpg\" alt=\"\" width=\"1920\" height=\"1080\" srcset=\"https:\/\/www.rehafit.ch\/wp-content\/uploads\/2021\/05\/H3PC_deutsch_Seite_05.jpg 1920w, https:\/\/www.rehafit.ch\/wp-content\/uploads\/2021\/05\/H3PC_deutsch_Seite_05-250x141.jpg 250w, https:\/\/www.rehafit.ch\/wp-content\/uploads\/2021\/05\/H3PC_deutsch_Seite_05-1024x576.jpg 1024w, https:\/\/www.rehafit.ch\/wp-content\/uploads\/2021\/05\/H3PC_deutsch_Seite_05-768x432.jpg 768w, https:\/\/www.rehafit.ch\/wp-content\/uploads\/2021\/05\/H3PC_deutsch_Seite_05-1536x864.jpg 1536w, https:\/\/www.rehafit.ch\/wp-content\/uploads\/2021\/05\/H3PC_deutsch_Seite_05-1320x743.jpg 1320w\" sizes=\"auto, (max-width: 1920px) 100vw, 1920px\" \/> <img loading=\"lazy\" decoding=\"async\" class=\"alignnone size-full wp-image-10505\" src=\"https:\/\/www.rehafit.ch\/wp-content\/uploads\/2021\/05\/H3PC_deutsch_Seite_06.jpg\" alt=\"\" width=\"1507\" height=\"848\" srcset=\"https:\/\/www.rehafit.ch\/wp-content\/uploads\/2021\/05\/H3PC_deutsch_Seite_06.jpg 1507w, https:\/\/www.rehafit.ch\/wp-content\/uploads\/2021\/05\/H3PC_deutsch_Seite_06-250x141.jpg 250w, https:\/\/www.rehafit.ch\/wp-content\/uploads\/2021\/05\/H3PC_deutsch_Seite_06-1024x576.jpg 1024w, https:\/\/www.rehafit.ch\/wp-content\/uploads\/2021\/05\/H3PC_deutsch_Seite_06-768x432.jpg 768w, https:\/\/www.rehafit.ch\/wp-content\/uploads\/2021\/05\/H3PC_deutsch_Seite_06-1320x743.jpg 1320w\" sizes=\"auto, (max-width: 1507px) 100vw, 1507px\" \/> <img loading=\"lazy\" decoding=\"async\" class=\"alignnone size-full wp-image-10507\" src=\"https:\/\/www.rehafit.ch\/wp-content\/uploads\/2021\/05\/H3PC_deutsch_Seite_08.jpg\" alt=\"\" width=\"1920\" height=\"1080\" srcset=\"https:\/\/www.rehafit.ch\/wp-content\/uploads\/2021\/05\/H3PC_deutsch_Seite_08.jpg 1920w, https:\/\/www.rehafit.ch\/wp-content\/uploads\/2021\/05\/H3PC_deutsch_Seite_08-250x141.jpg 250w, https:\/\/www.rehafit.ch\/wp-content\/uploads\/2021\/05\/H3PC_deutsch_Seite_08-1024x576.jpg 1024w, https:\/\/www.rehafit.ch\/wp-content\/uploads\/2021\/05\/H3PC_deutsch_Seite_08-768x432.jpg 768w, https:\/\/www.rehafit.ch\/wp-content\/uploads\/2021\/05\/H3PC_deutsch_Seite_08-1536x864.jpg 1536w, https:\/\/www.rehafit.ch\/wp-content\/uploads\/2021\/05\/H3PC_deutsch_Seite_08-1320x743.jpg 1320w\" sizes=\"auto, (max-width: 1920px) 100vw, 1920px\" \/> <img loading=\"lazy\" decoding=\"async\" class=\"alignnone size-full wp-image-10509\" src=\"https:\/\/www.rehafit.ch\/wp-content\/uploads\/2021\/05\/H3PC_deutsch_Seite_07.jpg\" alt=\"\" width=\"1920\" height=\"1080\" srcset=\"https:\/\/www.rehafit.ch\/wp-content\/uploads\/2021\/05\/H3PC_deutsch_Seite_07.jpg 1920w, https:\/\/www.rehafit.ch\/wp-content\/uploads\/2021\/05\/H3PC_deutsch_Seite_07-250x141.jpg 250w, https:\/\/www.rehafit.ch\/wp-content\/uploads\/2021\/05\/H3PC_deutsch_Seite_07-1024x576.jpg 1024w, https:\/\/www.rehafit.ch\/wp-content\/uploads\/2021\/05\/H3PC_deutsch_Seite_07-768x432.jpg 768w, https:\/\/www.rehafit.ch\/wp-content\/uploads\/2021\/05\/H3PC_deutsch_Seite_07-1536x864.jpg 1536w, https:\/\/www.rehafit.ch\/wp-content\/uploads\/2021\/05\/H3PC_deutsch_Seite_07-1320x743.jpg 1320w\" sizes=\"auto, (max-width: 1920px) 100vw, 1920px\" \/> <img loading=\"lazy\" decoding=\"async\" class=\"alignnone size-full wp-image-10511\" src=\"https:\/\/www.rehafit.ch\/wp-content\/uploads\/2021\/05\/H3PC_deutsch_Seite_09.jpg\" alt=\"\" width=\"1920\" height=\"1080\" srcset=\"https:\/\/www.rehafit.ch\/wp-content\/uploads\/2021\/05\/H3PC_deutsch_Seite_09.jpg 1920w, https:\/\/www.rehafit.ch\/wp-content\/uploads\/2021\/05\/H3PC_deutsch_Seite_09-250x141.jpg 250w, https:\/\/www.rehafit.ch\/wp-content\/uploads\/2021\/05\/H3PC_deutsch_Seite_09-1024x576.jpg 1024w, https:\/\/www.rehafit.ch\/wp-content\/uploads\/2021\/05\/H3PC_deutsch_Seite_09-768x432.jpg 768w, https:\/\/www.rehafit.ch\/wp-content\/uploads\/2021\/05\/H3PC_deutsch_Seite_09-1536x864.jpg 1536w, https:\/\/www.rehafit.ch\/wp-content\/uploads\/2021\/05\/H3PC_deutsch_Seite_09-1320x743.jpg 1320w\" sizes=\"auto, (max-width: 1920px) 100vw, 1920px\" \/> <img loading=\"lazy\" decoding=\"async\" class=\"alignnone size-full wp-image-10513\" src=\"https:\/\/www.rehafit.ch\/wp-content\/uploads\/2021\/05\/H3PC_deutsch_Seite_11.jpg\" alt=\"\" width=\"1494\" height=\"840\" srcset=\"https:\/\/www.rehafit.ch\/wp-content\/uploads\/2021\/05\/H3PC_deutsch_Seite_11.jpg 1494w, https:\/\/www.rehafit.ch\/wp-content\/uploads\/2021\/05\/H3PC_deutsch_Seite_11-250x141.jpg 250w, https:\/\/www.rehafit.ch\/wp-content\/uploads\/2021\/05\/H3PC_deutsch_Seite_11-1024x576.jpg 1024w, https:\/\/www.rehafit.ch\/wp-content\/uploads\/2021\/05\/H3PC_deutsch_Seite_11-768x432.jpg 768w, https:\/\/www.rehafit.ch\/wp-content\/uploads\/2021\/05\/H3PC_deutsch_Seite_11-1320x742.jpg 1320w\" sizes=\"auto, (max-width: 1494px) 100vw, 1494px\" \/> <img loading=\"lazy\" decoding=\"async\" class=\"alignnone size-full wp-image-10515\" src=\"https:\/\/www.rehafit.ch\/wp-content\/uploads\/2021\/05\/H3PC_deutsch_Seite_10.jpg\" alt=\"\" width=\"1920\" height=\"1065\" srcset=\"https:\/\/www.rehafit.ch\/wp-content\/uploads\/2021\/05\/H3PC_deutsch_Seite_10.jpg 1920w, https:\/\/www.rehafit.ch\/wp-content\/uploads\/2021\/05\/H3PC_deutsch_Seite_10-250x139.jpg 250w, https:\/\/www.rehafit.ch\/wp-content\/uploads\/2021\/05\/H3PC_deutsch_Seite_10-1024x568.jpg 1024w, https:\/\/www.rehafit.ch\/wp-content\/uploads\/2021\/05\/H3PC_deutsch_Seite_10-768x426.jpg 768w, https:\/\/www.rehafit.ch\/wp-content\/uploads\/2021\/05\/H3PC_deutsch_Seite_10-1536x852.jpg 1536w, https:\/\/www.rehafit.ch\/wp-content\/uploads\/2021\/05\/H3PC_deutsch_Seite_10-1320x732.jpg 1320w\" sizes=\"auto, (max-width: 1920px) 100vw, 1920px\" \/> <img loading=\"lazy\" decoding=\"async\" class=\"alignnone size-full wp-image-10517\" src=\"https:\/\/www.rehafit.ch\/wp-content\/uploads\/2021\/05\/H3PC_deutsch_Seite_13.jpg\" alt=\"\" width=\"1920\" height=\"1080\" srcset=\"https:\/\/www.rehafit.ch\/wp-content\/uploads\/2021\/05\/H3PC_deutsch_Seite_13.jpg 1920w, https:\/\/www.rehafit.ch\/wp-content\/uploads\/2021\/05\/H3PC_deutsch_Seite_13-250x141.jpg 250w, https:\/\/www.rehafit.ch\/wp-content\/uploads\/2021\/05\/H3PC_deutsch_Seite_13-1024x576.jpg 1024w, https:\/\/www.rehafit.ch\/wp-content\/uploads\/2021\/05\/H3PC_deutsch_Seite_13-768x432.jpg 768w, https:\/\/www.rehafit.ch\/wp-content\/uploads\/2021\/05\/H3PC_deutsch_Seite_13-1536x864.jpg 1536w, https:\/\/www.rehafit.ch\/wp-content\/uploads\/2021\/05\/H3PC_deutsch_Seite_13-1320x743.jpg 1320w\" sizes=\"auto, (max-width: 1920px) 100vw, 1920px\" \/> <img loading=\"lazy\" decoding=\"async\" class=\"alignnone size-full wp-image-10519\" src=\"https:\/\/www.rehafit.ch\/wp-content\/uploads\/2021\/05\/H3PC_deutsch_Seite_12-scaled.jpg\" alt=\"\" width=\"2560\" height=\"1440\" srcset=\"https:\/\/www.rehafit.ch\/wp-content\/uploads\/2021\/05\/H3PC_deutsch_Seite_12-scaled.jpg 2560w, https:\/\/www.rehafit.ch\/wp-content\/uploads\/2021\/05\/H3PC_deutsch_Seite_12-250x141.jpg 250w, https:\/\/www.rehafit.ch\/wp-content\/uploads\/2021\/05\/H3PC_deutsch_Seite_12-1024x576.jpg 1024w, https:\/\/www.rehafit.ch\/wp-content\/uploads\/2021\/05\/H3PC_deutsch_Seite_12-768x432.jpg 768w, https:\/\/www.rehafit.ch\/wp-content\/uploads\/2021\/05\/H3PC_deutsch_Seite_12-1536x864.jpg 1536w, https:\/\/www.rehafit.ch\/wp-content\/uploads\/2021\/05\/H3PC_deutsch_Seite_12-2048x1152.jpg 2048w, https:\/\/www.rehafit.ch\/wp-content\/uploads\/2021\/05\/H3PC_deutsch_Seite_12-1320x743.jpg 1320w\" sizes=\"auto, (max-width: 2560px) 100vw, 2560px\" \/> <img loading=\"lazy\" decoding=\"async\" class=\"alignnone size-full wp-image-10521\" src=\"https:\/\/www.rehafit.ch\/wp-content\/uploads\/2021\/05\/H3PC_deutsch_Seite_14.jpg\" alt=\"\" width=\"1280\" height=\"720\" srcset=\"https:\/\/www.rehafit.ch\/wp-content\/uploads\/2021\/05\/H3PC_deutsch_Seite_14.jpg 1280w, https:\/\/www.rehafit.ch\/wp-content\/uploads\/2021\/05\/H3PC_deutsch_Seite_14-250x141.jpg 250w, https:\/\/www.rehafit.ch\/wp-content\/uploads\/2021\/05\/H3PC_deutsch_Seite_14-1024x576.jpg 1024w, https:\/\/www.rehafit.ch\/wp-content\/uploads\/2021\/05\/H3PC_deutsch_Seite_14-768x432.jpg 768w\" sizes=\"auto, (max-width: 1280px) 100vw, 1280px\" \/> <img loading=\"lazy\" decoding=\"async\" class=\"alignnone size-full wp-image-10523\" src=\"https:\/\/www.rehafit.ch\/wp-content\/uploads\/2021\/05\/H3PC_deutsch_Seite_15-scaled.jpg\" alt=\"\" width=\"2560\" height=\"1440\" srcset=\"https:\/\/www.rehafit.ch\/wp-content\/uploads\/2021\/05\/H3PC_deutsch_Seite_15-scaled.jpg 2560w, https:\/\/www.rehafit.ch\/wp-content\/uploads\/2021\/05\/H3PC_deutsch_Seite_15-250x141.jpg 250w, https:\/\/www.rehafit.ch\/wp-content\/uploads\/2021\/05\/H3PC_deutsch_Seite_15-1024x576.jpg 1024w, https:\/\/www.rehafit.ch\/wp-content\/uploads\/2021\/05\/H3PC_deutsch_Seite_15-768x432.jpg 768w, https:\/\/www.rehafit.ch\/wp-content\/uploads\/2021\/05\/H3PC_deutsch_Seite_15-1536x864.jpg 1536w, https:\/\/www.rehafit.ch\/wp-content\/uploads\/2021\/05\/H3PC_deutsch_Seite_15-2048x1152.jpg 2048w, https:\/\/www.rehafit.ch\/wp-content\/uploads\/2021\/05\/H3PC_deutsch_Seite_15-1320x743.jpg 1320w\" sizes=\"auto, (max-width: 2560px) 100vw, 2560px\" \/> <img loading=\"lazy\" decoding=\"async\" class=\"alignnone size-full wp-image-10525\" src=\"https:\/\/www.rehafit.ch\/wp-content\/uploads\/2021\/05\/H3PC_deutsch_Seite_16.jpg\" alt=\"\" width=\"1920\" height=\"1080\" srcset=\"https:\/\/www.rehafit.ch\/wp-content\/uploads\/2021\/05\/H3PC_deutsch_Seite_16.jpg 1920w, https:\/\/www.rehafit.ch\/wp-content\/uploads\/2021\/05\/H3PC_deutsch_Seite_16-250x141.jpg 250w, https:\/\/www.rehafit.ch\/wp-content\/uploads\/2021\/05\/H3PC_deutsch_Seite_16-1024x576.jpg 1024w, https:\/\/www.rehafit.ch\/wp-content\/uploads\/2021\/05\/H3PC_deutsch_Seite_16-768x432.jpg 768w, https:\/\/www.rehafit.ch\/wp-content\/uploads\/2021\/05\/H3PC_deutsch_Seite_16-1536x864.jpg 1536w, https:\/\/www.rehafit.ch\/wp-content\/uploads\/2021\/05\/H3PC_deutsch_Seite_16-1320x743.jpg 1320w\" sizes=\"auto, (max-width: 1920px) 100vw, 1920px\" \/> <img loading=\"lazy\" decoding=\"async\" class=\"alignnone size-full wp-image-10527\" src=\"https:\/\/www.rehafit.ch\/wp-content\/uploads\/2021\/05\/H3PC_deutsch_Seite_17.jpg\" alt=\"\" width=\"1507\" height=\"848\" srcset=\"https:\/\/www.rehafit.ch\/wp-content\/uploads\/2021\/05\/H3PC_deutsch_Seite_17.jpg 1507w, https:\/\/www.rehafit.ch\/wp-content\/uploads\/2021\/05\/H3PC_deutsch_Seite_17-250x141.jpg 250w, https:\/\/www.rehafit.ch\/wp-content\/uploads\/2021\/05\/H3PC_deutsch_Seite_17-1024x576.jpg 1024w, https:\/\/www.rehafit.ch\/wp-content\/uploads\/2021\/05\/H3PC_deutsch_Seite_17-768x432.jpg 768w, https:\/\/www.rehafit.ch\/wp-content\/uploads\/2021\/05\/H3PC_deutsch_Seite_17-1320x743.jpg 1320w\" sizes=\"auto, (max-width: 1507px) 100vw, 1507px\" \/> <img loading=\"lazy\" decoding=\"async\" class=\"alignnone size-full wp-image-10529\" src=\"https:\/\/www.rehafit.ch\/wp-content\/uploads\/2021\/05\/H3PC_deutsch_Seite_18.jpg\" alt=\"\" width=\"1920\" height=\"1080\" srcset=\"https:\/\/www.rehafit.ch\/wp-content\/uploads\/2021\/05\/H3PC_deutsch_Seite_18.jpg 1920w, https:\/\/www.rehafit.ch\/wp-content\/uploads\/2021\/05\/H3PC_deutsch_Seite_18-250x141.jpg 250w, https:\/\/www.rehafit.ch\/wp-content\/uploads\/2021\/05\/H3PC_deutsch_Seite_18-1024x576.jpg 1024w, https:\/\/www.rehafit.ch\/wp-content\/uploads\/2021\/05\/H3PC_deutsch_Seite_18-768x432.jpg 768w, https:\/\/www.rehafit.ch\/wp-content\/uploads\/2021\/05\/H3PC_deutsch_Seite_18-1536x864.jpg 1536w, https:\/\/www.rehafit.ch\/wp-content\/uploads\/2021\/05\/H3PC_deutsch_Seite_18-1320x743.jpg 1320w\" sizes=\"auto, (max-width: 1920px) 100vw, 1920px\" \/> <img loading=\"lazy\" decoding=\"async\" class=\"alignnone size-full wp-image-10531\" src=\"https:\/\/www.rehafit.ch\/wp-content\/uploads\/2021\/05\/H3PC_deutsch_Seite_19.jpg\" alt=\"\" width=\"1920\" height=\"1073\" srcset=\"https:\/\/www.rehafit.ch\/wp-content\/uploads\/2021\/05\/H3PC_deutsch_Seite_19.jpg 1920w, https:\/\/www.rehafit.ch\/wp-content\/uploads\/2021\/05\/H3PC_deutsch_Seite_19-250x140.jpg 250w, https:\/\/www.rehafit.ch\/wp-content\/uploads\/2021\/05\/H3PC_deutsch_Seite_19-1024x572.jpg 1024w, https:\/\/www.rehafit.ch\/wp-content\/uploads\/2021\/05\/H3PC_deutsch_Seite_19-768x429.jpg 768w, https:\/\/www.rehafit.ch\/wp-content\/uploads\/2021\/05\/H3PC_deutsch_Seite_19-1536x858.jpg 1536w, https:\/\/www.rehafit.ch\/wp-content\/uploads\/2021\/05\/H3PC_deutsch_Seite_19-1320x738.jpg 1320w\" sizes=\"auto, (max-width: 1920px) 100vw, 1920px\" \/> <img loading=\"lazy\" decoding=\"async\" class=\"alignnone size-full wp-image-10533\" src=\"https:\/\/www.rehafit.ch\/wp-content\/uploads\/2021\/05\/H3PC_deutsch_Seite_20.jpg\" alt=\"\" width=\"1507\" height=\"848\" srcset=\"https:\/\/www.rehafit.ch\/wp-content\/uploads\/2021\/05\/H3PC_deutsch_Seite_20.jpg 1507w, https:\/\/www.rehafit.ch\/wp-content\/uploads\/2021\/05\/H3PC_deutsch_Seite_20-250x141.jpg 250w, https:\/\/www.rehafit.ch\/wp-content\/uploads\/2021\/05\/H3PC_deutsch_Seite_20-1024x576.jpg 1024w, https:\/\/www.rehafit.ch\/wp-content\/uploads\/2021\/05\/H3PC_deutsch_Seite_20-768x432.jpg 768w, https:\/\/www.rehafit.ch\/wp-content\/uploads\/2021\/05\/H3PC_deutsch_Seite_20-1320x743.jpg 1320w\" sizes=\"auto, (max-width: 1507px) 100vw, 1507px\" \/><\/p>\n<p>&nbsp;<\/p>\n","protected":false},"excerpt":{"rendered":"<div class=\"width600\">\n<h1><img loading=\"lazy\" decoding=\"async\" class=\"alignnone wp-image-10133 size-medium\" src=\"https:\/\/www.rehafit.ch\/wp-content\/uploads\/2021\/05\/airwheel_logo-250x45.jpg\" alt=\"\" width=\"250\" height=\"45\" srcset=\"https:\/\/www.rehafit.ch\/wp-content\/uploads\/2021\/05\/airwheel_logo-250x45.jpg 250w, https:\/\/www.rehafit.ch\/wp-content\/uploads\/2021\/05\/airwheel_logo.jpg 700w\" sizes=\"auto, (max-width: 250px) 100vw, 250px\" \/><\/h1>\n<p>Fauteuil roulant \u00e9lectrique portable, pliable, ultral\u00e9ger et intelligent.<\/p>\n<p>La chaise est fabriqu\u00e9e \u00e0 partir de mat\u00e9riaux innovants qui r\u00e9pondent aux normes internationales les plus strictes. Peut \u00eatre facilement soulev\u00e9 dans n&rsquo;importe quelle voiture. Peut \u00eatre facilement soulev\u00e9 dans n&rsquo;importe quelle voiture. .Le fauteuil peut \u00eatre facilement contr\u00f4l\u00e9 par Bluetooth (t\u00e9l\u00e9phone portable ou t\u00e9l\u00e9commande). Il suffit d&rsquo;appuyer sur un bouton pour que le fauteuil roulant se plie ou se d\u00e9plie automatiquement.<\/p>\n<p><strong>Caract\u00e9ristiques:<\/strong><\/p>\n<ul>\n<li>Vitesse : 6km\/h<\/li>\n<li>T\u00e9l\u00e9commande via bluetooth avec t\u00e9l\u00e9commande ou t\u00e9l\u00e9phone portable<\/li>\n<li><strong>Poids : 19,5 kg sans piles \/ piles 3,3 kg<\/strong><\/li>\n<li>Capacit\u00e9 de charge : 100 kg<\/li>\n<\/ul>\n<p><strong>D\u00e9lai de livraison environ 10 jours<\/strong><\/p>\n<p><strong>Les instructions ne sont actuellement disponibles qu&rsquo;en anglais<\/strong><\/p>\n<\/div>\n<p>\u200b<\/p>\n<p>&nbsp;<\/p>\n","protected":false},"featured_media":0,"comment_status":"open","ping_status":"closed","template":"","meta":{"kt_blocks_editor_width":""},"product_brand":[],"product_cat":[201,199],"product_tag":[],"class_list":{"0":"post-10494","1":"product","2":"type-product","3":"status-publish","5":"product_cat-divers-fr-2","6":"product_cat-top-offres","8":"first","9":"instock","10":"sale","11":"taxable","12":"shipping-taxable","13":"purchasable","14":"product-type-simple"},"aioseo_notices":[],"_links":{"self":[{"href":"https:\/\/www.rehafit.ch\/fr\/wp-json\/wp\/v2\/product\/10494","targetHints":{"allow":["GET"]}}],"collection":[{"href":"https:\/\/www.rehafit.ch\/fr\/wp-json\/wp\/v2\/product"}],"about":[{"href":"https:\/\/www.rehafit.ch\/fr\/wp-json\/wp\/v2\/types\/product"}],"replies":[{"embeddable":true,"href":"https:\/\/www.rehafit.ch\/fr\/wp-json\/wp\/v2\/comments?post=10494"}],"wp:attachment":[{"href":"https:\/\/www.rehafit.ch\/fr\/wp-json\/wp\/v2\/media?parent=10494"}],"wp:term":[{"taxonomy":"product_brand","embeddable":true,"href":"https:\/\/www.rehafit.ch\/fr\/wp-json\/wp\/v2\/product_brand?post=10494"},{"taxonomy":"product_cat","embeddable":true,"href":"https:\/\/www.rehafit.ch\/fr\/wp-json\/wp\/v2\/product_cat?post=10494"},{"taxonomy":"product_tag","embeddable":true,"href":"https:\/\/www.rehafit.ch\/fr\/wp-json\/wp\/v2\/product_tag?post=10494"}],"curies":[{"name":"wp","href":"https:\/\/api.w.org\/{rel}","templated":true}]}}