{"id":10481,"date":"2019-11-24T17:40:24","date_gmt":"2021-09-22T09:19:39","guid":{"rendered":"https:\/\/www.rehafit.ch\/produkt\/pince-arthri-grip\/"},"modified":"2021-09-22T09:19:40","modified_gmt":"2021-09-22T09:19:40","slug":"pince-de-prehension-arthri-grip","status":"publish","type":"product","link":"https:\/\/www.rehafit.ch\/fr\/Produit\/pince-de-prehension-arthri-grip\/","title":{"rendered":"Pince ARTHRI-GRIP"},"content":{"rendered":"<p>Souffrez-vous d&rsquo;une alt\u00e9ration de la dext\u00e9rit\u00e9 des mains, d&rsquo;articulations raides ou d&rsquo;arthrite aux mains ou aux poignets? Alors les pinces \u00e0 pr\u00e9hension Arthri-Grip Pro sont faites pour vous !<\/p>\n<p>La g\u00e2chette \u00e0 main pleine facile \u00e0 utiliser utilise tous vos doigts. Ainsi, vous pouvez g\u00e9n\u00e9rer plus de force avec une l\u00e9g\u00e8re pression, m\u00eame lorsque vous soulevez des objets lourds.<\/p>\n<p>Un bras de pr\u00e9hension l\u00e9ger pour tout le monde, pas seulement pour les personnes \u00e2g\u00e9es ou handicap\u00e9es. C&rsquo;est id\u00e9al pour ramasser des objets de tous les jours dans la maison sans compter sur l&rsquo;aide de quelqu&rsquo;un d&rsquo;autre.<\/p>\n<p>Voici quelques-unes des propri\u00e9t\u00e9s les plus importantes de l&rsquo;Arthritis Grip :<\/p>\n<ul>\n<li>G\u00e2chette pratique pour toute la main qui soutient \u00e0 la fois votre main et votre poignet.<\/li>\n<li>La t\u00eate de pr\u00e9hension rotative \u00e0 90 degr\u00e9s imite le mouvement naturel de votre main et de votre poignet. Cela permet de ramasser plus facilement des objets lourds comme des bouteilles et des canettes dans les armoires de cuisine, mais cela r\u00e9duit \u00e9galement la tension sur votre bras.<\/li>\n<li>L\u00e8vres jaunes, douces et flexibles &#8211; pour que vous puissiez saisir une \u00e9pingle \u00e0 cheveux ou une boucle d&rsquo;oreille de mani\u00e8re contr\u00f4l\u00e9e et s\u00fbre.<\/li>\n<li>Ne vous inqui\u00e9tez pas de vous pencher &#8211; vous pouvez attacher votre pince de pr\u00e9hension Arthri-Grip Pro \u00e0 votre canne, marchette ou fauteuil roulant avec un clip de b\u00e2ton.<\/li>\n<\/ul>\n<p><strong>Sp\u00e9cifications techniques:<\/strong><\/p>\n<ul>\n<li>Longueur : 65cm<\/li>\n<li>Ouverture de pr\u00e9hension : ~ 8,3 cm (variable)<\/li>\n<li>Poids : 234g<\/li>\n<li>Couleur jaune<\/li>\n<\/ul>\n<p>&nbsp;<\/p>\n<p><strong>Clip pour pince :<\/strong><br \/>\n<a href=\"https:\/\/www.rehafit.ch\/produkt\/clip-fuer-greifzange\/\"><img loading=\"lazy\" decoding=\"async\" class=\"alignnone wp-image-10484 size-thumbnail\" src=\"https:\/\/www.rehafit.ch\/wp-content\/uploads\/2021\/08\/Klammern-1-150x150.jpg\" alt=\"\" width=\"150\" height=\"150\" srcset=\"https:\/\/www.rehafit.ch\/wp-content\/uploads\/2021\/08\/Klammern-1-150x150.jpg 150w, https:\/\/www.rehafit.ch\/wp-content\/uploads\/2021\/08\/Klammern-1-300x300.jpg 300w, https:\/\/www.rehafit.ch\/wp-content\/uploads\/2021\/08\/Klammern-1-456x456.jpg 456w, https:\/\/www.rehafit.ch\/wp-content\/uploads\/2021\/08\/Klammern-1-100x100.jpg 100w, https:\/\/www.rehafit.ch\/wp-content\/uploads\/2021\/08\/Klammern-1-407x407.jpg 407w, https:\/\/www.rehafit.ch\/wp-content\/uploads\/2021\/08\/Klammern-1-600x600.jpg 600w, https:\/\/www.rehafit.ch\/wp-content\/uploads\/2021\/08\/Klammern-1-480x480.jpg 480w, https:\/\/www.rehafit.ch\/wp-content\/uploads\/2021\/08\/Klammern-1-240x240.jpg 240w\" sizes=\"auto, (max-width: 150px) 100vw, 150px\" \/><\/a><\/p>\n","protected":false},"excerpt":{"rendered":"<p><img loading=\"lazy\" decoding=\"async\" class=\"alignnone wp-image-168\" src=\"https:\/\/www.rehafit.ch\/wp-content\/uploads\/2016\/12\/hh_logo.jpg\" alt=\"hh_logo\" width=\"61\" height=\"66\"><\/p>\n<p>Sp\u00e9cialis\u00e9 dans les produits de soins \u00e0 domicile qui vous aideront \u00e0 maintenir votre ind\u00e9pendance et votre dignit\u00e9. D&rsquo;excellents produits pour la maison qui vous donnent la confiance n\u00e9cessaire pour rendre chaque jour plus agr\u00e9able. Bref, l&rsquo;aide dont vous avez besoin pour vous faciliter la vie, quand vous en avez le plus besoin.<\/p>\n<p>Helping Hand a d\u00e9velopp\u00e9 une gamme de produits fiables et de haute qualit\u00e9, con\u00e7us pour r\u00e9duire les efforts et la frustration.<\/p>\n<p>Vous vous occupez d&rsquo;un parent, d&rsquo;un ami ou d&rsquo;un voisin ? Pas seulement pour les personnes \u00e2g\u00e9es ou handicap\u00e9es. Se remettre d&rsquo;une chute, d&rsquo;une intervention chirurgicale ou vivre avec une maladie de longue dur\u00e9e. Par exemple, l&rsquo;arthrite, les accidents vasculaires c\u00e9r\u00e9braux ou la maladie de Parkinson.<\/p>\n<p>&nbsp;<\/p>\n<p>&nbsp;<\/p>\n","protected":false},"featured_media":1840,"comment_status":"open","ping_status":"closed","template":"","meta":{"kt_blocks_editor_width":""},"product_brand":[],"product_cat":[122],"product_tag":[],"class_list":{"0":"post-10481","1":"product","2":"type-product","3":"status-publish","4":"has-post-thumbnail","6":"product_cat-pince","8":"first","9":"instock","10":"taxable","11":"shipping-taxable","12":"purchasable","13":"product-type-variable"},"aioseo_notices":[],"_links":{"self":[{"href":"https:\/\/www.rehafit.ch\/fr\/wp-json\/wp\/v2\/product\/10481","targetHints":{"allow":["GET"]}}],"collection":[{"href":"https:\/\/www.rehafit.ch\/fr\/wp-json\/wp\/v2\/product"}],"about":[{"href":"https:\/\/www.rehafit.ch\/fr\/wp-json\/wp\/v2\/types\/product"}],"replies":[{"embeddable":true,"href":"https:\/\/www.rehafit.ch\/fr\/wp-json\/wp\/v2\/comments?post=10481"}],"wp:featuredmedia":[{"embeddable":true,"href":"https:\/\/www.rehafit.ch\/fr\/wp-json\/wp\/v2\/media\/1840"}],"wp:attachment":[{"href":"https:\/\/www.rehafit.ch\/fr\/wp-json\/wp\/v2\/media?parent=10481"}],"wp:term":[{"taxonomy":"product_brand","embeddable":true,"href":"https:\/\/www.rehafit.ch\/fr\/wp-json\/wp\/v2\/product_brand?post=10481"},{"taxonomy":"product_cat","embeddable":true,"href":"https:\/\/www.rehafit.ch\/fr\/wp-json\/wp\/v2\/product_cat?post=10481"},{"taxonomy":"product_tag","embeddable":true,"href":"https:\/\/www.rehafit.ch\/fr\/wp-json\/wp\/v2\/product_tag?post=10481"}],"curies":[{"name":"wp","href":"https:\/\/api.w.org\/{rel}","templated":true}]}}