{"id":10473,"date":"2020-03-14T13:43:06","date_gmt":"2021-09-22T08:28:47","guid":{"rendered":"https:\/\/www.rehafit.ch\/produkt\/deambulateur-en-carbone-ultra-leger-byacre\/"},"modified":"2024-01-29T14:10:19","modified_gmt":"2024-01-29T14:10:19","slug":"rollator-byacre-ultra-leger-carbone","status":"publish","type":"product","link":"https:\/\/www.rehafit.ch\/fr\/Produit\/rollator-byacre-ultra-leger-carbone\/","title":{"rendered":"ByAcre Rollator en carbone ultra-l\u00e9ger"},"content":{"rendered":"<table width=\"774\">\n<tbody>\n<tr>\n<td width=\"208\"><strong>Caract\u00e9ristiques<\/strong><\/td>\n<td width=\"104\"><strong>Compact<\/strong><\/td>\n<td width=\"123\"><strong>Classique<\/strong><\/td>\n<td width=\"116\"><strong>Confort<\/strong><\/td>\n<\/tr>\n<tr>\n<td width=\"208\">poids<br \/>\nHauteur de la poign\u00e9e<br \/>\nLargeur entre les poign\u00e9es<br \/>\nLargeur d&rsquo;assise<br \/>\nHauteur d&rsquo;assise<br \/>\nPoids utilisateur max.<em><br \/>\n<\/em>Taille utilisateur max.<br \/>\nLargeur<br \/>\nLargement pli\u00e9<br \/>\nlongueur<\/td>\n<td width=\"104\"><strong>4,80 kg<\/strong><br \/>\n 790-910 mm<br \/>\n<strong>350 mm<br \/>\n<\/strong> 410<strong>mm<br \/>\n<\/strong>560 mm<br \/>\n130kg<br \/>\n180cm<br \/>\n<strong>615 mm<\/strong><br \/>\n 250 mm<br \/>\n660 mm<\/td>\n<td width=\"123\"><strong>4,80 kg<br \/>\n<\/strong>800 -950 mm<br \/>\n<strong>380 mm<br \/>\n<\/strong> 420<strong>mm<br \/>\n<\/strong>610 mm<br \/>\n130kg<br \/>\n180cm<br \/>\n<strong>625 mm<br \/>\n<\/strong> 250 mm<br \/>\n660 mm<\/td>\n<td width=\"116\"><strong>4,90 kg<br \/>\n<\/strong>800 &#8211; 950 mm<br \/>\n<strong>430 mm<br \/>\n<\/strong> 470<strong>mm<br \/>\n<\/strong>610 mm<br \/>\n130kg<br \/>\n180cm<br \/>\n<strong>665 mm<br \/>\n<\/strong> 250 mm<br \/>\n660 mm<\/td>\n<\/tr>\n<\/tbody>\n<\/table>\n<p>&nbsp;<\/p>\n","protected":false},"excerpt":{"rendered":"<p><a href=\"http:\/\/shop.novomed.ch.novomed.ch\/wp-content\/uploads\/2020\/01\/byacre.jpg\"><img loading=\"lazy\" decoding=\"async\" class=\"alignnone wp-image-4902 \" src=\"http:\/\/shop.novomed.ch.novomed.ch\/wp-content\/uploads\/2020\/01\/byacre-300x157.jpg\" alt=\"\" width=\"146\" height=\"76\"><\/a><\/p>\n<p>Votre nouveau compagnon de voyage, que ce soit pour des aventures dans le monde entier ou juste \u00e0 votre porte.<br \/>\n<strong>Seulement 4,9<\/strong><strong> kg<br \/>\n<\/strong> Cela en fait le rollator d&rsquo;ext\u00e9rieur le plus l\u00e9ger au monde<br \/>\n<strong>Cadre en fibre de carbone<br \/>\n<\/strong> un mat\u00e9riau l\u00e9ger, solide et absorbant les chocs pour un d\u00e9ambulateur facile \u00e0 transporter et \u00e0 soulever, tout en offrant une stabilit\u00e9 et un excellent soutien.<br \/>\n<strong>Poign\u00e9es ergonomiques<\/strong><br \/>\npour une bonne posture et stabilit\u00e9.<br \/>\n<strong>Le Rollator est livr\u00e9 avec un sac d\u2019organizer:<\/strong><br \/>\n<img loading=\"lazy\" decoding=\"async\" class=\"alignnone wp-image-5678\" src=\"https:\/\/www.novomed.ch\/wp-content\/uploads\/2020\/01\/carbonultralight_accessory_organiser-300x300.jpg\" alt=\"\" width=\"118\" height=\"118\"><br \/>\n\u00c9quipement:<\/p>\n<table>\n<tbody>\n<tr>\n<td>\n<p>[caption id=\"attachment_5665\" align=\"alignnone\" width=\"80\"]<a href=\"https:\/\/www.rehafit.ch\/produkt\/byacre-rueckengurt\/\"><img loading=\"lazy\" decoding=\"async\" class=\"wp-image-5665\" src=\"https:\/\/www.novomed.ch\/wp-content\/uploads\/2020\/01\/r%C3%BCckengurt-600x600-150x150.jpeg\" alt=\"\" width=\"80\" height=\"80\"><\/a> Sangle dorsale CHF 74.00[\/caption]<\/td>\n<td>\n<p>[caption id=\"attachment_5672\" align=\"alignnone\" width=\"80\"]<a href=\"https:\/\/www.rehafit.ch\/produkt\/byacre-weekend-tasche\/\"><img loading=\"lazy\" decoding=\"async\" class=\"wp-image-5672\" src=\"https:\/\/www.novomed.ch\/wp-content\/uploads\/2020\/01\/weekend-tasche-600x600-150x150.jpeg\" alt=\"\" width=\"80\" height=\"80\"><\/a> Sac de weekend CHF 86.00[\/caption]<\/td>\n<td>\n<p>[caption id=\"attachment_5670\" align=\"alignnone\" width=\"110\"]<a href=\"https:\/\/www.rehafit.ch\/produkt\/byacre-einkaufsnetz\/\" rel=\"noopener noreferrer\"><img loading=\"lazy\" decoding=\"async\" class=\"wp-image-5670\" src=\"https:\/\/www.novomed.ch\/wp-content\/uploads\/2020\/01\/einkaufsnetz-600x600-150x150.jpeg\" alt=\"\" width=\"110\" height=\"110\"><\/a> R\u00e9seau commercial CHF 65.00[\/caption]<\/td>\n<td>\n<p>[caption id=\"attachment_5673\" align=\"alignnone\" width=\"80\"]<a href=\"https:\/\/www.rehafit.ch\/produkt\/byacre-stockhalter\/\" rel=\"noopener noreferrer\"><img loading=\"lazy\" decoding=\"async\" class=\"wp-image-5673\" src=\"https:\/\/www.novomed.ch\/wp-content\/uploads\/2020\/01\/stockhalter-600x600-150x150.jpeg\" alt=\"\" width=\"80\" height=\"80\"><\/a> Porte-canne CHF 48.00[\/caption]<\/td>\n<\/tr>\n<\/tbody>\n<\/table>\n","protected":false},"featured_media":14129,"comment_status":"open","ping_status":"closed","template":"","meta":{"kt_blocks_editor_width":""},"product_brand":[],"product_cat":[146,148],"product_tag":[],"class_list":{"0":"post-10473","1":"product","2":"type-product","3":"status-publish","4":"has-post-thumbnail","6":"product_cat-rollator","7":"product_cat-ultra-leger","9":"first","10":"instock","11":"taxable","12":"shipping-taxable","13":"purchasable","14":"product-type-variable"},"aioseo_notices":[],"_links":{"self":[{"href":"https:\/\/www.rehafit.ch\/fr\/wp-json\/wp\/v2\/product\/10473","targetHints":{"allow":["GET"]}}],"collection":[{"href":"https:\/\/www.rehafit.ch\/fr\/wp-json\/wp\/v2\/product"}],"about":[{"href":"https:\/\/www.rehafit.ch\/fr\/wp-json\/wp\/v2\/types\/product"}],"replies":[{"embeddable":true,"href":"https:\/\/www.rehafit.ch\/fr\/wp-json\/wp\/v2\/comments?post=10473"}],"wp:featuredmedia":[{"embeddable":true,"href":"https:\/\/www.rehafit.ch\/fr\/wp-json\/wp\/v2\/media\/14129"}],"wp:attachment":[{"href":"https:\/\/www.rehafit.ch\/fr\/wp-json\/wp\/v2\/media?parent=10473"}],"wp:term":[{"taxonomy":"product_brand","embeddable":true,"href":"https:\/\/www.rehafit.ch\/fr\/wp-json\/wp\/v2\/product_brand?post=10473"},{"taxonomy":"product_cat","embeddable":true,"href":"https:\/\/www.rehafit.ch\/fr\/wp-json\/wp\/v2\/product_cat?post=10473"},{"taxonomy":"product_tag","embeddable":true,"href":"https:\/\/www.rehafit.ch\/fr\/wp-json\/wp\/v2\/product_tag?post=10473"}],"curies":[{"name":"wp","href":"https:\/\/api.w.org\/{rel}","templated":true}]}}