{"id":10462,"date":"2020-11-02T12:55:16","date_gmt":"2021-09-22T08:27:48","guid":{"rendered":"https:\/\/www.rehafit.ch\/produkt\/allons-rollator-exterieur\/"},"modified":"2022-04-06T06:34:03","modified_gmt":"2022-04-06T06:34:03","slug":"laisse-aller-exterieur-rollator","status":"publish","type":"product","link":"https:\/\/www.rehafit.ch\/fr\/Produit\/laisse-aller-exterieur-rollator\/","title":{"rendered":"Let&rsquo;s go outdoor rollator"},"content":{"rendered":"<ul>\n<li>Largeur : 54,5 cm<\/li>\n<li>Longueur : 67cm<\/li>\n<li>Hauteur d&rsquo;assise : 59,5 cm<\/li>\n<li>Poids : 6,1 kg<\/li>\n<li>Hauteur de la poign\u00e9e de pouss\u00e9e: 78 &#8211; 96 5cm<\/li>\n<li>Capacit\u00e9 de charge de 130 kg<\/li>\n<li>Sac : pour 10kg<\/li>\n<li>Roues arri\u00e8re avec suspension<\/li>\n<li><strong>y compris sac, sangle dorsale et porte-b\u00e2ton<\/strong><\/li>\n<\/ul>\n<p><img loading=\"lazy\" decoding=\"async\" src=\"https:\/\/www.rehafit.ch\/wp-content\/uploads\/2020\/11\/rollator-trust-care-_lets_go_out_bag-150x150-1-100x100.jpg\" alt=\"\" width=\"100\" height=\"100\"> <img loading=\"lazy\" decoding=\"async\" src=\"https:\/\/www.rehafit.ch\/wp-content\/uploads\/2020\/11\/rollator-trust-care-_lets_go_out_back_band-150x150-1-100x100.jpg\" alt=\"\" width=\"100\" height=\"100\">  <img loading=\"lazy\" decoding=\"async\" src=\"https:\/\/www.rehafit.ch\/wp-content\/uploads\/2020\/11\/rollator-trust-care-_lets_go_out_clutch_holder-150x150-1-100x100.jpg\" alt=\"\" width=\"100\" height=\"100\"><\/p>\n","protected":false},"excerpt":{"rendered":"<p><img loading=\"lazy\" decoding=\"async\" class=\"alignnone size-full wp-image-270\" src=\"https:\/\/www.rehafit.ch\/wp-content\/uploads\/2016\/12\/logo_143.gif\" alt=\"logo_143\" width=\"96\" height=\"43\"><\/p>\n<p>Le Let&rsquo;s go outdoor rollator de TrustCare est l\u00e9ger et stable. Il ne p\u00e8se que 6,4 kg et ne mesure que 58 cm de large. Il peut \u00eatre pli\u00e9 facilement. Les grandes roues avant facilitent les virages et la n\u00e9gociation des trottoirs.<br \/>\nLe Let&rsquo;s Go Outdoor a des garde-boue sur les roues arri\u00e8re et une suspension \u00e0 ressort int\u00e9gr\u00e9e qui permet une marche confortable. Les poign\u00e9es en caoutchouc sont de forme ergonomique et peuvent \u00eatre r\u00e9gl\u00e9es en hauteur de 78 \u00e0 96 cm pour s&rsquo;adapter \u00e0 diff\u00e9rents utilisateurs.<br \/>\n<strong>y compris sac, sangle arri\u00e8re et porte-canne<\/strong><\/p>\n<p><img loading=\"lazy\" decoding=\"async\" src=\"https:\/\/www.rehafit.ch\/wp-content\/uploads\/2020\/11\/rollator-trust-care-_lets_go_out_bag-150x150-1.jpg\" alt=\"\" width=\"100\" height=\"100\"> <img loading=\"lazy\" decoding=\"async\" src=\"https:\/\/www.rehafit.ch\/wp-content\/uploads\/2020\/11\/rollator-trust-care-_lets_go_out_back_band-150x150-1.jpg\" alt=\"\" width=\"100\" height=\"100\"> <img loading=\"lazy\" decoding=\"async\" src=\"https:\/\/www.rehafit.ch\/wp-content\/uploads\/2020\/11\/rollator-trust-care-_lets_go_out_clutch_holder-150x150-1.jpg\" alt=\"\" width=\"100\" height=\"100\"><\/p>\n","protected":false},"featured_media":9676,"comment_status":"open","ping_status":"closed","template":"","meta":{"kt_blocks_editor_width":""},"product_brand":[],"product_cat":[147,146],"product_tag":[],"class_list":{"0":"post-10462","1":"product","2":"type-product","3":"status-publish","4":"has-post-thumbnail","6":"product_cat-poids-leger","7":"product_cat-rollator","9":"first","10":"instock","11":"taxable","12":"shipping-taxable","13":"purchasable","14":"product-type-simple"},"aioseo_notices":[],"_links":{"self":[{"href":"https:\/\/www.rehafit.ch\/fr\/wp-json\/wp\/v2\/product\/10462","targetHints":{"allow":["GET"]}}],"collection":[{"href":"https:\/\/www.rehafit.ch\/fr\/wp-json\/wp\/v2\/product"}],"about":[{"href":"https:\/\/www.rehafit.ch\/fr\/wp-json\/wp\/v2\/types\/product"}],"replies":[{"embeddable":true,"href":"https:\/\/www.rehafit.ch\/fr\/wp-json\/wp\/v2\/comments?post=10462"}],"wp:featuredmedia":[{"embeddable":true,"href":"https:\/\/www.rehafit.ch\/fr\/wp-json\/wp\/v2\/media\/9676"}],"wp:attachment":[{"href":"https:\/\/www.rehafit.ch\/fr\/wp-json\/wp\/v2\/media?parent=10462"}],"wp:term":[{"taxonomy":"product_brand","embeddable":true,"href":"https:\/\/www.rehafit.ch\/fr\/wp-json\/wp\/v2\/product_brand?post=10462"},{"taxonomy":"product_cat","embeddable":true,"href":"https:\/\/www.rehafit.ch\/fr\/wp-json\/wp\/v2\/product_cat?post=10462"},{"taxonomy":"product_tag","embeddable":true,"href":"https:\/\/www.rehafit.ch\/fr\/wp-json\/wp\/v2\/product_tag?post=10462"}],"curies":[{"name":"wp","href":"https:\/\/api.w.org\/{rel}","templated":true}]}}