{"id":10451,"date":"2021-06-06T15:50:34","date_gmt":"2021-09-22T08:24:42","guid":{"rendered":"https:\/\/www.rehafit.ch\/produkt\/oreiller-compense-mambo-max\/"},"modified":"2022-12-28T10:14:01","modified_gmt":"2022-12-28T10:14:01","slug":"oreiller-compense-mambo-max","status":"publish","type":"product","link":"https:\/\/www.rehafit.ch\/fr\/Produit\/oreiller-compense-mambo-max\/","title":{"rendered":"Oreiller compens\u00e9 Mambo Max"},"content":{"rendered":"<p>La forme en coin du Mambo Max Sitting Wedge favorise une position assise correcte \u00e0 la table ou au bureau. L&rsquo;oreiller gonflable et dynamique active les muscles du tronc et soutient le dos. La cale d&rsquo;assise Mambo Max peut \u00e9galement \u00eatre utilis\u00e9e comme support dorsal.<br \/>\nLa surface en PVC de la cale de si\u00e8ge Mambo Max peut \u00eatre facilement nettoy\u00e9e avec de l&rsquo;eau et du savon. La pompe \u00e0 air Faster Blaster est incluse.<\/p>\n<ul>\n<li>Dimensions : 34cm x 34cm<\/li>\n<li>Hauteur : 7cm<\/li>\n<li>Max. Poids de l&rsquo;utilisateur : 250kg<\/li>\n<\/ul>\n<p>&nbsp;<\/p>\n<p>&nbsp;<\/p>\n<p>&nbsp;<\/p>\n","protected":false},"excerpt":{"rendered":"<p><img loading=\"lazy\" decoding=\"async\" class=\"alignnone wp-image-9812\" src=\"https:\/\/www.rehafit.ch\/wp-content\/uploads\/2021\/02\/logo-300x225-1.png\" alt=\"\" width=\"139\" height=\"104\" srcset=\"https:\/\/www.rehafit.ch\/wp-content\/uploads\/2021\/02\/logo-300x225-1.png 300w, https:\/\/www.rehafit.ch\/wp-content\/uploads\/2021\/02\/logo-300x225-1-250x188.png 250w\" sizes=\"auto, (max-width: 139px) 100vw, 139px\" \/><\/p>\n<p>MVS In Motion est sp\u00e9cialis\u00e9 dans les produits de physioth\u00e9rapie et de r\u00e9\u00e9ducation, de sport et de fitness et s&rsquo;efforce toujours d&rsquo;offrir des produits de haute qualit\u00e9.<\/p>\n","protected":false},"featured_media":10158,"comment_status":"open","ping_status":"closed","template":"","meta":{"kt_blocks_editor_width":""},"product_brand":[],"product_cat":[144,140],"product_tag":[],"class_list":{"0":"post-10451","1":"product","2":"type-product","3":"status-publish","4":"has-post-thumbnail","6":"product_cat-nouveaux-hits","7":"product_cat-fitness-wellness-pilates-fr","9":"first","10":"instock","11":"taxable","12":"shipping-taxable","13":"purchasable","14":"product-type-simple"},"aioseo_notices":[],"_links":{"self":[{"href":"https:\/\/www.rehafit.ch\/fr\/wp-json\/wp\/v2\/product\/10451","targetHints":{"allow":["GET"]}}],"collection":[{"href":"https:\/\/www.rehafit.ch\/fr\/wp-json\/wp\/v2\/product"}],"about":[{"href":"https:\/\/www.rehafit.ch\/fr\/wp-json\/wp\/v2\/types\/product"}],"replies":[{"embeddable":true,"href":"https:\/\/www.rehafit.ch\/fr\/wp-json\/wp\/v2\/comments?post=10451"}],"wp:featuredmedia":[{"embeddable":true,"href":"https:\/\/www.rehafit.ch\/fr\/wp-json\/wp\/v2\/media\/10158"}],"wp:attachment":[{"href":"https:\/\/www.rehafit.ch\/fr\/wp-json\/wp\/v2\/media?parent=10451"}],"wp:term":[{"taxonomy":"product_brand","embeddable":true,"href":"https:\/\/www.rehafit.ch\/fr\/wp-json\/wp\/v2\/product_brand?post=10451"},{"taxonomy":"product_cat","embeddable":true,"href":"https:\/\/www.rehafit.ch\/fr\/wp-json\/wp\/v2\/product_cat?post=10451"},{"taxonomy":"product_tag","embeddable":true,"href":"https:\/\/www.rehafit.ch\/fr\/wp-json\/wp\/v2\/product_tag?post=10451"}],"curies":[{"name":"wp","href":"https:\/\/api.w.org\/{rel}","templated":true}]}}