{"id":10442,"date":"2021-06-10T06:51:30","date_gmt":"2021-09-22T08:24:11","guid":{"rendered":"https:\/\/www.rehafit.ch\/produkt\/bande-moves\/"},"modified":"2021-09-22T08:24:18","modified_gmt":"2021-09-22T08:24:18","slug":"deplace-la-bande","status":"publish","type":"product","link":"https:\/\/www.rehafit.ch\/fr\/Produit\/deplace-la-bande\/","title":{"rendered":"bande MoVeS"},"content":{"rendered":"<p>Les rubans MoVeS sont des rubans d&rsquo;exercice r\u00e9sistants au latex de haute qualit\u00e9, \u00e0 faible teneur en poudre (en r\u00e9alit\u00e9 moins de 2 mg \/ dm\u00b2, officiellement sans poudre). Le proc\u00e9d\u00e9 de fabrication unique Snap-Stop\u00ae rend ce produit extr\u00eamement r\u00e9sistant \u00e0 la d\u00e9chirure. L&rsquo;utilisation des bandes MoVeS pour les exercices de r\u00e9sistance cr\u00e9e des forces \u00e0 la fois positives et n\u00e9gatives sur les muscles et am\u00e9liore l&rsquo;amplitude de mouvement, la force et la coop\u00e9ration des groupes musculaires. Les diff\u00e9rents niveaux de r\u00e9sistance sont d\u00e9termin\u00e9s par l&rsquo;\u00e9paisseur du ruban. Les bandes MoVes sont fournies avec des instructions en couleur. La bande a une largeur de +\/- 127 mm.<\/p>\n<p>&nbsp;<\/p>\n<p>&nbsp;<\/p>\n<p>&nbsp;<\/p>\n<p>&nbsp;<\/p>\n","protected":false},"excerpt":{"rendered":"<p><img loading=\"lazy\" decoding=\"async\" class=\"alignnone wp-image-9812\" src=\"https:\/\/www.rehafit.ch\/wp-content\/uploads\/2021\/02\/logo-300x225-1.png\" alt=\"\" width=\"139\" height=\"104\" srcset=\"https:\/\/www.rehafit.ch\/wp-content\/uploads\/2021\/02\/logo-300x225-1.png 300w, https:\/\/www.rehafit.ch\/wp-content\/uploads\/2021\/02\/logo-300x225-1-250x188.png 250w\" sizes=\"auto, (max-width: 139px) 100vw, 139px\" \/><\/p>\n<p>MVS In Motion est sp\u00e9cialis\u00e9 dans les produits de physioth\u00e9rapie et de r\u00e9\u00e9ducation, de sport et de fitness et s&rsquo;efforce toujours d&rsquo;offrir des produits de haute qualit\u00e9.<\/p>\n","protected":false},"featured_media":10176,"comment_status":"open","ping_status":"closed","template":"","meta":{"kt_blocks_editor_width":""},"product_brand":[],"product_cat":[140,144],"product_tag":[],"class_list":{"0":"post-10442","1":"product","2":"type-product","3":"status-publish","4":"has-post-thumbnail","6":"product_cat-fitness-wellness-pilates-fr","7":"product_cat-nouveaux-hits","9":"first","10":"instock","11":"taxable","12":"shipping-taxable","13":"purchasable","14":"product-type-variable"},"aioseo_notices":[],"_links":{"self":[{"href":"https:\/\/www.rehafit.ch\/fr\/wp-json\/wp\/v2\/product\/10442","targetHints":{"allow":["GET"]}}],"collection":[{"href":"https:\/\/www.rehafit.ch\/fr\/wp-json\/wp\/v2\/product"}],"about":[{"href":"https:\/\/www.rehafit.ch\/fr\/wp-json\/wp\/v2\/types\/product"}],"replies":[{"embeddable":true,"href":"https:\/\/www.rehafit.ch\/fr\/wp-json\/wp\/v2\/comments?post=10442"}],"wp:featuredmedia":[{"embeddable":true,"href":"https:\/\/www.rehafit.ch\/fr\/wp-json\/wp\/v2\/media\/10176"}],"wp:attachment":[{"href":"https:\/\/www.rehafit.ch\/fr\/wp-json\/wp\/v2\/media?parent=10442"}],"wp:term":[{"taxonomy":"product_brand","embeddable":true,"href":"https:\/\/www.rehafit.ch\/fr\/wp-json\/wp\/v2\/product_brand?post=10442"},{"taxonomy":"product_cat","embeddable":true,"href":"https:\/\/www.rehafit.ch\/fr\/wp-json\/wp\/v2\/product_cat?post=10442"},{"taxonomy":"product_tag","embeddable":true,"href":"https:\/\/www.rehafit.ch\/fr\/wp-json\/wp\/v2\/product_tag?post=10442"}],"curies":[{"name":"wp","href":"https:\/\/api.w.org\/{rel}","templated":true}]}}