{"id":10432,"date":"2021-08-29T11:58:59","date_gmt":"2021-09-22T08:21:05","guid":{"rendered":"https:\/\/www.rehafit.ch\/produkt\/entraineur-dexercices-premia-avec-compteur-multifonctions\/"},"modified":"2024-11-05T02:30:56","modified_gmt":"2024-11-05T02:30:56","slug":"exercise-trainer-premia-with-multifunction-counter","status":"publish","type":"product","link":"https:\/\/www.rehafit.ch\/fr\/Produit\/exercise-trainer-premia-with-multifunction-counter\/","title":{"rendered":"Entra\u00eeneur d&rsquo;exercices PREMIA + avec compteur multifonctions"},"content":{"rendered":"<p>Pour reconstruire la force musculaire, la remise en forme.<br \/>\nConvient aux muscles des jambes ou des bras.<\/p>\n<ul>\n<li>Largeur: 41cm<\/li>\n<li>Hauteur : 27cm<\/li>\n<li>Profondeur : 53,50<\/li>\n<li>Poids : 2,4 kg<\/li>\n<\/ul>\n<p>Le mod\u00e8le Premia + est \u00e9quip\u00e9 d&rsquo;un compteur multifonctionnel : dur\u00e9e d&rsquo;entra\u00eenement, nombre de tours par minute, consommation totale de calories.<\/p>\n","protected":false},"excerpt":{"rendered":"<p><span class=\"text_allg\"><img loading=\"lazy\" decoding=\"async\" class=\"alignnone wp-image-184\" src=\"https:\/\/www.rehafit.ch\/wp-content\/uploads\/2016\/12\/herdegen_logo.jpg\" alt=\"herdegen_logo\" width=\"120\" height=\"71\"><\/span><\/p>\n<p>Herdegen se caract\u00e9rise par des produits innovants tels que le si\u00e8ge de toilette sur\u00e9lev\u00e9 doux<a href=\"https:\/\/www.rehafit.ch\/produkt\/toilettensitzerhoehung-contact-plus\/\"> CONTACTER PLUS<\/a> ou la b\u00e9quille d&rsquo;avant-bras en mousse ADVANCE.<\/p>\n","protected":false},"featured_media":10260,"comment_status":"open","ping_status":"closed","template":"","meta":{"kt_blocks_editor_width":""},"product_brand":[],"product_cat":[117,119,199],"product_tag":[],"class_list":{"0":"post-10432","1":"product","2":"type-product","3":"status-publish","4":"has-post-thumbnail","6":"product_cat-aides-quotidiennes","7":"product_cat-pedale-dexercice","8":"product_cat-top-offres","10":"first","11":"instock","12":"taxable","13":"shipping-taxable","14":"purchasable","15":"product-type-simple"},"aioseo_notices":[],"_links":{"self":[{"href":"https:\/\/www.rehafit.ch\/fr\/wp-json\/wp\/v2\/product\/10432","targetHints":{"allow":["GET"]}}],"collection":[{"href":"https:\/\/www.rehafit.ch\/fr\/wp-json\/wp\/v2\/product"}],"about":[{"href":"https:\/\/www.rehafit.ch\/fr\/wp-json\/wp\/v2\/types\/product"}],"replies":[{"embeddable":true,"href":"https:\/\/www.rehafit.ch\/fr\/wp-json\/wp\/v2\/comments?post=10432"}],"wp:featuredmedia":[{"embeddable":true,"href":"https:\/\/www.rehafit.ch\/fr\/wp-json\/wp\/v2\/media\/10260"}],"wp:attachment":[{"href":"https:\/\/www.rehafit.ch\/fr\/wp-json\/wp\/v2\/media?parent=10432"}],"wp:term":[{"taxonomy":"product_brand","embeddable":true,"href":"https:\/\/www.rehafit.ch\/fr\/wp-json\/wp\/v2\/product_brand?post=10432"},{"taxonomy":"product_cat","embeddable":true,"href":"https:\/\/www.rehafit.ch\/fr\/wp-json\/wp\/v2\/product_cat?post=10432"},{"taxonomy":"product_tag","embeddable":true,"href":"https:\/\/www.rehafit.ch\/fr\/wp-json\/wp\/v2\/product_tag?post=10432"}],"curies":[{"name":"wp","href":"https:\/\/api.w.org\/{rel}","templated":true}]}}